{"id":82794,"date":"2023-12-14T03:07:10","date_gmt":"2023-12-14T02:07:10","guid":{"rendered":"https:\/\/www.soanam.de\/?post_type=product&#038;p=82794"},"modified":"2023-12-14T21:14:15","modified_gmt":"2023-12-14T20:14:15","slug":"soccx-manteau-matelasse-avec-capuche-amovible-en-noir-gr-l","status":"publish","type":"product","link":"https:\/\/www.soanam.de\/fr\/produkt\/soccx-steppmantel-mit-abnehmbarer-kapuze-in-schwarz-gr-l\/","title":{"rendered":"Soccx manteau matelass\u00e9 avec capuche amovible, en noir, taille L"},"content":{"rendered":"<p>Manteau matelass\u00e9 \u00e0 la mode de SOCCX<br \/>\nManteau d'hiver chauffant<br \/>\nCoupe \u00e9troite<br \/>\nfausse fourrure amovible sur la capuche amovible<br \/>\nAvec logo imprim\u00e9<br \/>\ndoublure et fermetures \u00e9clair de couleur contrast\u00e9e<br \/>\nPoches ext\u00e9rieures, poches poitrine, poche int\u00e9rieure<\/p>\n<p>Les surpiq\u00fbres asym\u00e9triques mettent habilement l'accent sur la taille, tout en laissant suffisamment d'espace libre gr\u00e2ce \u00e0 la coupe d\u00e9contract\u00e9e. Avec cela, la parka matelass\u00e9e de SOCCX a d\u00e9j\u00e0 gagn\u00e9.<br \/>\nLe deuxi\u00e8me point fort est la capuche d\u00e9tachable avec un bord en fourrure synth\u00e9tique amovible.<br \/>\nUn autre d\u00e9tail \u00e0 mentionner est la doublure contrast\u00e9e en rose vif, que l'on retrouve \u00e9galement sur les fermetures \u00e0 glissi\u00e8re.<br \/>\nDe nombreux logos imprim\u00e9s compl\u00e8tent habilement l'image globale de cette superbe parka.<\/p>\n<p>Mat\u00e9riau : polyester 100%<br \/>\nConseils d'entretien : Lavage en machine<\/p>\n<p>couleur : noir<br \/>\nmotif : logo imprim\u00e9<br \/>\nTaille : L<\/p>\n<p>Largeur des \u00e9paules : 40cm<br \/>\nTour de poitrine : 104cm<br \/>\nLongueur des manches : 63cm<br \/>\nlongueur totale : 87cm<\/p>","protected":false},"excerpt":{"rendered":"<table class=\"dv_characteristicsTable\">\n<tbody>\n<tr>\n<td class=\"left\">Taille<\/td>\n<td>L<\/td>\n<\/tr>\n<tr>\n<td class=\"left\">Gr\u00f6\u00dfentyp<\/td>\n<td>Normalgr\u00f6\u00dfen<\/td>\n<\/tr>\n<tr>\n<td class=\"left\">Composition du mat\u00e9riau<\/td>\n<td>100% Polyester<\/td>\n<\/tr>\n<tr>\n<td class=\"left\">Materialart<\/td>\n<td>Web<\/td>\n<\/tr>\n<tr>\n<td class=\"left\">Materialart Innenfutter<\/td>\n<td>Web<\/td>\n<\/tr>\n<tr>\n<td class=\"left\">Materialeigenschaften<\/td>\n<td>wasserabweisend, windabweisend<\/td>\n<\/tr>\n<tr>\n<td class=\"left\">Conseils d'entretien<\/td>\n<td>Lavage en machine<\/td>\n<\/tr>\n<tr>\n<td class=\"left\">Stil<\/td>\n<td>casual<\/td>\n<\/tr>\n<tr>\n<td class=\"left\">Couleur<\/td>\n<td>schwarz<\/td>\n<\/tr>\n<tr>\n<td class=\"left\">Kragen<\/td>\n<td>Col montant<\/td>\n<\/tr>\n<tr>\n<td class=\"left\">\u00c4rmel<\/td>\n<td>Manches longues<\/td>\n<\/tr>\n<tr>\n<td class=\"left\">\u00c4rmelabschluss<\/td>\n<td>Rippstrickb\u00fcndchen<\/td>\n<\/tr>\n<tr>\n<td class=\"left\">\u00c4rmeldetails<\/td>\n<td>mit Logo<\/td>\n<\/tr>\n<tr>\n<td class=\"left\">Coupe<\/td>\n<td>slim<\/td>\n<\/tr>\n<tr>\n<td class=\"left\">Capuche<\/td>\n<td>mit Kapuze<\/td>\n<\/tr>\n<tr>\n<td class=\"left\">Kapuzendetails<\/td>\n<td>abnehmbar<\/td>\n<\/tr>\n<tr>\n<td class=\"left\">Kapuzenf\u00fctterung<\/td>\n<td>in Kontrastfarbe<\/td>\n<\/tr>\n<tr>\n<td class=\"left\">Applikationen<\/td>\n<td>kontrastfarbene Details<\/td>\n<\/tr>\n<tr>\n<td class=\"left\">Sacs<\/td>\n<td>Pattentaschen, Eingrifftaschen, Brusttaschen<\/td>\n<\/tr>\n<tr>\n<td class=\"left\">Verschluss<\/td>\n<td>fermeture \u00e9clair \u00e0 double sens<\/td>\n<\/tr>\n<tr>\n<td class=\"left\">Besondere Merkmale<\/td>\n<td>\u00a0Kapuze mit Fellbesatz<\/td>\n<\/tr>\n<\/tbody>\n<\/table>","protected":false},"featured_media":82923,"comment_status":"open","ping_status":"closed","template":"","meta":{"_seopress_robots_primary_cat":"","_seopress_titles_title":"","_seopress_titles_desc":"","_seopress_robots_index":""},"product_brand":[],"product_cat":[1348,1354,1376],"product_tag":[],"class_list":{"0":"post-82794","1":"product","2":"type-product","3":"status-publish","4":"has-post-thumbnail","6":"product_cat-damen-mode","7":"product_cat-jacken-maentel","8":"product_cat-daunenjacken-steppjacken","9":"product_shipping_class-standard-versand","11":"first","12":"instock","13":"sale","14":"taxable","15":"shipping-taxable","16":"purchasable","17":"product-type-simple"},"_links":{"self":[{"href":"https:\/\/www.soanam.de\/fr\/wp-json\/wp\/v2\/product\/82794","targetHints":{"allow":["GET"]}}],"collection":[{"href":"https:\/\/www.soanam.de\/fr\/wp-json\/wp\/v2\/product"}],"about":[{"href":"https:\/\/www.soanam.de\/fr\/wp-json\/wp\/v2\/types\/product"}],"replies":[{"embeddable":true,"href":"https:\/\/www.soanam.de\/fr\/wp-json\/wp\/v2\/comments?post=82794"}],"wp:featuredmedia":[{"embeddable":true,"href":"https:\/\/www.soanam.de\/fr\/wp-json\/wp\/v2\/media\/82923"}],"wp:attachment":[{"href":"https:\/\/www.soanam.de\/fr\/wp-json\/wp\/v2\/media?parent=82794"}],"wp:term":[{"taxonomy":"product_brand","embeddable":true,"href":"https:\/\/www.soanam.de\/fr\/wp-json\/wp\/v2\/product_brand?post=82794"},{"taxonomy":"product_cat","embeddable":true,"href":"https:\/\/www.soanam.de\/fr\/wp-json\/wp\/v2\/product_cat?post=82794"},{"taxonomy":"product_tag","embeddable":true,"href":"https:\/\/www.soanam.de\/fr\/wp-json\/wp\/v2\/product_tag?post=82794"}],"curies":[{"name":"wp","href":"https:\/\/api.w.org\/{rel}","templated":true}]}}