{"id":82782,"date":"2023-12-14T03:06:34","date_gmt":"2023-12-14T02:06:34","guid":{"rendered":"https:\/\/www.soanam.de\/?post_type=product&#038;p=82782"},"modified":"2023-12-14T21:09:45","modified_gmt":"2023-12-14T20:09:45","slug":"s-oliver-robe-de-plage-avec-detail-de-noeud-dans-le-dos-en-kaki-gr-36","status":"publish","type":"product","link":"https:\/\/www.soanam.de\/fr\/produkt\/s-oliver-strandkleid-mit-knotendetail-im-ruecken-in-khaki-gr-36\/","title":{"rendered":"s.Oliver Robe de plage avec d\u00e9tail de n\u0153uds dans le dos, en kaki, t. 36"},"content":{"rendered":"<p>Robe de plage de s.Oliver<br \/>\nLarges bretelles<br \/>\nBandes \u00e0 nouer dans le dos<br \/>\n\u00c9lastique \u00e0 la taille<br \/>\nEncolure ronde<br \/>\nQualit\u00e9 douce de viscose<\/p>\n<p>C'est ici que se cache le point fort, au dos.<br \/>\nSur cette robe de plage de s.Oliver, les rubans \u00e0 nouer dans le dos cr\u00e9ent un effet wow.<br \/>\nLa partie jupe tombe l\u00e9g\u00e8rement \u00e9vas\u00e9e vers le bas et te donne une grande libert\u00e9 de mouvement.<br \/>\nLa viscose douce est id\u00e9ale pour les chaudes journ\u00e9es d'\u00e9t\u00e9. Il est super l\u00e9ger et agr\u00e9able \u00e0 porter sur la peau.<\/p>\n<p>Mati\u00e8re : 100% viscose<br \/>\nConseils d'entretien : Lavage en machine<\/p>\n<p>couleur : kaki<br \/>\n\u00c9chantillon : sans<br \/>\nTaille : 36<\/p>\n<p>largeur des \u00e9paules : 35cm<br \/>\nTour de poitrine : 96cm<br \/>\nLongueur des manches : ----<br \/>\nlongueur totale : 107cm<\/p>","protected":false},"excerpt":{"rendered":"<table class=\"dv_characteristicsTable\">\n<tbody>\n<tr>\n<td class=\"left\">Taille<\/td>\n<td>36<\/td>\n<\/tr>\n<tr>\n<td class=\"left\">Gr\u00f6\u00dfentyp<\/td>\n<td>Normalgr\u00f6\u00dfen<\/td>\n<\/tr>\n<tr>\n<td class=\"left\">Composition du mat\u00e9riau<\/td>\n<td>Viscose<\/td>\n<\/tr>\n<tr>\n<td class=\"left\">Conseils d'entretien<\/td>\n<td>Lavage en machine<\/td>\n<\/tr>\n<tr>\n<td class=\"left\">Materialeigenschaften<\/td>\n<td>nicht elastisch<\/td>\n<\/tr>\n<tr>\n<td class=\"left\"><\/td>\n<td><\/td>\n<\/tr>\n<tr>\n<td class=\"left\">Optik<\/td>\n<td>flie\u00dfend<\/td>\n<\/tr>\n<tr>\n<td class=\"left\">Stil<\/td>\n<td>modisch<\/td>\n<\/tr>\n<tr>\n<td class=\"left\">Ausschnitt<\/td>\n<td>Rundhals<\/td>\n<\/tr>\n<tr>\n<td class=\"left\">\u00c4rmel<\/td>\n<td>ohne Arm<\/td>\n<\/tr>\n<tr>\n<td class=\"left\">Coupe<\/td>\n<td>figurbetont<\/td>\n<\/tr>\n<tr>\n<td class=\"left\">L\u00e4nge<\/td>\n<td>mini<\/td>\n<\/tr>\n<tr>\n<td class=\"left\">Couleur<\/td>\n<td>khaki<\/td>\n<\/tr>\n<tr>\n<td class=\"left\">Merkmal<\/td>\n<td>Knoten<\/td>\n<\/tr>\n<tr>\n<td class=\"left\"><\/td>\n<td><\/td>\n<\/tr>\n<tr>\n<td class=\"left\"><\/td>\n<td><\/td>\n<\/tr>\n<\/tbody>\n<\/table>","protected":false},"featured_media":82883,"comment_status":"open","ping_status":"closed","template":"","meta":{"_seopress_robots_primary_cat":"","_seopress_titles_title":"","_seopress_titles_desc":"","_seopress_robots_index":""},"product_brand":[],"product_cat":[1348,1379,1542],"product_tag":[],"class_list":{"0":"post-82782","1":"product","2":"type-product","3":"status-publish","4":"has-post-thumbnail","6":"product_cat-damen-mode","7":"product_cat-kleider","8":"product_cat-traegerkleider","9":"product_shipping_class-standard-versand","11":"first","12":"instock","13":"taxable","14":"shipping-taxable","15":"purchasable","16":"product-type-simple"},"_links":{"self":[{"href":"https:\/\/www.soanam.de\/fr\/wp-json\/wp\/v2\/product\/82782","targetHints":{"allow":["GET"]}}],"collection":[{"href":"https:\/\/www.soanam.de\/fr\/wp-json\/wp\/v2\/product"}],"about":[{"href":"https:\/\/www.soanam.de\/fr\/wp-json\/wp\/v2\/types\/product"}],"replies":[{"embeddable":true,"href":"https:\/\/www.soanam.de\/fr\/wp-json\/wp\/v2\/comments?post=82782"}],"wp:featuredmedia":[{"embeddable":true,"href":"https:\/\/www.soanam.de\/fr\/wp-json\/wp\/v2\/media\/82883"}],"wp:attachment":[{"href":"https:\/\/www.soanam.de\/fr\/wp-json\/wp\/v2\/media?parent=82782"}],"wp:term":[{"taxonomy":"product_brand","embeddable":true,"href":"https:\/\/www.soanam.de\/fr\/wp-json\/wp\/v2\/product_brand?post=82782"},{"taxonomy":"product_cat","embeddable":true,"href":"https:\/\/www.soanam.de\/fr\/wp-json\/wp\/v2\/product_cat?post=82782"},{"taxonomy":"product_tag","embeddable":true,"href":"https:\/\/www.soanam.de\/fr\/wp-json\/wp\/v2\/product_tag?post=82782"}],"curies":[{"name":"wp","href":"https:\/\/api.w.org\/{rel}","templated":true}]}}