{"id":82761,"date":"2023-12-14T03:05:37","date_gmt":"2023-12-14T02:05:37","guid":{"rendered":"https:\/\/www.soanam.de\/?post_type=product&#038;p=82761"},"modified":"2023-12-14T03:09:52","modified_gmt":"2023-12-14T02:09:52","slug":"aniston-casual-robe-chemisier-a-volant-cannelle-gr-40","status":"publish","type":"product","link":"https:\/\/www.soanam.de\/fr\/produkt\/aniston-casual-blusenkleid-mit-volant-in-zimt-gr-40\/","title":{"rendered":"Aniston CASUAL Robe chemisier \u00e0 volants, cannelle, T. 40"},"content":{"rendered":"<p>Robe pour femme \u00e0 l'aspect doux et fluide<br \/>\nEncolure ronde<br \/>\nImprim\u00e9 \u00e0 fleurs all over<br \/>\nAvec sous-robe<br \/>\nCoupe au niveau du genou<br \/>\nVolant \u00e0 l'ourlet<br \/>\n\u00c9lastique au bas des manches<\/p>\n<p>Robe ludique de Aniston CASUAL, avec un imprim\u00e9 floral partout.<br \/>\nIl s'agit d'une robe midi \u00e0 la coupe d\u00e9contract\u00e9e qui arrive au genou, avec une sous-robe qui a un volant \u00e0 l'ourlet et qui est douce et fluide.<\/p>\n<p>Mat\u00e9riau : polyester 100%<br \/>\nConseils d'entretien : Lavage en machine<\/p>\n<p>Couleur : Cannelle<br \/>\nmotif : fleurs<br \/>\nTaille : 40<\/p>\n<p>Largeur des \u00e9paules : 38cm<br \/>\nTour de poitrine : 108cm<br \/>\nLongueur des manches : 61cm<br \/>\nlongueur totale : 102cm<\/p>\n<p><span style=\"font-family: -apple-system, BlinkMacSystemFont, 'Segoe UI', Roboto, Oxygen-Sans, Ubuntu, Cantarell, 'Helvetica Neue', sans-serif;\">Il s'agit pour ce nouvel article d'un retour client sans \u00e9tiquette.<\/span><\/p>","protected":false},"excerpt":{"rendered":"<table class=\"dv_characteristicsTable\">\n<tbody>\n<tr>\n<td class=\"left\">Taille<\/td>\n<td>40<\/td>\n<\/tr>\n<tr>\n<td class=\"left\">Gr\u00f6\u00dfentyp<\/td>\n<td>Normalgr\u00f6\u00dfen<\/td>\n<\/tr>\n<tr>\n<td class=\"left\">Composition du mat\u00e9riau<\/td>\n<td>100% Polyester<\/td>\n<\/tr>\n<tr>\n<td class=\"left\">Materialart<\/td>\n<td>Web<\/td>\n<\/tr>\n<tr>\n<td class=\"left\">Merkmal<\/td>\n<td>Unterkleid<\/td>\n<\/tr>\n<tr>\n<td class=\"left\">Conseils d'entretien<\/td>\n<td>Lavage en machine<\/td>\n<\/tr>\n<tr>\n<td class=\"left\">Stil<\/td>\n<td>modern<\/td>\n<\/tr>\n<tr>\n<td class=\"left\">Ausschnitt<\/td>\n<td>Rundhals<\/td>\n<\/tr>\n<tr>\n<td class=\"left\">\u00c4rmel<\/td>\n<td>Manches longues<\/td>\n<\/tr>\n<tr>\n<td class=\"left\">Coupe<\/td>\n<td>regular fit<\/td>\n<\/tr>\n<tr>\n<td class=\"left\">Schnittform L\u00e4nge<\/td>\n<td>midi<\/td>\n<\/tr>\n<tr>\n<td class=\"left\">Couleur<\/td>\n<td>zimt<\/td>\n<\/tr>\n<\/tbody>\n<\/table>","protected":false},"featured_media":82830,"comment_status":"open","ping_status":"closed","template":"","meta":{"_seopress_robots_primary_cat":"","_seopress_titles_title":"","_seopress_titles_desc":"","_seopress_robots_index":""},"product_brand":[],"product_cat":[1348,1379,1541],"product_tag":[],"class_list":{"0":"post-82761","1":"product","2":"type-product","3":"status-publish","4":"has-post-thumbnail","6":"product_cat-damen-mode","7":"product_cat-kleider","8":"product_cat-freizeitkleider","9":"product_shipping_class-standard-versand","11":"first","12":"instock","13":"sale","14":"taxable","15":"shipping-taxable","16":"purchasable","17":"product-type-simple"},"_links":{"self":[{"href":"https:\/\/www.soanam.de\/fr\/wp-json\/wp\/v2\/product\/82761","targetHints":{"allow":["GET"]}}],"collection":[{"href":"https:\/\/www.soanam.de\/fr\/wp-json\/wp\/v2\/product"}],"about":[{"href":"https:\/\/www.soanam.de\/fr\/wp-json\/wp\/v2\/types\/product"}],"replies":[{"embeddable":true,"href":"https:\/\/www.soanam.de\/fr\/wp-json\/wp\/v2\/comments?post=82761"}],"wp:featuredmedia":[{"embeddable":true,"href":"https:\/\/www.soanam.de\/fr\/wp-json\/wp\/v2\/media\/82830"}],"wp:attachment":[{"href":"https:\/\/www.soanam.de\/fr\/wp-json\/wp\/v2\/media?parent=82761"}],"wp:term":[{"taxonomy":"product_brand","embeddable":true,"href":"https:\/\/www.soanam.de\/fr\/wp-json\/wp\/v2\/product_brand?post=82761"},{"taxonomy":"product_cat","embeddable":true,"href":"https:\/\/www.soanam.de\/fr\/wp-json\/wp\/v2\/product_cat?post=82761"},{"taxonomy":"product_tag","embeddable":true,"href":"https:\/\/www.soanam.de\/fr\/wp-json\/wp\/v2\/product_tag?post=82761"}],"curies":[{"name":"wp","href":"https:\/\/api.w.org\/{rel}","templated":true}]}}