{"id":82757,"date":"2023-12-14T03:05:14","date_gmt":"2023-12-14T02:05:14","guid":{"rendered":"https:\/\/www.soanam.de\/?post_type=product&#038;p=82757"},"modified":"2023-12-14T03:09:27","modified_gmt":"2023-12-14T02:09:27","slug":"aniston-casual-maxi-robe-avec-imprime-animalier-noir-cannelle-gr-46","status":"publish","type":"product","link":"https:\/\/www.soanam.de\/fr\/produkt\/aniston-casual-maxikleid-mit-animal-print-in-schwarz-zimt-gr-46\/","title":{"rendered":"Aniston CASUAL Robe maxi avec imprim\u00e9 animalier, en noir, cannelle, T. 46"},"content":{"rendered":"<p>Robe pour femme \u00e0 l'aspect doux et fluide<br \/>\nPatte de boutonnage et col<br \/>\nAvec un imprim\u00e9 animalier au look de serpent<br \/>\nAvec sous-robe, doubl\u00e9e<br \/>\nSans cheville, coupe d\u00e9contract\u00e9e<br \/>\n\u00c9lastique \u00e0 la taille et au bas des manches<\/p>\n<p>Robe \u00e0 la mode de Aniston CASUAL, avec un imprim\u00e9 animalier au design peau de serpent.<br \/>\nIl s'agit d'une maxi-robe sans chevilles, \u00e0 la coupe d\u00e9contract\u00e9e, avec une patte de boutonnage et un col, doubl\u00e9e et d'une fluidit\u00e9 douce.<\/p>\n<p>Mati\u00e8re : 95% polyester, 5% \u00e9lastique<br \/>\nConseils d'entretien : Lavage en machine<\/p>\n<p>Couleur : noir, cannelle<br \/>\nmotif : look serpent<br \/>\nTaille : 46<\/p>\n<p>Largeur des \u00e9paules : 42cm<br \/>\nTour de poitrine : 114cm<br \/>\nLongueur des manches : 64cm<br \/>\nlongueur totale : 122cm<\/p>\n<p>Il s'agit pour ce nouvel article d'un retour client sans \u00e9tiquette.<\/p>","protected":false},"excerpt":{"rendered":"<table class=\"dv_characteristicsTable\">\n<tbody>\n<tr>\n<td class=\"left\">Taille<\/td>\n<td>46<\/td>\n<\/tr>\n<tr>\n<td class=\"left\">Gr\u00f6\u00dfentyp<\/td>\n<td>Normalgr\u00f6\u00dfen<\/td>\n<\/tr>\n<tr>\n<td class=\"left\">Composition du mat\u00e9riau<\/td>\n<td>95% Polyester, 5% Elasten<\/td>\n<\/tr>\n<tr>\n<td class=\"left\">Materialart<\/td>\n<td>Web<\/td>\n<\/tr>\n<tr>\n<td class=\"left\">Materialeigenschaften<\/td>\n<td>elastisch<\/td>\n<\/tr>\n<tr>\n<td class=\"left\">Conseils d'entretien<\/td>\n<td>Lavage en machine<\/td>\n<\/tr>\n<tr>\n<td class=\"left\">Stil<\/td>\n<td>modern<\/td>\n<\/tr>\n<tr>\n<td class=\"left\">Ausschnitt<\/td>\n<td>Kragen<\/td>\n<\/tr>\n<tr>\n<td class=\"left\">\u00c4rmel<\/td>\n<td>Manches longues<\/td>\n<\/tr>\n<tr>\n<td class=\"left\">Coupe<\/td>\n<td>regular fit<\/td>\n<\/tr>\n<tr>\n<td class=\"left\">Schnittform L\u00e4nge<\/td>\n<td>maxi<\/td>\n<\/tr>\n<tr>\n<td class=\"left\">Couleur<\/td>\n<td>schwarz, zimt<\/td>\n<\/tr>\n<\/tbody>\n<\/table>","protected":false},"featured_media":82825,"comment_status":"open","ping_status":"closed","template":"","meta":{"_seopress_robots_primary_cat":"","_seopress_titles_title":"","_seopress_titles_desc":"","_seopress_robots_index":""},"product_brand":[],"product_cat":[1348,1379,1541],"product_tag":[],"class_list":{"0":"post-82757","1":"product","2":"type-product","3":"status-publish","4":"has-post-thumbnail","6":"product_cat-damen-mode","7":"product_cat-kleider","8":"product_cat-freizeitkleider","9":"product_shipping_class-standard-versand","11":"first","12":"instock","13":"sale","14":"taxable","15":"shipping-taxable","16":"purchasable","17":"product-type-simple"},"_links":{"self":[{"href":"https:\/\/www.soanam.de\/fr\/wp-json\/wp\/v2\/product\/82757","targetHints":{"allow":["GET"]}}],"collection":[{"href":"https:\/\/www.soanam.de\/fr\/wp-json\/wp\/v2\/product"}],"about":[{"href":"https:\/\/www.soanam.de\/fr\/wp-json\/wp\/v2\/types\/product"}],"replies":[{"embeddable":true,"href":"https:\/\/www.soanam.de\/fr\/wp-json\/wp\/v2\/comments?post=82757"}],"wp:featuredmedia":[{"embeddable":true,"href":"https:\/\/www.soanam.de\/fr\/wp-json\/wp\/v2\/media\/82825"}],"wp:attachment":[{"href":"https:\/\/www.soanam.de\/fr\/wp-json\/wp\/v2\/media?parent=82757"}],"wp:term":[{"taxonomy":"product_brand","embeddable":true,"href":"https:\/\/www.soanam.de\/fr\/wp-json\/wp\/v2\/product_brand?post=82757"},{"taxonomy":"product_cat","embeddable":true,"href":"https:\/\/www.soanam.de\/fr\/wp-json\/wp\/v2\/product_cat?post=82757"},{"taxonomy":"product_tag","embeddable":true,"href":"https:\/\/www.soanam.de\/fr\/wp-json\/wp\/v2\/product_tag?post=82757"}],"curies":[{"name":"wp","href":"https:\/\/api.w.org\/{rel}","templated":true}]}}