{"id":82754,"date":"2023-12-14T03:05:13","date_gmt":"2023-12-14T02:05:13","guid":{"rendered":"https:\/\/www.soanam.de\/?post_type=product&#038;p=82754"},"modified":"2023-12-14T03:08:14","modified_gmt":"2023-12-14T02:08:14","slug":"q-s-by-s-oliver-robe-en-tricot-au-design-colourblocking-en-bleu-rouge-gris-gr-m","status":"publish","type":"product","link":"https:\/\/www.soanam.de\/fr\/produkt\/q-s-by-s-oliver-strickkleid-im-colourblocking-design-in-blau-rot-grau-gr-m\/","title":{"rendered":"Q\/S BY S.OLIVER Robe en tricot, design colourblocking, en bleu, rouge, gris, taille M"},"content":{"rendered":"<p>Robe en tricot de Q\/S BY S.OLIVER<br \/>\nEn bloc de couleurs<br \/>\nCoupe confortable<br \/>\nEn doux m\u00e9lange de viscose<\/p>\n<p>La robe en maille de Q\/S BY S.OLIVER permet d'obtenir facilement un look cool.<br \/>\nTricot fin et doux au design colourblocking, encolure ronde avec bord-c\u00f4te et points de couture flatlock, large bord-c\u00f4te aux manches et \u00e0 l'ourlet, ce ne sont que quelques caract\u00e9ristiques de cette super belle robe en tricot.<\/p>\n<p>&nbsp;<\/p>\n<p>Mati\u00e8re : 30% polyester, 30% polyamide, 20% coton, 20% viscose<br \/>\nConseils d'entretien : Lavage en machine<\/p>\n<p>couleur : bleu, rouge gris<br \/>\nmotif : color blocking<br \/>\nTaille : M<\/p>\n<p>largeur des \u00e9paules : 60cm<br \/>\nTour de poitrine : 112cm<br \/>\nLongueur des manches : 51cm<br \/>\nlongueur totale : 90cm<\/p>","protected":false},"excerpt":{"rendered":"<table class=\"dv_characteristicsTable\">\n<tbody>\n<tr>\n<td class=\"left\">Taille<\/td>\n<td>M<\/td>\n<\/tr>\n<tr>\n<td class=\"left\">Gr\u00f6\u00dfentyp<\/td>\n<td>Normalgr\u00f6\u00dfen<\/td>\n<\/tr>\n<tr>\n<td class=\"left\">Composition du mat\u00e9riau<\/td>\n<td>30% Polyester, 30% Polyamid, 20% Baumwolle, 20% Viskose<\/td>\n<\/tr>\n<tr>\n<td class=\"left\">Materialart<\/td>\n<td>Strick<\/td>\n<\/tr>\n<tr>\n<td class=\"left\">Materialeigenschaften<\/td>\n<td>elastisch<\/td>\n<\/tr>\n<tr>\n<td class=\"left\">Conseils d'entretien<\/td>\n<td>Lavage en machine<\/td>\n<\/tr>\n<tr>\n<td class=\"left\">Stil<\/td>\n<td>modern<\/td>\n<\/tr>\n<tr>\n<td class=\"left\">Ausschnitt<\/td>\n<td>Rundhals<\/td>\n<\/tr>\n<tr>\n<td class=\"left\">\u00c4rmel<\/td>\n<td>Manches longues<\/td>\n<\/tr>\n<tr>\n<td class=\"left\">Coupe<\/td>\n<td>regular fit<\/td>\n<\/tr>\n<tr>\n<td class=\"left\">Schnittform L\u00e4nge<\/td>\n<td>mini<\/td>\n<\/tr>\n<tr>\n<td class=\"left\">Couleur<\/td>\n<td>blau, rot, grau<\/td>\n<\/tr>\n<\/tbody>\n<\/table>","protected":false},"featured_media":82809,"comment_status":"open","ping_status":"closed","template":"","meta":{"_seopress_robots_primary_cat":"","_seopress_titles_title":"","_seopress_titles_desc":"","_seopress_robots_index":""},"product_brand":[],"product_cat":[1348,1379,1618],"product_tag":[],"class_list":{"0":"post-82754","1":"product","2":"type-product","3":"status-publish","4":"has-post-thumbnail","6":"product_cat-damen-mode","7":"product_cat-kleider","8":"product_cat-strickkleider","9":"product_shipping_class-standard-versand","11":"first","12":"instock","13":"taxable","14":"shipping-taxable","15":"purchasable","16":"product-type-simple"},"_links":{"self":[{"href":"https:\/\/www.soanam.de\/fr\/wp-json\/wp\/v2\/product\/82754","targetHints":{"allow":["GET"]}}],"collection":[{"href":"https:\/\/www.soanam.de\/fr\/wp-json\/wp\/v2\/product"}],"about":[{"href":"https:\/\/www.soanam.de\/fr\/wp-json\/wp\/v2\/types\/product"}],"replies":[{"embeddable":true,"href":"https:\/\/www.soanam.de\/fr\/wp-json\/wp\/v2\/comments?post=82754"}],"wp:featuredmedia":[{"embeddable":true,"href":"https:\/\/www.soanam.de\/fr\/wp-json\/wp\/v2\/media\/82809"}],"wp:attachment":[{"href":"https:\/\/www.soanam.de\/fr\/wp-json\/wp\/v2\/media?parent=82754"}],"wp:term":[{"taxonomy":"product_brand","embeddable":true,"href":"https:\/\/www.soanam.de\/fr\/wp-json\/wp\/v2\/product_brand?post=82754"},{"taxonomy":"product_cat","embeddable":true,"href":"https:\/\/www.soanam.de\/fr\/wp-json\/wp\/v2\/product_cat?post=82754"},{"taxonomy":"product_tag","embeddable":true,"href":"https:\/\/www.soanam.de\/fr\/wp-json\/wp\/v2\/product_tag?post=82754"}],"curies":[{"name":"wp","href":"https:\/\/api.w.org\/{rel}","templated":true}]}}