{"id":82749,"date":"2023-12-14T03:05:11","date_gmt":"2023-12-14T02:05:11","guid":{"rendered":"https:\/\/www.soanam.de\/?post_type=product&#038;p=82749"},"modified":"2023-12-14T03:07:17","modified_gmt":"2023-12-14T02:07:17","slug":"zeller-tischset-aus-filz-6-tlg-in-dunkelgrau-o-38-cm","status":"publish","type":"product","link":"https:\/\/www.soanam.de\/fr\/produkt\/zeller-tischset-aus-filz-6-tlg-in-dunkelgrau-o-38-cm\/","title":{"rendered":"Zeller Tischset aus Filz, 6-tlg. , in dunkelgrau,  \u00d8 38 cm"},"content":{"rendered":"<p>Filzunterlage f\u00fcr den Tisch<br \/>\nrunde Form<br \/>\nIm 6er Pack<br \/>\nDurchmesser des Produktes: 38 cm<br \/>\nklassische, dunkelgraue Farbe<br \/>\nminimalistisches Design ohne Muster<\/p>\n<p>Das Zeller Platzset aus Filz, \u00d8 38 cm bringt Abwechslung auf den Esstisch und sch\u00fctzt gleichzeitig die Oberfl\u00e4che des Tisches vor R\u00e4ndern und Verschmutzungen.<br \/>\nGereinigt werden die Unterlegen ganz einfach nur mit einem feuchten Tuch.<br \/>\nWie praktisch, auch als M\u00f6belunterlage sind diese Filzunterleger verwendbar.<\/p>\n<p>Farbe: anthrazit<br \/>\n\u00c9chantillon : sans<br \/>\nMat\u00e9riau : polyester 100%<br \/>\nPflege: feucht abwischen<\/p>\n<p>\u00d8 38 cm<\/p>","protected":false},"excerpt":{"rendered":"<div class=\"pdp_details__characteristics-html\">\n<table class=\"dv_characteristicsTable\">\n<tbody>\n<tr>\n<td class=\"left\">\n<div><\/div>\n<div>Material\u00a0 \u00a0Filz<\/div>\n<div>Farbe\u00a0 \u00a0 \u00a0 \u00a0anthrazit<\/div>\n<div>\u00a0Groesse 38 x 38 cm<\/div>\n<div>Teile\u00a0 \u00a0 \u00a0 \u00a0 \u00a06-tlg.<\/div>\n<div>Motiv.\u00a0 \u00a0 \u00a0 \u00a0ohne<\/div>\n<div>Besonderheit minimalistisch<\/div>\n<\/td>\n<td><\/td>\n<\/tr>\n<tr>\n<td class=\"left\"><\/td>\n<td><\/td>\n<\/tr>\n<tr>\n<td class=\"left\"><\/td>\n<td><\/td>\n<\/tr>\n<\/tbody>\n<\/table>\n<\/div>","protected":false},"featured_media":82795,"comment_status":"open","ping_status":"closed","template":"","meta":{"_seopress_robots_primary_cat":"","_seopress_titles_title":"","_seopress_titles_desc":"","_seopress_robots_index":""},"product_brand":[],"product_cat":[1400,1420],"product_tag":[],"class_list":{"0":"post-82749","1":"product","2":"type-product","3":"status-publish","4":"has-post-thumbnail","6":"product_cat-wohnzubehoer","7":"product_cat-wohndekoration","8":"product_shipping_class-standard-versand","10":"first","11":"instock","12":"taxable","13":"shipping-taxable","14":"purchasable","15":"product-type-simple"},"_links":{"self":[{"href":"https:\/\/www.soanam.de\/fr\/wp-json\/wp\/v2\/product\/82749","targetHints":{"allow":["GET"]}}],"collection":[{"href":"https:\/\/www.soanam.de\/fr\/wp-json\/wp\/v2\/product"}],"about":[{"href":"https:\/\/www.soanam.de\/fr\/wp-json\/wp\/v2\/types\/product"}],"replies":[{"embeddable":true,"href":"https:\/\/www.soanam.de\/fr\/wp-json\/wp\/v2\/comments?post=82749"}],"wp:featuredmedia":[{"embeddable":true,"href":"https:\/\/www.soanam.de\/fr\/wp-json\/wp\/v2\/media\/82795"}],"wp:attachment":[{"href":"https:\/\/www.soanam.de\/fr\/wp-json\/wp\/v2\/media?parent=82749"}],"wp:term":[{"taxonomy":"product_brand","embeddable":true,"href":"https:\/\/www.soanam.de\/fr\/wp-json\/wp\/v2\/product_brand?post=82749"},{"taxonomy":"product_cat","embeddable":true,"href":"https:\/\/www.soanam.de\/fr\/wp-json\/wp\/v2\/product_cat?post=82749"},{"taxonomy":"product_tag","embeddable":true,"href":"https:\/\/www.soanam.de\/fr\/wp-json\/wp\/v2\/product_tag?post=82749"}],"curies":[{"name":"wp","href":"https:\/\/api.w.org\/{rel}","templated":true}]}}