{"id":82748,"date":"2023-12-14T03:05:11","date_gmt":"2023-12-14T02:05:11","guid":{"rendered":"https:\/\/www.soanam.de\/?post_type=product&#038;p=82748"},"modified":"2023-12-14T03:07:13","modified_gmt":"2023-12-14T02:07:13","slug":"robe-portefeuille-mira-en-rose-blanc-a-pois-gr-l","status":"publish","type":"product","link":"https:\/\/www.soanam.de\/fr\/produkt\/wickelkleid-mira-in-rosa-weiss-gepunktet-gr-l\/","title":{"rendered":"Robe portefeuille Mira, \u00e0 pois roses et blancs, taille L"},"content":{"rendered":"<p>Robe en jersey de viscose couvrant le genou<br \/>\nEncolure en V<br \/>\nSans manches<br \/>\nRobe portefeuille \u00e0 nouer<br \/>\nAvec de gros points<\/p>\n<p>Cette robe deviendra votre pr\u00e9f\u00e9r\u00e9e car elle est irr\u00e9sistiblement confortable.<br \/>\nLa robe est fabriqu\u00e9e en jersey de viscose au tomb\u00e9 agr\u00e9able et doux.<br \/>\nIl s\u00e9duit par son confort gr\u00e2ce \u00e0 sa teneur en \u00e9lasthanne.<br \/>\nIl s'enroule et souligne votre taille.<\/p>\n<p>couleur : rose<br \/>\nmotif : points<br \/>\nMati\u00e8re : 92% viscose, 8% \u00e9lasthanne<br \/>\nEntretien : lavage d\u00e9licat<\/p>\n<p>Tour de poitrine : 90cm<br \/>\ntaille : 76cm<br \/>\nlongueur totale : 96cm<\/p>","protected":false},"excerpt":{"rendered":"<div class=\"pdp_details__characteristics-html\">\n<table class=\"dv_characteristicsTable\">\n<tbody>\n<tr>\n<td class=\"left\">\n<div><\/div>\n<div>Material\u00a0 92% Viskose, 8% Elasthan<\/div>\n<div>Farbe\u00a0 \u00a0 \u00a0 \u00a0rosa<\/div>\n<div>Groesse\u00a0 L<\/div>\n<div>Optik\u00a0 \u00a0 \u00a0 \u00a0 gepunktet<\/div>\n<div>Merkmal\u00a0 in der Taille gebunden<\/div>\n<\/td>\n<td><\/td>\n<\/tr>\n<tr>\n<td class=\"left\"><\/td>\n<td><\/td>\n<\/tr>\n<tr>\n<td class=\"left\"><\/td>\n<td><\/td>\n<\/tr>\n<\/tbody>\n<\/table>\n<\/div>","protected":false},"featured_media":82786,"comment_status":"open","ping_status":"closed","template":"","meta":{"_seopress_robots_primary_cat":"","_seopress_titles_title":"","_seopress_titles_desc":"","_seopress_robots_index":""},"product_brand":[],"product_cat":[1348,1379,1620],"product_tag":[],"class_list":{"0":"post-82748","1":"product","2":"type-product","3":"status-publish","4":"has-post-thumbnail","6":"product_cat-damen-mode","7":"product_cat-kleider","8":"product_cat-jerseykleider","9":"product_shipping_class-standard-versand","11":"first","12":"instock","13":"sale","14":"taxable","15":"shipping-taxable","16":"purchasable","17":"product-type-simple"},"_links":{"self":[{"href":"https:\/\/www.soanam.de\/fr\/wp-json\/wp\/v2\/product\/82748","targetHints":{"allow":["GET"]}}],"collection":[{"href":"https:\/\/www.soanam.de\/fr\/wp-json\/wp\/v2\/product"}],"about":[{"href":"https:\/\/www.soanam.de\/fr\/wp-json\/wp\/v2\/types\/product"}],"replies":[{"embeddable":true,"href":"https:\/\/www.soanam.de\/fr\/wp-json\/wp\/v2\/comments?post=82748"}],"wp:featuredmedia":[{"embeddable":true,"href":"https:\/\/www.soanam.de\/fr\/wp-json\/wp\/v2\/media\/82786"}],"wp:attachment":[{"href":"https:\/\/www.soanam.de\/fr\/wp-json\/wp\/v2\/media?parent=82748"}],"wp:term":[{"taxonomy":"product_brand","embeddable":true,"href":"https:\/\/www.soanam.de\/fr\/wp-json\/wp\/v2\/product_brand?post=82748"},{"taxonomy":"product_cat","embeddable":true,"href":"https:\/\/www.soanam.de\/fr\/wp-json\/wp\/v2\/product_cat?post=82748"},{"taxonomy":"product_tag","embeddable":true,"href":"https:\/\/www.soanam.de\/fr\/wp-json\/wp\/v2\/product_tag?post=82748"}],"curies":[{"name":"wp","href":"https:\/\/api.w.org\/{rel}","templated":true}]}}