{"id":82717,"date":"2023-12-14T02:33:18","date_gmt":"2023-12-14T01:33:18","guid":{"rendered":"https:\/\/www.soanam.de\/?post_type=product&#038;p=82717"},"modified":"2023-12-14T03:06:18","modified_gmt":"2023-12-14T02:06:18","slug":"robe-dete-avec-ceinture-en-noir-menthe-gr-m","status":"publish","type":"product","link":"https:\/\/www.soanam.de\/fr\/produkt\/sommerkleid-mit-bindeguertel-in-schwarz-mint-gr-m\/","title":{"rendered":"Robe d'\u00e9t\u00e9 avec ceinture \u00e0 nouer, en noir, menthe, taille M"},"content":{"rendered":"<p>Robe en jersey de viscose couvrant le genou<br \/>\nEncolure ronde<br \/>\nmanches coup\u00e9es<br \/>\npartie de couleur contrast\u00e9e sur la jupe<br \/>\nceintures \u00e0 nouer au niveau de la taille<\/p>\n<p>Que ce soit au quotidien ou pour une tenue plus chic, cette robe vous habillera toujours bien.<br \/>\nLa robe est fabriqu\u00e9e en jersey de viscose au tomb\u00e9 agr\u00e9able et doux.<br \/>\nIl s\u00e9duit par son confort gr\u00e2ce \u00e0 sa teneur en \u00e9lasthanne.<br \/>\nLa taille est soulign\u00e9e par une ceinture \u00e0 nouer non amovible.<\/p>\n<p>Couleur : noir, menthe<br \/>\nmotif : bloc de couleur<br \/>\nMati\u00e8re : 92% viscose, 8% \u00e9lasthanne<br \/>\nEntretien : lavage d\u00e9licat<\/p>\n<p>Tour de poitrine : 77cm<br \/>\ntaille : 72cm<br \/>\nlongueur totale : 93cm<\/p>","protected":false},"excerpt":{"rendered":"<div class=\"pdp_details__characteristics-html\">\n<table class=\"dv_characteristicsTable\">\n<tbody>\n<tr>\n<td class=\"left\">\n<div><\/div>\n<div>Material\u00a0 92% Viskose, 8% Elasthan<\/div>\n<div>Farbe\u00a0 \u00a0 \u00a0 \u00a0schwarz, mint<\/div>\n<div>Groesse\u00a0 M<\/div>\n<div>Optik\u00a0 \u00a0 \u00a0 \u00a0 Farbblock<\/div>\n<div>Merkmal\u00a0 fester Bindeguertel<\/div>\n<\/td>\n<td><\/td>\n<\/tr>\n<tr>\n<td class=\"left\"><\/td>\n<td><\/td>\n<\/tr>\n<tr>\n<td class=\"left\"><\/td>\n<td><\/td>\n<\/tr>\n<\/tbody>\n<\/table>\n<\/div>","protected":false},"featured_media":82773,"comment_status":"open","ping_status":"closed","template":"","meta":{"_seopress_robots_primary_cat":"","_seopress_titles_title":"","_seopress_titles_desc":"","_seopress_robots_index":""},"product_brand":[],"product_cat":[1348,1379,1620],"product_tag":[],"class_list":{"0":"post-82717","1":"product","2":"type-product","3":"status-publish","4":"has-post-thumbnail","6":"product_cat-damen-mode","7":"product_cat-kleider","8":"product_cat-jerseykleider","9":"product_shipping_class-standard-versand","11":"first","12":"instock","13":"sale","14":"taxable","15":"shipping-taxable","16":"purchasable","17":"product-type-simple"},"_links":{"self":[{"href":"https:\/\/www.soanam.de\/fr\/wp-json\/wp\/v2\/product\/82717","targetHints":{"allow":["GET"]}}],"collection":[{"href":"https:\/\/www.soanam.de\/fr\/wp-json\/wp\/v2\/product"}],"about":[{"href":"https:\/\/www.soanam.de\/fr\/wp-json\/wp\/v2\/types\/product"}],"replies":[{"embeddable":true,"href":"https:\/\/www.soanam.de\/fr\/wp-json\/wp\/v2\/comments?post=82717"}],"wp:featuredmedia":[{"embeddable":true,"href":"https:\/\/www.soanam.de\/fr\/wp-json\/wp\/v2\/media\/82773"}],"wp:attachment":[{"href":"https:\/\/www.soanam.de\/fr\/wp-json\/wp\/v2\/media?parent=82717"}],"wp:term":[{"taxonomy":"product_brand","embeddable":true,"href":"https:\/\/www.soanam.de\/fr\/wp-json\/wp\/v2\/product_brand?post=82717"},{"taxonomy":"product_cat","embeddable":true,"href":"https:\/\/www.soanam.de\/fr\/wp-json\/wp\/v2\/product_cat?post=82717"},{"taxonomy":"product_tag","embeddable":true,"href":"https:\/\/www.soanam.de\/fr\/wp-json\/wp\/v2\/product_tag?post=82717"}],"curies":[{"name":"wp","href":"https:\/\/api.w.org\/{rel}","templated":true}]}}