{"id":82672,"date":"2023-12-14T02:30:25","date_gmt":"2023-12-14T01:30:25","guid":{"rendered":"https:\/\/www.soanam.de\/?post_type=product&#038;p=82672"},"modified":"2023-12-14T03:05:15","modified_gmt":"2023-12-14T02:05:15","slug":"jupe-dete-fiona-avec-motif-floral-bleu-fonce-gr-l","status":"publish","type":"product","link":"https:\/\/www.soanam.de\/fr\/produkt\/sommerrock-fiona-mit-blumenmuster-in-dunkelblau-gr-l\/","title":{"rendered":"Jupe d'\u00e9t\u00e9 Fiona, avec motif floral, en bleu fonc\u00e9, taille L"},"content":{"rendered":"<p>jupe estivale en ligne A<br \/>\nl\u00e9g\u00e8rement \u00e9vas\u00e9<br \/>\ns'arr\u00eate au genou<\/p>\n<p>L'\u00e9t\u00e9 peut arriver - avec cette jupe d'\u00e9t\u00e9 l\u00e9g\u00e8re et confortable, vous \u00eates parfaitement \u00e9quip\u00e9e.<br \/>\nCette jupe color\u00e9e en jersey de viscose agr\u00e9ablement doux donne envie d'\u00e9t\u00e9 !<br \/>\nLe tissu a un magnifique motif \u00e0 fleurs.<br \/>\nLa jupe se place directement au niveau de la taille, la taille \u00e9lastique assure un maintien agr\u00e9able.<\/p>\n<p>Couleur : bleu fonc\u00e9<br \/>\nMati\u00e8re : 92% viscose, 8% \u00e9lasthanne<br \/>\nEntretien : lavage d\u00e9licat<\/p>\n<p>Tour de taille : 79cm<br \/>\nlongueur totale : 57cm<\/p>","protected":false},"excerpt":{"rendered":"<div class=\"pdp_details__characteristics-html\">\n<table class=\"dv_characteristicsTable\">\n<tbody>\n<tr>\n<td class=\"left\">\n<div><\/div>\n<div>Material\u00a0 \u00a0Viskose, Elasthan<\/div>\n<div>Farbe\u00a0 \u00a0 \u00a0 \u00a0dunkelblau<\/div>\n<div>Groesse\u00a0 L<\/div>\n<div>Optik\u00a0 \u00a0 \u00a0 \u00a0 gebluemt<\/div>\n<div>Merkmal\u00a0 \u00a0knieumspielend<\/div>\n<\/td>\n<td><\/td>\n<\/tr>\n<tr>\n<td class=\"left\"><\/td>\n<td><\/td>\n<\/tr>\n<tr>\n<td class=\"left\"><\/td>\n<td><\/td>\n<\/tr>\n<\/tbody>\n<\/table>\n<\/div>","protected":false},"featured_media":82746,"comment_status":"open","ping_status":"closed","template":"","meta":{"_seopress_robots_primary_cat":"","_seopress_titles_title":"","_seopress_titles_desc":"","_seopress_robots_index":""},"product_brand":[],"product_cat":[1348,1473,1474],"product_tag":[],"class_list":{"0":"post-82672","1":"product","2":"type-product","3":"status-publish","4":"has-post-thumbnail","6":"product_cat-damen-mode","7":"product_cat-roecke","8":"product_cat-midiroecke","9":"product_shipping_class-standard-versand","11":"first","12":"instock","13":"sale","14":"taxable","15":"shipping-taxable","16":"purchasable","17":"product-type-simple"},"_links":{"self":[{"href":"https:\/\/www.soanam.de\/fr\/wp-json\/wp\/v2\/product\/82672","targetHints":{"allow":["GET"]}}],"collection":[{"href":"https:\/\/www.soanam.de\/fr\/wp-json\/wp\/v2\/product"}],"about":[{"href":"https:\/\/www.soanam.de\/fr\/wp-json\/wp\/v2\/types\/product"}],"replies":[{"embeddable":true,"href":"https:\/\/www.soanam.de\/fr\/wp-json\/wp\/v2\/comments?post=82672"}],"wp:featuredmedia":[{"embeddable":true,"href":"https:\/\/www.soanam.de\/fr\/wp-json\/wp\/v2\/media\/82746"}],"wp:attachment":[{"href":"https:\/\/www.soanam.de\/fr\/wp-json\/wp\/v2\/media?parent=82672"}],"wp:term":[{"taxonomy":"product_brand","embeddable":true,"href":"https:\/\/www.soanam.de\/fr\/wp-json\/wp\/v2\/product_brand?post=82672"},{"taxonomy":"product_cat","embeddable":true,"href":"https:\/\/www.soanam.de\/fr\/wp-json\/wp\/v2\/product_cat?post=82672"},{"taxonomy":"product_tag","embeddable":true,"href":"https:\/\/www.soanam.de\/fr\/wp-json\/wp\/v2\/product_tag?post=82672"}],"curies":[{"name":"wp","href":"https:\/\/api.w.org\/{rel}","templated":true}]}}