{"id":82605,"date":"2023-12-14T02:28:03","date_gmt":"2023-12-14T01:28:03","guid":{"rendered":"https:\/\/www.soanam.de\/?post_type=product&#038;p=82605"},"modified":"2023-12-14T02:31:52","modified_gmt":"2023-12-14T01:31:52","slug":"fussmatte-erdmaennchen-fuer-drinnen-und-draussen-70-x-45-cm","status":"publish","type":"product","link":"https:\/\/www.soanam.de\/fr\/produkt\/fussmatte-erdmaennchen-fuer-drinnen-und-draussen-70-x-45-cm\/","title":{"rendered":"Paillasson Suricate, Pour l'int\u00e9rieur et l'ext\u00e9rieur, 70 x 45 cm"},"content":{"rendered":"<p>Fussmatte mit Erdm\u00e4nnchen-Motiv<br \/>\nF\u00fcr drinnen und draussen<br \/>\nRutschhemmend<br \/>\nAus langlebigem PVC<\/p>\n<p>Die neue Fu\u00dfmatte Motiv Erdm\u00e4nnchen ist wie geschaffen f\u00fcr die k\u00fchle Jahreszeit.<br \/>\nDank ihrer rutschhemmenden Beschaffenheit und der extra gro\u00dfen Ausf\u00fchrung sind Sie jetzt f\u00fcr alle Herausforderungen ger\u00fcstet: Der Schmutz bleibt da, wo er hingeh\u00f6rt - auf der Matte, und wird nicht in die Wohnung getragen.<br \/>\nDazu noch das s\u00fc\u00dfe Motiv der putzigen Erdm\u00e4nnchen - ein Hingucker!<\/p>\n<p>Material: Polyester \/ PVC<br \/>\nFarbe: beige-braun<br \/>\nMuster: Erdm\u00e4nnchen<br \/>\nGr\u00f6\u00dfe: 70 x 45 cm<\/p>","protected":false},"excerpt":{"rendered":"<div class=\"pdp_details__characteristics-html\">\n<table class=\"dv_characteristicsTable\">\n<tbody>\n<tr>\n<td class=\"left\">\n<div>EAN\u00a0 \u00a0 \u00a0 \u00a0 \u00a0 4713809509327<\/div>\n<div>Material\u00a0 \u00a0PVC, Polyester<\/div>\n<div>Farbe\u00a0 \u00a0 \u00a0 \u00a0beige-braun<\/div>\n<div>\u00a0Groesse\u00a0 70 x 45 cm<\/div>\n<\/td>\n<td><\/td>\n<\/tr>\n<tr>\n<td class=\"left\"><\/td>\n<td><\/td>\n<\/tr>\n<tr>\n<td class=\"left\"><\/td>\n<td><\/td>\n<\/tr>\n<\/tbody>\n<\/table>\n<\/div>","protected":false},"featured_media":82698,"comment_status":"open","ping_status":"closed","template":"","meta":{"_seopress_robots_primary_cat":"","_seopress_titles_title":"","_seopress_titles_desc":"","_seopress_robots_index":""},"product_brand":[],"product_cat":[1400,1420],"product_tag":[],"class_list":{"0":"post-82605","1":"product","2":"type-product","3":"status-publish","4":"has-post-thumbnail","6":"product_cat-wohnzubehoer","7":"product_cat-wohndekoration","8":"product_shipping_class-standard-versand","10":"first","11":"instock","12":"taxable","13":"shipping-taxable","14":"purchasable","15":"product-type-simple"},"_links":{"self":[{"href":"https:\/\/www.soanam.de\/fr\/wp-json\/wp\/v2\/product\/82605","targetHints":{"allow":["GET"]}}],"collection":[{"href":"https:\/\/www.soanam.de\/fr\/wp-json\/wp\/v2\/product"}],"about":[{"href":"https:\/\/www.soanam.de\/fr\/wp-json\/wp\/v2\/types\/product"}],"replies":[{"embeddable":true,"href":"https:\/\/www.soanam.de\/fr\/wp-json\/wp\/v2\/comments?post=82605"}],"wp:featuredmedia":[{"embeddable":true,"href":"https:\/\/www.soanam.de\/fr\/wp-json\/wp\/v2\/media\/82698"}],"wp:attachment":[{"href":"https:\/\/www.soanam.de\/fr\/wp-json\/wp\/v2\/media?parent=82605"}],"wp:term":[{"taxonomy":"product_brand","embeddable":true,"href":"https:\/\/www.soanam.de\/fr\/wp-json\/wp\/v2\/product_brand?post=82605"},{"taxonomy":"product_cat","embeddable":true,"href":"https:\/\/www.soanam.de\/fr\/wp-json\/wp\/v2\/product_cat?post=82605"},{"taxonomy":"product_tag","embeddable":true,"href":"https:\/\/www.soanam.de\/fr\/wp-json\/wp\/v2\/product_tag?post=82605"}],"curies":[{"name":"wp","href":"https:\/\/api.w.org\/{rel}","templated":true}]}}