{"id":82604,"date":"2023-12-14T02:28:02","date_gmt":"2023-12-14T01:28:02","guid":{"rendered":"https:\/\/www.soanam.de\/?post_type=product&#038;p=82604"},"modified":"2023-12-14T02:31:44","modified_gmt":"2023-12-14T01:31:44","slug":"milton-matrix-casserole-3-stk-in-weiss-gold-verschiedene-groessen","status":"publish","type":"product","link":"https:\/\/www.soanam.de\/fr\/produkt\/milton-matrix-casserole-3-stk-in-weiss-gold-verschiedene-groessen\/","title":{"rendered":"Milton Matrix Casserole, 3 pi\u00e8ces, en blanc et or, diff\u00e9rentes tailles"},"content":{"rendered":"<p>3-teiliges Kasserollen Set<br \/>\nF\u00fcr schnelles und langes Warmhalten von Speisen<br \/>\nAuch zum K\u00fchlen geeignet<br \/>\nAus langlebigem Qualit\u00e4tsstahl<br \/>\nFassungsverm\u00f6gen 500 ml, 1000 ml, 1500 ml<\/p>\n<p>Der doppelwandige Innentopf aus Edelstahl h\u00e4lt Speisen stundenlang hei\u00df und frisch<\/p>\n<p>Der funktionelle und auslaufsichere Deckel der Behaelter aus langlebigem Qualit\u00e4tsstahl mit integrierten Seitengriffen erm\u00f6glicht einen einfachen Griff, der mit einer einfachen Bewegung ge\u00f6ffnet oder geschlossen werden kann und die W\u00e4rme effektiv im Auflauf oder hei\u00dfen Topf einschlie\u00dft<\/p>\n<p>Farbe: Weiss-Gold<\/p>\n<p>Material: Innen Edelstahl, Assen Plastik<\/p>\n<p>Packungsinhalt: 3-teiliger Fiesta-Auflauf mit 500 ml, 1000 ml, 1500 ml Fassungsvermoegen<\/p>","protected":false},"excerpt":{"rendered":"<div class=\"pdp_details__characteristics-html\">\n<table class=\"dv_characteristicsTable\">\n<tbody>\n<tr>\n<td class=\"left\">\n<div>EAN\u00a0 \u00a0 \u00a0 \u00a0 \u00a0 8902061019255<\/div>\n<div>Material\u00a0 \u00a0PVC, rostfreier Stahl<\/div>\n<div>Farbe\u00a0 \u00a0 \u00a0 \u00a0weiss-gold<\/div>\n<div>\u00a0Fassungsverm\u00f6gen 500 ml, 1000 ml, 1500 ml<\/div>\n<\/td>\n<td><\/td>\n<\/tr>\n<tr>\n<td class=\"left\"><\/td>\n<td><\/td>\n<\/tr>\n<tr>\n<td class=\"left\"><\/td>\n<td><\/td>\n<\/tr>\n<\/tbody>\n<\/table>\n<\/div>","protected":false},"featured_media":82693,"comment_status":"open","ping_status":"closed","template":"","meta":{"_seopress_robots_primary_cat":"","_seopress_titles_title":"","_seopress_titles_desc":"","_seopress_robots_index":""},"product_brand":[],"product_cat":[1400,1401],"product_tag":[],"class_list":{"0":"post-82604","1":"product","2":"type-product","3":"status-publish","4":"has-post-thumbnail","6":"product_cat-wohnzubehoer","7":"product_cat-haushaltswaren","8":"product_shipping_class-standard-versand","10":"first","11":"instock","12":"sale","13":"taxable","14":"shipping-taxable","15":"purchasable","16":"product-type-simple"},"_links":{"self":[{"href":"https:\/\/www.soanam.de\/fr\/wp-json\/wp\/v2\/product\/82604","targetHints":{"allow":["GET"]}}],"collection":[{"href":"https:\/\/www.soanam.de\/fr\/wp-json\/wp\/v2\/product"}],"about":[{"href":"https:\/\/www.soanam.de\/fr\/wp-json\/wp\/v2\/types\/product"}],"replies":[{"embeddable":true,"href":"https:\/\/www.soanam.de\/fr\/wp-json\/wp\/v2\/comments?post=82604"}],"wp:featuredmedia":[{"embeddable":true,"href":"https:\/\/www.soanam.de\/fr\/wp-json\/wp\/v2\/media\/82693"}],"wp:attachment":[{"href":"https:\/\/www.soanam.de\/fr\/wp-json\/wp\/v2\/media?parent=82604"}],"wp:term":[{"taxonomy":"product_brand","embeddable":true,"href":"https:\/\/www.soanam.de\/fr\/wp-json\/wp\/v2\/product_brand?post=82604"},{"taxonomy":"product_cat","embeddable":true,"href":"https:\/\/www.soanam.de\/fr\/wp-json\/wp\/v2\/product_cat?post=82604"},{"taxonomy":"product_tag","embeddable":true,"href":"https:\/\/www.soanam.de\/fr\/wp-json\/wp\/v2\/product_tag?post=82604"}],"curies":[{"name":"wp","href":"https:\/\/api.w.org\/{rel}","templated":true}]}}