{"id":82588,"date":"2023-12-14T02:27:37","date_gmt":"2023-12-14T01:27:37","guid":{"rendered":"https:\/\/www.soanam.de\/?post_type=product&#038;p=82588"},"modified":"2023-12-14T02:31:25","modified_gmt":"2023-12-14T01:31:25","slug":"wenko-housse-de-planche-a-repasser-margie-en-bleu-clair-bleu-130-x-51-cm","status":"publish","type":"product","link":"https:\/\/www.soanam.de\/fr\/produkt\/wenko-buegelbrettbezug-margie-in-hellblau-gebluemt-130-x-51-cm\/","title":{"rendered":"Housse de planche \u00e0 repasser Wenko Margie, en bleu clair fleuri, 130 x 51 cm"},"content":{"rendered":"<p>Housse sp\u00e9ciale pour planche \u00e0 repasser avec fonction glisse<br \/>\nPour un repassage plus rapide et plus facile<br \/>\nEffet d'\u00e9conomie d'\u00e9nergie gr\u00e2ce au rev\u00eatement en aluminium sur la face inf\u00e9rieure<br \/>\nAvec un rembourrage en mousse extra-fort<br \/>\nDimensions : 130 x 51 cm<\/p>\n<p>Housse de planche \u00e0 repasser 'Margie' de Wenko.<\/p>\n<p>Housse de planche \u00e0 repasser sp\u00e9ciale avec fonction glisse. Pour un repassage plus rapide et plus facile avec 50% gain de temps. Il suffit de faire glisser le fer sur la zone pr\u00e9par\u00e9e. Vous constaterez imm\u00e9diatement \u00e0 quel point le fer glisse facilement et sans probl\u00e8me sur la pi\u00e8ce \u00e0 repasser. Effet d'\u00e9conomie d'\u00e9nergie gr\u00e2ce au rev\u00eatement en aluminium sur la face inf\u00e9rieure. Avec un rembourrage en mousse extr\u00eamement \u00e9pais (4 mm) qui prot\u00e8ge le linge et un clip de serrage.<\/p>\n<p>Pour des tailles de table \u00e0 repasser jusqu'\u00e0 127 x 45 cm. Dimensions L x l env. : 130 x 51 cm. Fabriqu\u00e9 en Allemagne.<\/p>\n<p>Mati\u00e8re : 100% coton<br \/>\ncouleur : bleu clair<br \/>\nmotif : fleurs<br \/>\nTaille : 130 x 51 cm<\/p>","protected":false},"excerpt":{"rendered":"<div class=\"pdp_details__characteristics-html\">\n<table class=\"dv_characteristicsTable\">\n<tbody>\n<tr>\n<td class=\"left\">\n<div>EAN\u00a0 \u00a0 \u00a0 \u00a0 \u00a0 <span style=\"font-family: inherit; font-size: inherit;\">4008069004973<\/span><\/div>\n<div>Mat\u00e9riau\u00a0 \u00a0 <span style=\"font-family: inherit; font-size: inherit;\">Stoff aus 100% Baumwolle, unterseitige Beschichtung Aluminium, Schaumstoffpolster: Polyurethan<\/span><\/div>\n<div>Couleur\u00a0 \u00a0 \u00a0 \u00a0 <span style=\"font-family: inherit; font-size: inherit;\">Bleu clair<\/span><\/div>\n<div>L\u00e4nge.\u00a0 \u00a0 \u00a0 <span style=\"font-family: inherit; font-size: inherit;\">130 cm<\/span><\/div>\n<div>Breite.\u00a0 \u00a0 \u00a0 \u00a0<span style=\"font-family: inherit; font-size: inherit;\">51 cm<\/span><\/div>\n<\/td>\n<td><\/td>\n<\/tr>\n<tr>\n<td class=\"left\"><\/td>\n<td><\/td>\n<\/tr>\n<tr>\n<td class=\"left\"><\/td>\n<td><\/td>\n<\/tr>\n<\/tbody>\n<\/table>\n<\/div>","protected":false},"featured_media":82690,"comment_status":"open","ping_status":"closed","template":"","meta":{"_seopress_robots_primary_cat":"","_seopress_titles_title":"","_seopress_titles_desc":"","_seopress_robots_index":""},"product_brand":[],"product_cat":[1400,1401],"product_tag":[],"class_list":{"0":"post-82588","1":"product","2":"type-product","3":"status-publish","4":"has-post-thumbnail","6":"product_cat-wohnzubehoer","7":"product_cat-haushaltswaren","8":"product_shipping_class-standard-versand","10":"first","11":"instock","12":"sale","13":"taxable","14":"shipping-taxable","15":"purchasable","16":"product-type-simple"},"_links":{"self":[{"href":"https:\/\/www.soanam.de\/fr\/wp-json\/wp\/v2\/product\/82588","targetHints":{"allow":["GET"]}}],"collection":[{"href":"https:\/\/www.soanam.de\/fr\/wp-json\/wp\/v2\/product"}],"about":[{"href":"https:\/\/www.soanam.de\/fr\/wp-json\/wp\/v2\/types\/product"}],"replies":[{"embeddable":true,"href":"https:\/\/www.soanam.de\/fr\/wp-json\/wp\/v2\/comments?post=82588"}],"wp:featuredmedia":[{"embeddable":true,"href":"https:\/\/www.soanam.de\/fr\/wp-json\/wp\/v2\/media\/82690"}],"wp:attachment":[{"href":"https:\/\/www.soanam.de\/fr\/wp-json\/wp\/v2\/media?parent=82588"}],"wp:term":[{"taxonomy":"product_brand","embeddable":true,"href":"https:\/\/www.soanam.de\/fr\/wp-json\/wp\/v2\/product_brand?post=82588"},{"taxonomy":"product_cat","embeddable":true,"href":"https:\/\/www.soanam.de\/fr\/wp-json\/wp\/v2\/product_cat?post=82588"},{"taxonomy":"product_tag","embeddable":true,"href":"https:\/\/www.soanam.de\/fr\/wp-json\/wp\/v2\/product_tag?post=82588"}],"curies":[{"name":"wp","href":"https:\/\/api.w.org\/{rel}","templated":true}]}}