{"id":82566,"date":"2023-12-14T02:27:11","date_gmt":"2023-12-14T01:27:11","guid":{"rendered":"https:\/\/www.soanam.de\/?post_type=product&#038;p=82566"},"modified":"2023-12-14T02:30:06","modified_gmt":"2023-12-14T01:30:06","slug":"kuebler-beanie-strickmuetze-in-anthrazit-meliert-einheitsgroesse","status":"publish","type":"product","link":"https:\/\/www.soanam.de\/fr\/produkt\/kuebler-beanie-strickmuetze-in-anthrazit-meliert-einheitsgroesse\/","title":{"rendered":"K\u00fcbler Beanie, bonnet tricot\u00e9 en anthracite chin\u00e9, taille unique"},"content":{"rendered":"<p>Beanie in melierter Strickoptik<br \/>\nSaum mit breitem Rippenstrickb\u00fcndchen<br \/>\nKlassische Passform<br \/>\nInnen mit Fleece gef\u00fcttert<br \/>\nLabel auf der Vorderseite<\/p>\n<p>Klassische Strickm\u00fctze f\u00fcr M\u00e4nner und Frauen.<br \/>\nSie hat ein angenehmes Material mit hohem Tragekomfort und passt, dank ihrer Einheitsgr\u00f6\u00dfe, jedem.<br \/>\nIm Innern ist die M\u00fctze mit kuschelweichem Fleece gef\u00fcttert.<br \/>\nSie k\u00f6nnen die M\u00fctze problemlos bei 30 Grad waschen.<\/p>\n<p>Material: 100% Polyacryl, Innenfutter: 100% Polyester<br \/>\nConseils d'entretien : Lavage en machine<\/p>\n<p>Farbe: anthrazit<br \/>\nGr\u00f6\u00dfe: Einheitsgr\u00f6\u00dfe<\/p>","protected":false},"excerpt":{"rendered":"<table class=\"dv_characteristicsTable\">\n<tbody>\n<tr>\n<td class=\"left\">\n<div class=\"pl_grid-col-12 pl_grid-col-lg-7 pl_grid-col-lg--fill-remaining-space-with-block-color\">\n<div class=\"pl_block pdp_details js_pdp_details\">\n<div class=\"pl_text-expander pl_copy100 pdp_details__text-expander js_pdp_details__text-expander\" lang=\"de\">\n<div class=\"pdp_details__characteristics-html\">\n<table class=\"dv_characteristicsTable\">\n<tbody>\n<tr>\n<td class=\"left\">Taille<\/td>\n<td>Taille unique<\/td>\n<\/tr>\n<tr>\n<td class=\"left\">Composition du mat\u00e9riau<\/td>\n<td>100% Polyacrylique<\/td>\n<\/tr>\n<tr>\n<td class=\"left\">Mat\u00e9riau<\/td>\n<td>Polyacrylique<\/td>\n<\/tr>\n<tr>\n<td class=\"left\">Couleur<\/td>\n<td>anthrazit<\/td>\n<\/tr>\n<\/tbody>\n<\/table>\n<\/div>\n<\/div>\n<\/div>\n<\/div>\n<div class=\"pl_grid-col-12 pl_grid-col-lg-5 pl_grid-col-lg--no-vertical-gap pl_grid-col-lg--fill-remaining-space-with-block-color\">Merkmal\u00a0 \u00a0 \u00a0 \u00a0 \u00a0 \u00a0 \u00a0 \u00a0 \u00a0 \u00a0 \u00a0 \u00a0 \u00a0 \u00a0 \u00a0 \u00a0 \u00a0 Label<\/div>\n<div class=\"pl_grid-col-12\">\n<div class=\"pl_block pdp_reco-sponsored js_pdp_reco-sponsored\" data-variation-id=\"S0W0I0JB4XOA\">\n<div class=\"spa_formicary\" data-qa=\"slidingCinemaWidget\" data-tracking=\"{&quot;product_VariationId&quot;:&quot;S0W0I0JB4XOA&quot;,&quot;ot_AccPath_Suffix&quot;:&quot;DetailView&quot;}\">\n<div class=\"spa_formicary_info__box\"><\/div>\n<\/div>\n<\/div>\n<\/div>\n<\/td>\n<td><\/td>\n<\/tr>\n<tr>\n<td class=\"left\"><\/td>\n<td><\/td>\n<\/tr>\n<tr>\n<td class=\"left\"><\/td>\n<td><\/td>\n<\/tr>\n<tr>\n<td class=\"left\"><\/td>\n<td><\/td>\n<\/tr>\n<\/tbody>\n<\/table>\n<div class=\"pdp_details__characteristics-html\"><\/div>","protected":false},"featured_media":82659,"comment_status":"open","ping_status":"closed","template":"","meta":{"_seopress_robots_primary_cat":"","_seopress_titles_title":"","_seopress_titles_desc":"","_seopress_robots_index":""},"product_brand":[],"product_cat":[1345,1348,1357,1387,1605,1610],"product_tag":[],"class_list":{"0":"post-82566","1":"product","2":"type-product","3":"status-publish","4":"has-post-thumbnail","6":"product_cat-herrenmode","7":"product_cat-damen-mode","8":"product_cat-accessoires","9":"product_cat-accessoires-herrenmode","10":"product_cat-muetzen-accessoires","11":"product_cat-muetzen-accessoires-herrenmode","12":"product_shipping_class-standard-versand","14":"first","15":"instock","16":"sale","17":"taxable","18":"shipping-taxable","19":"purchasable","20":"product-type-simple"},"_links":{"self":[{"href":"https:\/\/www.soanam.de\/fr\/wp-json\/wp\/v2\/product\/82566","targetHints":{"allow":["GET"]}}],"collection":[{"href":"https:\/\/www.soanam.de\/fr\/wp-json\/wp\/v2\/product"}],"about":[{"href":"https:\/\/www.soanam.de\/fr\/wp-json\/wp\/v2\/types\/product"}],"replies":[{"embeddable":true,"href":"https:\/\/www.soanam.de\/fr\/wp-json\/wp\/v2\/comments?post=82566"}],"wp:featuredmedia":[{"embeddable":true,"href":"https:\/\/www.soanam.de\/fr\/wp-json\/wp\/v2\/media\/82659"}],"wp:attachment":[{"href":"https:\/\/www.soanam.de\/fr\/wp-json\/wp\/v2\/media?parent=82566"}],"wp:term":[{"taxonomy":"product_brand","embeddable":true,"href":"https:\/\/www.soanam.de\/fr\/wp-json\/wp\/v2\/product_brand?post=82566"},{"taxonomy":"product_cat","embeddable":true,"href":"https:\/\/www.soanam.de\/fr\/wp-json\/wp\/v2\/product_cat?post=82566"},{"taxonomy":"product_tag","embeddable":true,"href":"https:\/\/www.soanam.de\/fr\/wp-json\/wp\/v2\/product_tag?post=82566"}],"curies":[{"name":"wp","href":"https:\/\/api.w.org\/{rel}","templated":true}]}}