{"id":82544,"date":"2023-12-14T02:26:43","date_gmt":"2023-12-14T01:26:43","guid":{"rendered":"https:\/\/www.soanam.de\/?post_type=product&#038;p=82544"},"modified":"2023-12-14T02:28:44","modified_gmt":"2023-12-14T01:28:44","slug":"fussgut-3-4-leder-komfort-einlage-1-paar-gr-38","status":"publish","type":"product","link":"https:\/\/www.soanam.de\/fr\/produkt\/fussgut-3-4-leder-komfort-einlage-1-paar-gr-38\/","title":{"rendered":"Semelle orthop\u00e9dique 3\/4 confort en cuir, 1 paire, taille 38"},"content":{"rendered":"<p>Medizinprodukt<br \/>\nF\u00fcr Schuhe mit Wechselfu\u00dfbett<br \/>\nRembourrage pour \u00e9peron au talon<br \/>\nSupport de la vo\u00fbte longitudinale<br \/>\nPelote pour pied \u00e9tal\u00e9<br \/>\nBarre d'orteil en marteau<\/p>\n<p>Diese besonderen Leder-Einlagen zeichnen sich durch einen ausgekl\u00fcgelten Komfort f\u00fcr Ihre F\u00fc\u00dfe aus.<\/p>\n<p>Sie haben mit einer L\u00e4ngsgew\u00f6lbest\u00fctze, Spreizfu\u00dfpelotte, Hammerzehensteg und Fersenpolster fast alles, was man f\u00fcr ein gesundes und fu\u00dfgerechtes Laufen ben\u00f6tigt.<br \/>\nVon Orthop\u00e4den entwickelt, unterst\u00fctzen die Fu\u00dfbett-Einlagen den Fu\u00df in seinem nat\u00fcrlichen Bewegungsablauf, was Erm\u00fcdungserscheinungen vorbeugt und Ihre F\u00fc\u00dfe l\u00e4nger gesund und vital h\u00e4lt.<br \/>\nDie Laufsohle aus hochwertigem Echtleder ist hautfreundlich und sorgt f\u00fcr ein gutes Fu\u00df-Klima.<br \/>\nMedizinprodukt<\/p>\n<p>Material: Echtleder<\/p>\n<p>Taille : 38<\/p>","protected":false},"excerpt":{"rendered":"<table class=\"dv_characteristicsTable\">\n<tbody>\n<tr>\n<td class=\"left\">Taille<\/td>\n<td>38<\/td>\n<\/tr>\n<tr>\n<td class=\"left\">Anzahl Teile<\/td>\n<td>1 Paar<\/td>\n<\/tr>\n<tr>\n<td class=\"left\">Besondere Merkmale<\/td>\n<td>sehr bequem<\/td>\n<\/tr>\n<tr>\n<td class=\"left\">Anwendungsempfehlung<\/td>\n<td>regelm\u00e4\u00dfig anwenden<\/td>\n<\/tr>\n<tr>\n<td class=\"left\">Mat\u00e9riau<\/td>\n<td>Echtleder<\/td>\n<\/tr>\n<tr>\n<td class=\"left\">Besonderheit<\/td>\n<td>3\/4 Groesse<\/td>\n<\/tr>\n<tr>\n<td class=\"left\">Schuhweite<\/td>\n<td>normal<\/td>\n<\/tr>\n<tr>\n<td class=\"left\">Couleur<\/td>\n<td>grau, gruen, schwarz<\/td>\n<\/tr>\n<\/tbody>\n<\/table>\n<div class=\"pdp_details__characteristics-html\"><\/div>","protected":false},"featured_media":82636,"comment_status":"open","ping_status":"closed","template":"","meta":{"_seopress_robots_primary_cat":"","_seopress_titles_title":"","_seopress_titles_desc":"","_seopress_robots_index":""},"product_brand":[],"product_cat":[1345,1348,1357,1387,1558,1559],"product_tag":[],"class_list":{"0":"post-82544","1":"product","2":"type-product","3":"status-publish","4":"has-post-thumbnail","6":"product_cat-herrenmode","7":"product_cat-damen-mode","8":"product_cat-accessoires","9":"product_cat-accessoires-herrenmode","10":"product_cat-sonstiges-accessoires","11":"product_cat-sonstiges-accessoires-herrenmode","12":"product_shipping_class-standard-versand","14":"first","15":"instock","16":"taxable","17":"shipping-taxable","18":"purchasable","19":"product-type-simple"},"_links":{"self":[{"href":"https:\/\/www.soanam.de\/fr\/wp-json\/wp\/v2\/product\/82544","targetHints":{"allow":["GET"]}}],"collection":[{"href":"https:\/\/www.soanam.de\/fr\/wp-json\/wp\/v2\/product"}],"about":[{"href":"https:\/\/www.soanam.de\/fr\/wp-json\/wp\/v2\/types\/product"}],"replies":[{"embeddable":true,"href":"https:\/\/www.soanam.de\/fr\/wp-json\/wp\/v2\/comments?post=82544"}],"wp:featuredmedia":[{"embeddable":true,"href":"https:\/\/www.soanam.de\/fr\/wp-json\/wp\/v2\/media\/82636"}],"wp:attachment":[{"href":"https:\/\/www.soanam.de\/fr\/wp-json\/wp\/v2\/media?parent=82544"}],"wp:term":[{"taxonomy":"product_brand","embeddable":true,"href":"https:\/\/www.soanam.de\/fr\/wp-json\/wp\/v2\/product_brand?post=82544"},{"taxonomy":"product_cat","embeddable":true,"href":"https:\/\/www.soanam.de\/fr\/wp-json\/wp\/v2\/product_cat?post=82544"},{"taxonomy":"product_tag","embeddable":true,"href":"https:\/\/www.soanam.de\/fr\/wp-json\/wp\/v2\/product_tag?post=82544"}],"curies":[{"name":"wp","href":"https:\/\/api.w.org\/{rel}","templated":true}]}}