{"id":82541,"date":"2023-12-14T02:26:42","date_gmt":"2023-12-14T01:26:42","guid":{"rendered":"https:\/\/www.soanam.de\/?post_type=product&#038;p=82541"},"modified":"2023-12-14T02:28:33","modified_gmt":"2023-12-14T01:28:33","slug":"fussgut-bandage-hallux-coussin-souple-en-set-de-2-en-beige","status":"publish","type":"product","link":"https:\/\/www.soanam.de\/fr\/produkt\/fussgut-hallux-bandage-softkissen-im-2er-set-in-beige\/","title":{"rendered":"Fu\u00dfgut bandage hallux coussinet souple en set de 2, en beige"},"content":{"rendered":"<p>Id\u00e9al pour \u00eatre port\u00e9 dans une chaussure<br \/>\nTaille personnalis\u00e9e<br \/>\nUtilisable \u00e0 gauche et \u00e0 droite<br \/>\nTr\u00e8s doux et souple<\/p>\n<p>L'\u00e9carteur d'orteils Fu\u00dfGut est compos\u00e9 d'un gel tr\u00e8s doux, agr\u00e9able pour la peau et de haute qualit\u00e9 qui vous offre un confort de port des plus agr\u00e9ables.<br \/>\nGr\u00e2ce \u00e0 son gel tr\u00e8s souple et lisse, il s'adapte parfaitement aux contours de vos orteils.<br \/>\nL'\u00e9carteur d'orteils redresse le gros orteil et peut \u00e9viter les points de pression, les irritations de la peau et les frottements.<\/p>\n<p>Mat\u00e9riau : gel polym\u00e8re<br \/>\nConseils d'entretien : Lavage \u00e0 la main<\/p>\n<p>couleur : beige<br \/>\nTaille : one size<\/p>","protected":false},"excerpt":{"rendered":"<div class=\"pdp_details__characteristics-html\">\n<table class=\"dv_characteristicsTable\">\n<tbody>\n<tr>\n<td class=\"left\">Caract\u00e9ristiques<\/td>\n<td>gelenkschonend<br \/>\nkorrigierend<br \/>\nwiederverwendbar<\/td>\n<\/tr>\n<\/tbody>\n<\/table>\n<table class=\"dv_characteristicsTable\">\n<caption>FARBE<\/caption>\n<tbody>\n<tr>\n<td class=\"left\">Couleur<\/td>\n<td>natur<\/td>\n<\/tr>\n<\/tbody>\n<\/table>\n<table class=\"dv_characteristicsTable\">\n<caption>MAT\u00c9RIEL<\/caption>\n<tbody>\n<tr>\n<td class=\"left\">Mat\u00e9riau<\/td>\n<td>Gel polym\u00e8re<\/td>\n<\/tr>\n<tr>\n<td class=\"left\">Materialeigenschaften<\/td>\n<td>elastisch<\/td>\n<\/tr>\n<\/tbody>\n<\/table>\n<table class=\"dv_characteristicsTable\">\n<caption>HINWEISE<\/caption>\n<tbody>\n<tr>\n<td class=\"left\">Hinweise<\/td>\n<td>Taille unique<br \/>\nKann f\u00fcr rechts und links verwendet werden<\/td>\n<\/tr>\n<tr>\n<td class=\"left\">Conseils d'entretien<\/td>\n<td>Lavage \u00e0 la main<\/td>\n<\/tr>\n<\/tbody>\n<\/table>\n<\/div>\n<div class=\"pl_text-expander__toggle\"><\/div>","protected":false},"featured_media":82629,"comment_status":"open","ping_status":"closed","template":"","meta":{"_seopress_robots_primary_cat":"","_seopress_titles_title":"","_seopress_titles_desc":"","_seopress_robots_index":""},"product_brand":[],"product_cat":[1345,1348,1357,1387,1558,1559],"product_tag":[],"class_list":{"0":"post-82541","1":"product","2":"type-product","3":"status-publish","4":"has-post-thumbnail","6":"product_cat-herrenmode","7":"product_cat-damen-mode","8":"product_cat-accessoires","9":"product_cat-accessoires-herrenmode","10":"product_cat-sonstiges-accessoires","11":"product_cat-sonstiges-accessoires-herrenmode","12":"product_shipping_class-standard-versand","14":"first","15":"instock","16":"sale","17":"taxable","18":"shipping-taxable","19":"purchasable","20":"product-type-simple"},"_links":{"self":[{"href":"https:\/\/www.soanam.de\/fr\/wp-json\/wp\/v2\/product\/82541","targetHints":{"allow":["GET"]}}],"collection":[{"href":"https:\/\/www.soanam.de\/fr\/wp-json\/wp\/v2\/product"}],"about":[{"href":"https:\/\/www.soanam.de\/fr\/wp-json\/wp\/v2\/types\/product"}],"replies":[{"embeddable":true,"href":"https:\/\/www.soanam.de\/fr\/wp-json\/wp\/v2\/comments?post=82541"}],"wp:featuredmedia":[{"embeddable":true,"href":"https:\/\/www.soanam.de\/fr\/wp-json\/wp\/v2\/media\/82629"}],"wp:attachment":[{"href":"https:\/\/www.soanam.de\/fr\/wp-json\/wp\/v2\/media?parent=82541"}],"wp:term":[{"taxonomy":"product_brand","embeddable":true,"href":"https:\/\/www.soanam.de\/fr\/wp-json\/wp\/v2\/product_brand?post=82541"},{"taxonomy":"product_cat","embeddable":true,"href":"https:\/\/www.soanam.de\/fr\/wp-json\/wp\/v2\/product_cat?post=82541"},{"taxonomy":"product_tag","embeddable":true,"href":"https:\/\/www.soanam.de\/fr\/wp-json\/wp\/v2\/product_tag?post=82541"}],"curies":[{"name":"wp","href":"https:\/\/api.w.org\/{rel}","templated":true}]}}