{"id":82522,"date":"2023-12-14T02:26:16","date_gmt":"2023-12-14T01:26:16","guid":{"rendered":"https:\/\/www.soanam.de\/?post_type=product&#038;p=82522"},"modified":"2023-12-14T02:28:13","modified_gmt":"2023-12-14T01:28:13","slug":"le-jogger-boxer-en-pack-de-3-en-noir-rouge-taille-6-b-marchandise","status":"publish","type":"product","link":"https:\/\/www.soanam.de\/fr\/produkt\/le-jogger-boxer-im-3er-pack-in-schwarz-rot-groesse-6-b-ware\/","title":{"rendered":"le jogger\u00ae Boxer en pack de 3, en noir, rouge, taille 6, B-Ware"},"content":{"rendered":"<p>Boxer en pack de 3<br \/>\nEn coton \u00e9lastique<br \/>\nRayures \u00e0 la mode<br \/>\n2 x noir, 1 x rouge<\/p>\n<p>Toutes les bonnes choses vont par trois - comme ce pack de 3 boxers de Le Jogger !<br \/>\nLes boxers sont particuli\u00e8rement agr\u00e9ables \u00e0 porter et confortables gr\u00e2ce \u00e0 un m\u00e9lange de coton \u00e9lastique.<br \/>\nLe motif \u00e0 rayures du cale\u00e7on est \u00e0 la fois classique et \u00e0 la mode.<br \/>\nVous recevrez 2 boxers en noir et blanc et 1 boxer en rouge et blanc.<\/p>\n<p>Mat\u00e9riau : Ext\u00e9rieur : 90% coton, 5% \u00e9lasthanne, 5% polyester<br \/>\nConseils d'entretien Lavage en machine<\/p>\n<p>couleur : noir, rouge<br \/>\nmotif : rayures<br \/>\nTaille : 6<\/p>\n<p>Tour de taille : 77cm non \u00e9tir\u00e9<br \/>\nTour de taille : 106cm \u00e9tir\u00e9<br \/>\nlongueur totale : 24cm<\/p>\n<p>&nbsp;<\/p>\n<p>Attention : il s'agit ici d'un produit B. Bien que l'article soit neuf, les \u00e9tiquettes ne sont pas lisibles.<\/p>\n<p>&nbsp;<\/p>\n<p>&nbsp;<\/p>","protected":false},"excerpt":{"rendered":"<table class=\"dv_characteristicsTable\">\n<tbody>\n<tr>\n<td class=\"left\">Taille<\/td>\n<td>6<\/td>\n<\/tr>\n<tr>\n<td class=\"left\">Gr\u00f6\u00dfentyp<\/td>\n<td>Normalgr\u00f6\u00dfen<\/td>\n<\/tr>\n<\/tbody>\n<\/table>\n<table class=\"dv_characteristicsTable\">\n<tbody>\n<tr>\n<td class=\"left\">Couleur<\/td>\n<td>schwarz, rot<\/td>\n<\/tr>\n<\/tbody>\n<\/table>\n<table class=\"dv_characteristicsTable\">\n<tbody>\n<tr>\n<td class=\"left\">Conseils d'entretien<\/td>\n<td>Lavage en machine<\/td>\n<\/tr>\n<\/tbody>\n<\/table>\n<table class=\"dv_characteristicsTable\">\n<tbody>\n<tr>\n<td class=\"left\">Beinform<\/td>\n<td>eng anliegend<\/td>\n<\/tr>\n<tr>\n<td class=\"left\">Beinabschluss<\/td>\n<td>abgesteppte Kante<\/td>\n<\/tr>\n<tr>\n<td class=\"left\">Bundabschluss<\/td>\n<td>Umschlagbund<\/td>\n<\/tr>\n<\/tbody>\n<\/table>\n<table class=\"dv_characteristicsTable\">\n<tbody>\n<tr>\n<td class=\"left\">Composition du mat\u00e9riau<\/td>\n<td>90% Baumwolle, 5% Elasthan, 5% Polyester<\/td>\n<\/tr>\n<tr>\n<td class=\"left\">Materialart<\/td>\n<td>Jersey<\/td>\n<\/tr>\n<tr>\n<td class=\"left\">Materialeigenschaften<\/td>\n<td>elastisch<\/td>\n<\/tr>\n<\/tbody>\n<\/table>","protected":false},"featured_media":82614,"comment_status":"open","ping_status":"closed","template":"","meta":{"_seopress_robots_primary_cat":"","_seopress_titles_title":"","_seopress_titles_desc":"","_seopress_robots_index":""},"product_brand":[],"product_cat":[1345,1549,1550],"product_tag":[],"class_list":{"0":"post-82522","1":"product","2":"type-product","3":"status-publish","4":"has-post-thumbnail","6":"product_cat-herrenmode","7":"product_cat-unterwaesche-herrenmode","8":"product_cat-shorts-unterwaesche-herrenmode","9":"product_shipping_class-standard-versand","11":"first","12":"instock","13":"sale","14":"taxable","15":"shipping-taxable","16":"purchasable","17":"product-type-simple"},"_links":{"self":[{"href":"https:\/\/www.soanam.de\/fr\/wp-json\/wp\/v2\/product\/82522","targetHints":{"allow":["GET"]}}],"collection":[{"href":"https:\/\/www.soanam.de\/fr\/wp-json\/wp\/v2\/product"}],"about":[{"href":"https:\/\/www.soanam.de\/fr\/wp-json\/wp\/v2\/types\/product"}],"replies":[{"embeddable":true,"href":"https:\/\/www.soanam.de\/fr\/wp-json\/wp\/v2\/comments?post=82522"}],"wp:featuredmedia":[{"embeddable":true,"href":"https:\/\/www.soanam.de\/fr\/wp-json\/wp\/v2\/media\/82614"}],"wp:attachment":[{"href":"https:\/\/www.soanam.de\/fr\/wp-json\/wp\/v2\/media?parent=82522"}],"wp:term":[{"taxonomy":"product_brand","embeddable":true,"href":"https:\/\/www.soanam.de\/fr\/wp-json\/wp\/v2\/product_brand?post=82522"},{"taxonomy":"product_cat","embeddable":true,"href":"https:\/\/www.soanam.de\/fr\/wp-json\/wp\/v2\/product_cat?post=82522"},{"taxonomy":"product_tag","embeddable":true,"href":"https:\/\/www.soanam.de\/fr\/wp-json\/wp\/v2\/product_tag?post=82522"}],"curies":[{"name":"wp","href":"https:\/\/api.w.org\/{rel}","templated":true}]}}