{"id":82520,"date":"2023-12-14T02:26:16","date_gmt":"2023-12-14T01:26:16","guid":{"rendered":"https:\/\/www.soanam.de\/?post_type=product&#038;p=82520"},"modified":"2023-12-14T02:27:59","modified_gmt":"2023-12-14T01:27:59","slug":"my-home-schiebegardine-maria-2stk-mit-klettschiene-in-weiss-grau-groesse-57cmx225cm","status":"publish","type":"product","link":"https:\/\/www.soanam.de\/fr\/produkt\/my-home-schiebegardine-maria-2stk-mit-klettschiene-in-weiss-grau-groesse-57cmx225cm\/","title":{"rendered":"my home Schiebegardine Maria, 2Stk. mit Klettschiene, in Wei\u00df-Grau, Gr\u00f6\u00dfe 57cmx225cm"},"content":{"rendered":"<p>Tissu transparent<br \/>\nEinseitig bedruckt<br \/>\nLeicht gl\u00e4nzend<br \/>\nQualit\u00e9 l\u00e9g\u00e8re<br \/>\nlavable \u00e0 30 degr\u00e9s en cycle d\u00e9licat<\/p>\n<p>Ein elegant modernes Flair bringt die Schiebegardine Maria von My Home mit schicken Querstreifen in das eigene Zuhause, das durch feine Linienmuster sowie die harmonische Farbgebung noch abgerundet wird.<br \/>\nIm Lieferumfang sind zwei Gardinen enthalten, um den Fensterbereich beidseitig zu best\u00fccken.<br \/>\nDank der Klettschiene ist der Schiebevorhang mit wenigen Handgriffen angebracht. Die Beschwerungsstange sorgt f\u00fcr einen glatten Fall.<br \/>\nHergestellt wird der Schiebevorhang in seidig gl\u00e4nzender Qualit\u00e4t.<\/p>\n<p>Mat\u00e9riau : Dessus : 100% polyester<br \/>\nConseils d'entretien : Lavage d\u00e9licat<\/p>\n<p>Farbe: wei\u00df-grau<br \/>\nMuster: Querstreifen<br \/>\nGr\u00f6\u00dfe: 57cm x 225cm<\/p>\n<p>Remarque : les dimensions indiqu\u00e9es sont celles du tissu.<\/p>\n<p>Aufh\u00e4ngung erfolgt mittels Klettschiene in der Gardinenschiene oder an der Gardinenstange.<\/p>","protected":false},"excerpt":{"rendered":"<table class=\"dv_characteristicsTable\">\n<tbody>\n<tr>\n<td class=\"left\">Gewicht<\/td>\n<td>52 g\/m\u00b2<\/td>\n<\/tr>\n<tr>\n<td class=\"left\">Breite<\/td>\n<td>57 cm<\/td>\n<\/tr>\n<tr>\n<td class=\"left\">H\u00f6he<\/td>\n<td>225 cm<\/td>\n<\/tr>\n<\/tbody>\n<\/table>\n<table class=\"dv_characteristicsTable\">\n<tbody>\n<tr>\n<td class=\"left\">Aufh\u00e4ngung<\/td>\n<td>Klettschiene<\/td>\n<\/tr>\n<tr>\n<td class=\"left\">Abschluss<\/td>\n<td>gerader Abschluss<\/td>\n<\/tr>\n<\/tbody>\n<\/table>\n<table class=\"dv_characteristicsTable\">\n<tbody>\n<tr>\n<td class=\"left\">Couleur<\/td>\n<td>grau<\/td>\n<\/tr>\n<tr>\n<td class=\"left\">Transparenz<\/td>\n<td>transparent<\/td>\n<\/tr>\n<tr>\n<td class=\"left\">Oberfl\u00e4chenstruktur<\/td>\n<td>glatt<\/td>\n<\/tr>\n<tr>\n<td class=\"left\">Design<\/td>\n<td>gemustert<\/td>\n<\/tr>\n<tr>\n<td class=\"left\">Designerstellungsart<\/td>\n<td>bedruckt<\/td>\n<\/tr>\n<\/tbody>\n<\/table>\n<table class=\"dv_characteristicsTable\">\n<tbody>\n<tr>\n<td class=\"left\">Materialart<\/td>\n<td>Polyester<\/td>\n<\/tr>\n<tr>\n<td class=\"left\">Composition du mat\u00e9riau<\/td>\n<td>\u00a0100% Polyester<\/td>\n<\/tr>\n<tr>\n<td class=\"left\">Mat\u00e9riau<\/td>\n<td>Polyester<\/td>\n<\/tr>\n<\/tbody>\n<\/table>\n<table class=\"dv_characteristicsTable\">\n<tbody>\n<tr>\n<td class=\"left\">Anzahl Teile<\/td>\n<td>2 St.<\/td>\n<\/tr>\n<tr>\n<td class=\"left\">Contenu de la livraison<\/td>\n<td>Befestigungszubeh\u00f6r<br \/>\nMontageanleitung<\/td>\n<\/tr>\n<\/tbody>\n<\/table>\n<table class=\"dv_characteristicsTable\">\n<tbody>\n<tr>\n<td class=\"left\">Conseils d'entretien<\/td>\n<td>30\u00b0C Schonw\u00e4sche<\/td>\n<\/tr>\n<\/tbody>\n<\/table>\n<p>&nbsp;<\/p>\n<p>&nbsp;<\/p>\n<p>&nbsp;<\/p>","protected":false},"featured_media":82601,"comment_status":"open","ping_status":"closed","template":"","meta":{"_seopress_robots_primary_cat":"","_seopress_titles_title":"","_seopress_titles_desc":"","_seopress_robots_index":""},"product_brand":[],"product_cat":[1400,1420],"product_tag":[],"class_list":{"0":"post-82520","1":"product","2":"type-product","3":"status-publish","4":"has-post-thumbnail","6":"product_cat-wohnzubehoer","7":"product_cat-wohndekoration","8":"product_shipping_class-standard-versand","10":"first","11":"instock","12":"sale","13":"taxable","14":"shipping-taxable","15":"purchasable","16":"product-type-simple"},"_links":{"self":[{"href":"https:\/\/www.soanam.de\/fr\/wp-json\/wp\/v2\/product\/82520","targetHints":{"allow":["GET"]}}],"collection":[{"href":"https:\/\/www.soanam.de\/fr\/wp-json\/wp\/v2\/product"}],"about":[{"href":"https:\/\/www.soanam.de\/fr\/wp-json\/wp\/v2\/types\/product"}],"replies":[{"embeddable":true,"href":"https:\/\/www.soanam.de\/fr\/wp-json\/wp\/v2\/comments?post=82520"}],"wp:featuredmedia":[{"embeddable":true,"href":"https:\/\/www.soanam.de\/fr\/wp-json\/wp\/v2\/media\/82601"}],"wp:attachment":[{"href":"https:\/\/www.soanam.de\/fr\/wp-json\/wp\/v2\/media?parent=82520"}],"wp:term":[{"taxonomy":"product_brand","embeddable":true,"href":"https:\/\/www.soanam.de\/fr\/wp-json\/wp\/v2\/product_brand?post=82520"},{"taxonomy":"product_cat","embeddable":true,"href":"https:\/\/www.soanam.de\/fr\/wp-json\/wp\/v2\/product_cat?post=82520"},{"taxonomy":"product_tag","embeddable":true,"href":"https:\/\/www.soanam.de\/fr\/wp-json\/wp\/v2\/product_tag?post=82520"}],"curies":[{"name":"wp","href":"https:\/\/api.w.org\/{rel}","templated":true}]}}