{"id":82501,"date":"2023-12-14T02:25:52","date_gmt":"2023-12-14T01:25:52","guid":{"rendered":"https:\/\/www.soanam.de\/?post_type=product&#038;p=82501"},"modified":"2023-12-14T02:27:45","modified_gmt":"2023-12-14T01:27:45","slug":"home-affaire-raffrollo-gander-1stk-mit-schlaufen-in-weiss-sand-groesse-100cmx140cm","status":"publish","type":"product","link":"https:\/\/www.soanam.de\/fr\/produkt\/home-affaire-raffrollo-gander-1stk-mit-schlaufen-in-weiss-sand-groesse-100cmx140cm\/","title":{"rendered":"Home affaire Paroi japonaise Gander, 1pc. avec passants, en blanc-sable, taille 100cmx140cm"},"content":{"rendered":"<p>Tissu semi-transparent<br \/>\nMit farbiger Faltenblende<br \/>\nQualit\u00e9 l\u00e9g\u00e8re<br \/>\nFacile d'entretien<br \/>\nWaschbar bei 30 Grad im Schonwaschgang<\/p>\n<p>Das Raffrollo Gander aus der Home affaire collection ist eine edle Bereicherung und kommt mit seiner farbigen Faltenblende stilvoll zum Einsatz.<br \/>\nDas Rollo ist lichtdurchl\u00e4ssig und besteht aus transparentem Stoff in leichter Qualit\u00e4t.<br \/>\nMit dem Seitenzug kann es auf jeder beliebigen H\u00f6he gerafft und festgestellt werden.<br \/>\nUnkompliziert kann das Rollo mittels Schlaufen auf die vorhandene Gardinenstange gezogen werden.<br \/>\nEs ist pflegeleicht und wird bei Bedarf in der Waschmaschine gereinigt<\/p>\n<p>Mat\u00e9riau : Dessus : 100% polyester<br \/>\nConseils d'entretien : Lavage d\u00e9licat<\/p>\n<p>Farbe: wei\u00df-sand<br \/>\n\u00c9chantillon : sans<br \/>\nTaille : 100cm x 140cm<\/p>\n<p>Remarque : les dimensions indiqu\u00e9es sont celles du tissu.<\/p>\n<p>La suspension se fait au moyen de passants sur la tringle \u00e0 rideaux.<\/p>\n<p>Raffung erfolgt mittels seitlicher Zugschn\u00fcre und kann auf jeder beliebigen H\u00f6he festgestellt werden. Hierzu wird ein Schnurfeststeller mit Schraube und D\u00fcbel in der Wand montiert<\/p>","protected":false},"excerpt":{"rendered":"<table class=\"dv_characteristicsTable\">\n<tbody>\n<tr>\n<td class=\"left\">Aufh\u00e4ngung<\/td>\n<td>Schlaufen<\/td>\n<\/tr>\n<tr>\n<td class=\"left\">Raffm\u00f6glichkeiten<\/td>\n<td>Zugschnur wahlweise<\/td>\n<\/tr>\n<tr>\n<td class=\"left\">Abschluss<\/td>\n<td>gerader Abschluss<\/td>\n<\/tr>\n<\/tbody>\n<\/table>\n<table class=\"dv_characteristicsTable\">\n<caption>OPTIK\/STIL<\/caption>\n<tbody>\n<tr>\n<td class=\"left\">Couleur<\/td>\n<td>sable<\/td>\n<\/tr>\n<tr>\n<td class=\"left\">Transparenz<\/td>\n<td>halbtransparent<\/td>\n<\/tr>\n<tr>\n<td class=\"left\">Oberfl\u00e4chenstruktur<\/td>\n<td>glatt<\/td>\n<\/tr>\n<\/tbody>\n<\/table>\n<table class=\"dv_characteristicsTable\">\n<tbody>\n<tr>\n<td class=\"left\">Composition du mat\u00e9riau<\/td>\n<td>100% Polyester<\/td>\n<\/tr>\n<\/tbody>\n<\/table>\n<table class=\"dv_characteristicsTable\">\n<tbody>\n<tr>\n<td class=\"left\">Breite<\/td>\n<td>100 cm<\/td>\n<\/tr>\n<tr>\n<td class=\"left\">H\u00f6he<\/td>\n<td>140 cm<\/td>\n<\/tr>\n<tr>\n<td class=\"left\">Gewicht<\/td>\n<td>65 g\/m\u00b2<\/td>\n<\/tr>\n<\/tbody>\n<\/table>\n<table class=\"dv_characteristicsTable\">\n<tbody>\n<tr>\n<td class=\"left\">Anzahl Teile<\/td>\n<td>1 St.<\/td>\n<\/tr>\n<tr>\n<td class=\"left\">Contenu de la livraison<\/td>\n<td>Montageanleitung<br \/>\nBeschwerungsstange<\/td>\n<\/tr>\n<\/tbody>\n<\/table>\n<table class=\"dv_characteristicsTable\">\n<tbody>\n<tr>\n<td class=\"left\">Conseils d'entretien<\/td>\n<td>30\u00b0C Schonw\u00e4sche<\/td>\n<\/tr>\n<\/tbody>\n<\/table>\n<p>&nbsp;<\/p>","protected":false},"featured_media":82592,"comment_status":"open","ping_status":"closed","template":"","meta":{"_seopress_robots_primary_cat":"","_seopress_titles_title":"","_seopress_titles_desc":"","_seopress_robots_index":""},"product_brand":[],"product_cat":[1400,1420],"product_tag":[],"class_list":{"0":"post-82501","1":"product","2":"type-product","3":"status-publish","4":"has-post-thumbnail","6":"product_cat-wohnzubehoer","7":"product_cat-wohndekoration","8":"product_shipping_class-standard-versand","10":"first","11":"instock","12":"sale","13":"taxable","14":"shipping-taxable","15":"purchasable","16":"product-type-simple"},"_links":{"self":[{"href":"https:\/\/www.soanam.de\/fr\/wp-json\/wp\/v2\/product\/82501","targetHints":{"allow":["GET"]}}],"collection":[{"href":"https:\/\/www.soanam.de\/fr\/wp-json\/wp\/v2\/product"}],"about":[{"href":"https:\/\/www.soanam.de\/fr\/wp-json\/wp\/v2\/types\/product"}],"replies":[{"embeddable":true,"href":"https:\/\/www.soanam.de\/fr\/wp-json\/wp\/v2\/comments?post=82501"}],"wp:featuredmedia":[{"embeddable":true,"href":"https:\/\/www.soanam.de\/fr\/wp-json\/wp\/v2\/media\/82592"}],"wp:attachment":[{"href":"https:\/\/www.soanam.de\/fr\/wp-json\/wp\/v2\/media?parent=82501"}],"wp:term":[{"taxonomy":"product_brand","embeddable":true,"href":"https:\/\/www.soanam.de\/fr\/wp-json\/wp\/v2\/product_brand?post=82501"},{"taxonomy":"product_cat","embeddable":true,"href":"https:\/\/www.soanam.de\/fr\/wp-json\/wp\/v2\/product_cat?post=82501"},{"taxonomy":"product_tag","embeddable":true,"href":"https:\/\/www.soanam.de\/fr\/wp-json\/wp\/v2\/product_tag?post=82501"}],"curies":[{"name":"wp","href":"https:\/\/api.w.org\/{rel}","templated":true}]}}