{"id":82500,"date":"2023-12-14T02:25:51","date_gmt":"2023-12-14T01:25:51","guid":{"rendered":"https:\/\/www.soanam.de\/?post_type=product&#038;p=82500"},"modified":"2023-12-14T02:27:41","modified_gmt":"2023-12-14T01:27:41","slug":"my-home-store-a-enroulement-1stk-avec-passants-en-blanc-gris-taille-100cmx140cm","status":"publish","type":"product","link":"https:\/\/www.soanam.de\/fr\/produkt\/my-home-raffrollo-1stk-mit-schlaufen-in-weiss-grau-groesse-100cmx140cm\/","title":{"rendered":"my home Paroi japonaise, 1 pi\u00e8ce avec passants, en blanc-gris, taille 100cmx140cm"},"content":{"rendered":"<p>Tissu transparent avec passants<br \/>\nBrod\u00e9 avec des vagues<br \/>\nVoile v\u00e9ritable<br \/>\nQualit\u00e9 l\u00e9g\u00e8re<br \/>\nlavable \u00e0 30 degr\u00e9s en cycle d\u00e9licat<\/p>\n<p>Le store bateau transparent de my home est une d\u00e9coration de fen\u00eatre attrayante.<br \/>\nLa surface est discr\u00e8tement brod\u00e9e et con\u00e7ue de mani\u00e8re intemporelle.<br \/>\nIl est fabriqu\u00e9 dans une qualit\u00e9 l\u00e9g\u00e8re qui tombe de mani\u00e8re a\u00e9r\u00e9e.<br \/>\nSi n\u00e9cessaire, le tissu est nettoy\u00e9 \u00e0 30 \u00b0C en cycle d\u00e9licat.<\/p>\n<p>Mat\u00e9riau : Dessus : 100% polyester<br \/>\nConseils d'entretien : Lavage d\u00e9licat<\/p>\n<p>couleur : blanc<br \/>\nmotif : vagues<br \/>\nTaille : 100cm x 140cm<\/p>\n<p>Remarque : les dimensions indiqu\u00e9es sont celles du tissu.<\/p>\n<p>La suspension se fait au moyen de passants sur la tringle \u00e0 rideaux.<\/p>\n<p>Le froncement s'effectue au moyen de cordons de traction lat\u00e9raux et peut \u00eatre fix\u00e9 \u00e0 n'importe quelle hauteur. Pour ce faire, un arr\u00eatoir de cordon est mont\u00e9 dans le mur avec une vis et une cheville.<\/p>","protected":false},"excerpt":{"rendered":"<table class=\"dv_characteristicsTable\">\n<tbody>\n<tr>\n<td class=\"left\">Aufh\u00e4ngung<\/td>\n<td>Schlaufen<\/td>\n<\/tr>\n<tr>\n<td class=\"left\">Abschluss<\/td>\n<td>gerader Abschluss<\/td>\n<\/tr>\n<\/tbody>\n<\/table>\n<table class=\"dv_characteristicsTable\">\n<tbody>\n<tr>\n<td class=\"left\">Couleur<\/td>\n<td>wei\u00df<br \/>\ngrau<\/td>\n<\/tr>\n<tr>\n<td class=\"left\">Transparenz<\/td>\n<td>transparent<\/td>\n<\/tr>\n<tr>\n<td class=\"left\">Oberfl\u00e4chenstruktur<\/td>\n<td>strukturiert<\/td>\n<\/tr>\n<tr>\n<td class=\"left\">Design<\/td>\n<td>bestickt<\/td>\n<\/tr>\n<tr>\n<td class=\"left\">Motiv<\/td>\n<td>Wellen<\/td>\n<\/tr>\n<tr>\n<td class=\"left\">Designerstellungsart<\/td>\n<td>bestickt<\/td>\n<\/tr>\n<\/tbody>\n<\/table>\n<table class=\"dv_characteristicsTable\">\n<tbody>\n<tr>\n<td class=\"left\">Composition du mat\u00e9riau<\/td>\n<td>\u00a0100% Polyester<\/td>\n<\/tr>\n<\/tbody>\n<\/table>\n<table class=\"dv_characteristicsTable\">\n<tbody>\n<tr>\n<td class=\"left\">Breite<\/td>\n<td>100 cm<\/td>\n<\/tr>\n<tr>\n<td class=\"left\">H\u00f6he<\/td>\n<td>140 cm<\/td>\n<\/tr>\n<\/tbody>\n<\/table>\n<table class=\"dv_characteristicsTable\">\n<tbody>\n<tr>\n<td class=\"left\">Materialart<\/td>\n<td>Voile<\/td>\n<\/tr>\n<\/tbody>\n<\/table>\n<table class=\"dv_characteristicsTable\">\n<tbody>\n<tr>\n<td class=\"left\">Anzahl Teile<\/td>\n<td>1 St.<\/td>\n<\/tr>\n<tr>\n<td class=\"left\">Contenu de la livraison<\/td>\n<td>Montageanleitung<br \/>\nBefestigungszubeh\u00f6r<br \/>\nBeschwerungsstange<\/td>\n<\/tr>\n<\/tbody>\n<\/table>\n<table class=\"dv_characteristicsTable\">\n<tbody>\n<tr>\n<td class=\"left\">Conseils d'entretien<\/td>\n<td>30\u00b0C Schonw\u00e4sche<\/td>\n<\/tr>\n<\/tbody>\n<\/table>\n<table class=\"dv_characteristicsTable\">\n<tbody>\n<tr>\n<td class=\"left\"><\/td>\n<td>.<\/td>\n<\/tr>\n<\/tbody>\n<\/table>","protected":false},"featured_media":82589,"comment_status":"open","ping_status":"closed","template":"","meta":{"_seopress_robots_primary_cat":"","_seopress_titles_title":"","_seopress_titles_desc":"","_seopress_robots_index":""},"product_brand":[],"product_cat":[1400,1420],"product_tag":[],"class_list":{"0":"post-82500","1":"product","2":"type-product","3":"status-publish","4":"has-post-thumbnail","6":"product_cat-wohnzubehoer","7":"product_cat-wohndekoration","8":"product_shipping_class-standard-versand","10":"first","11":"instock","12":"sale","13":"taxable","14":"shipping-taxable","15":"purchasable","16":"product-type-simple"},"_links":{"self":[{"href":"https:\/\/www.soanam.de\/fr\/wp-json\/wp\/v2\/product\/82500","targetHints":{"allow":["GET"]}}],"collection":[{"href":"https:\/\/www.soanam.de\/fr\/wp-json\/wp\/v2\/product"}],"about":[{"href":"https:\/\/www.soanam.de\/fr\/wp-json\/wp\/v2\/types\/product"}],"replies":[{"embeddable":true,"href":"https:\/\/www.soanam.de\/fr\/wp-json\/wp\/v2\/comments?post=82500"}],"wp:featuredmedia":[{"embeddable":true,"href":"https:\/\/www.soanam.de\/fr\/wp-json\/wp\/v2\/media\/82589"}],"wp:attachment":[{"href":"https:\/\/www.soanam.de\/fr\/wp-json\/wp\/v2\/media?parent=82500"}],"wp:term":[{"taxonomy":"product_brand","embeddable":true,"href":"https:\/\/www.soanam.de\/fr\/wp-json\/wp\/v2\/product_brand?post=82500"},{"taxonomy":"product_cat","embeddable":true,"href":"https:\/\/www.soanam.de\/fr\/wp-json\/wp\/v2\/product_cat?post=82500"},{"taxonomy":"product_tag","embeddable":true,"href":"https:\/\/www.soanam.de\/fr\/wp-json\/wp\/v2\/product_tag?post=82500"}],"curies":[{"name":"wp","href":"https:\/\/api.w.org\/{rel}","templated":true}]}}