{"id":82494,"date":"2023-12-14T02:25:49","date_gmt":"2023-12-14T01:25:49","guid":{"rendered":"https:\/\/www.soanam.de\/?post_type=product&#038;p=82494"},"modified":"2023-12-14T02:27:02","modified_gmt":"2023-12-14T01:27:02","slug":"my-home-rideau-denveloppe-volano-1-pce-avec-ruban-a-froncer-en-blanc-taille-300cmx140cm","status":"publish","type":"product","link":"https:\/\/www.soanam.de\/fr\/produkt\/my-home-kuvertstore-volano-1-stk-mit-kraeuselband-in-weiss-groesse-300cmx140cm\/","title":{"rendered":"my home Store enveloppant Volano, 1 pi\u00e8ce, avec ruban \u00e0 froncer, en blanc, taille 300cmx140cm"},"content":{"rendered":"<p>Tissu transparent<br \/>\nVoile v\u00e9ritable<br \/>\nAvec ruban de satin cousu d'un c\u00f4t\u00e9 - largeur environ 2,5 cm<br \/>\nQualit\u00e9 l\u00e9g\u00e8re et facile d'entretien<br \/>\nAvec ruban \u00e0 froncer<\/p>\n<p>Le rideau d'enveloppe Volano de my home transforme les fen\u00eatres modestes en accroche-regards d\u00e9coratifs.<br \/>\nLe motif triangulaire marquant, bord\u00e9 de nobles rubans de satin, s'associe au tissu classique uni et discret pour former un ensemble harmonieux.<br \/>\nGr\u00e2ce \u00e0 la transparence de son mat\u00e9riau, ce rideau en voile l\u00e9ger et finement tiss\u00e9 peut remplir les pi\u00e8ces les plus diverses d'une luminosit\u00e9 agr\u00e9able et conviviale.<br \/>\nLe tissu en polyester facile \u00e0 entretenir est adapt\u00e9 au lavage en machine.<\/p>\n<p>Mat\u00e9riau : Dessus : 100% polyester<br \/>\nConseils d'entretien : Lavage d\u00e9licat<\/p>\n<p>couleur : blanc<br \/>\nmotif : motif triangulaire<br \/>\nTaille : largeur 300cm x longueur 140cm<br \/>\nRemarque : les dimensions indiqu\u00e9es sont celles du tissu. Une fois la d\u00e9coration termin\u00e9e sur la fen\u00eatre, la largeur est r\u00e9duite de moiti\u00e9 environ.<\/p>\n<p>Suspension au moyen de roulettes \u00e0 rideaux (non fournies) dans le rail \u00e0 rideaux.<\/p>","protected":false},"excerpt":{"rendered":"<table class=\"dv_characteristicsTable\">\n<tbody>\n<tr>\n<td class=\"left\">Gewicht<\/td>\n<td>50 g\/m\u00b2<\/td>\n<\/tr>\n<tr>\n<td class=\"left\">Breite<\/td>\n<td>300 cm<\/td>\n<\/tr>\n<tr>\n<td class=\"left\">H\u00f6he<\/td>\n<td>120 cm<\/td>\n<\/tr>\n<\/tbody>\n<\/table>\n<table class=\"dv_characteristicsTable\">\n<tbody>\n<tr>\n<td class=\"left\">Aufh\u00e4ngung<\/td>\n<td>Kr\u00e4uselband<\/td>\n<\/tr>\n<\/tbody>\n<\/table>\n<table class=\"dv_characteristicsTable\">\n<tbody>\n<tr>\n<td class=\"left\">Couleur<\/td>\n<td>wei\u00df<\/td>\n<\/tr>\n<tr>\n<td class=\"left\">Transparenz<\/td>\n<td>transparent<\/td>\n<\/tr>\n<tr>\n<td class=\"left\">Oberfl\u00e4chenstruktur<\/td>\n<td>glatt<\/td>\n<\/tr>\n<tr>\n<td class=\"left\">Design<\/td>\n<td>unifarben<\/td>\n<\/tr>\n<\/tbody>\n<\/table>\n<table class=\"dv_characteristicsTable\">\n<tbody>\n<tr>\n<td class=\"left\">Materialart<\/td>\n<td>Satin<\/td>\n<\/tr>\n<tr>\n<td class=\"left\">Composition du mat\u00e9riau<\/td>\n<td>Dessus : 100% polyester<\/td>\n<\/tr>\n<tr>\n<td class=\"left\">Mat\u00e9riau<\/td>\n<td>Polyester<\/td>\n<\/tr>\n<\/tbody>\n<\/table>\n<table class=\"dv_characteristicsTable\">\n<tbody>\n<tr>\n<td class=\"left\">Anzahl Teile<\/td>\n<td>1 St.<\/td>\n<\/tr>\n<\/tbody>\n<\/table>\n<table class=\"dv_characteristicsTable\">\n<tbody>\n<tr>\n<td class=\"left\">Conseils d'entretien<\/td>\n<td>30\u00b0C Schonw\u00e4sche<\/td>\n<\/tr>\n<\/tbody>\n<\/table>","protected":false},"featured_media":82558,"comment_status":"open","ping_status":"closed","template":"","meta":{"_seopress_robots_primary_cat":"","_seopress_titles_title":"","_seopress_titles_desc":"","_seopress_robots_index":""},"product_brand":[],"product_cat":[1400,1420],"product_tag":[],"class_list":{"0":"post-82494","1":"product","2":"type-product","3":"status-publish","4":"has-post-thumbnail","6":"product_cat-wohnzubehoer","7":"product_cat-wohndekoration","8":"product_shipping_class-standard-versand","10":"first","11":"instock","12":"sale","13":"taxable","14":"shipping-taxable","15":"purchasable","16":"product-type-simple"},"_links":{"self":[{"href":"https:\/\/www.soanam.de\/fr\/wp-json\/wp\/v2\/product\/82494","targetHints":{"allow":["GET"]}}],"collection":[{"href":"https:\/\/www.soanam.de\/fr\/wp-json\/wp\/v2\/product"}],"about":[{"href":"https:\/\/www.soanam.de\/fr\/wp-json\/wp\/v2\/types\/product"}],"replies":[{"embeddable":true,"href":"https:\/\/www.soanam.de\/fr\/wp-json\/wp\/v2\/comments?post=82494"}],"wp:featuredmedia":[{"embeddable":true,"href":"https:\/\/www.soanam.de\/fr\/wp-json\/wp\/v2\/media\/82558"}],"wp:attachment":[{"href":"https:\/\/www.soanam.de\/fr\/wp-json\/wp\/v2\/media?parent=82494"}],"wp:term":[{"taxonomy":"product_brand","embeddable":true,"href":"https:\/\/www.soanam.de\/fr\/wp-json\/wp\/v2\/product_brand?post=82494"},{"taxonomy":"product_cat","embeddable":true,"href":"https:\/\/www.soanam.de\/fr\/wp-json\/wp\/v2\/product_cat?post=82494"},{"taxonomy":"product_tag","embeddable":true,"href":"https:\/\/www.soanam.de\/fr\/wp-json\/wp\/v2\/product_tag?post=82494"}],"curies":[{"name":"wp","href":"https:\/\/api.w.org\/{rel}","templated":true}]}}