{"id":82350,"date":"2023-12-14T02:22:30","date_gmt":"2023-12-14T01:22:30","guid":{"rendered":"https:\/\/www.soanam.de\/?post_type=product&#038;p=82350"},"modified":"2023-12-14T02:24:49","modified_gmt":"2023-12-14T01:24:49","slug":"my-home-raffrollo-cellino-1-stk-mit-klettband-weiss-groesse-80cmx140cm","status":"publish","type":"product","link":"https:\/\/www.soanam.de\/fr\/produkt\/my-home-raffrollo-cellino-1-stk-mit-klettband-weiss-groesse-80cmx140cm\/","title":{"rendered":"my home Raffrollo Cellino, 1 Stk, mit Klettband, Wei\u00df, Gr\u00f6\u00dfe 80cmx140cm"},"content":{"rendered":"<p>Tissu transparent<br \/>\nMaille jacquard classique<br \/>\nQualit\u00e9 l\u00e9g\u00e8re<br \/>\nAspect r\u00e9sille<br \/>\nstructure grossi\u00e8re<\/p>\n<p>L'\u00e9l\u00e9gant store bateau Cellino de my home apporte une touche de fra\u00eecheur avec son motif boucl\u00e9 discret.<br \/>\nLe tricot jacquard uni \u00e0 motifs et \u00e0 l'aspect grossier de la r\u00e9sille offre une l\u00e9g\u00e8re protection contre les regards et le soleil.<br \/>\nGr\u00e2ce \u00e0 son tissu transparent, ce beau store apporte une atmosph\u00e8re lumineuse et conviviale dans chaque pi\u00e8ce, soulign\u00e9e par la qualit\u00e9 l\u00e9g\u00e8re du mat\u00e9riau en polyester.<br \/>\nCet accessoire d\u00e9coratif pour la maison peut \u00eatre fix\u00e9 \u00e0 n'importe quelle hauteur et se termine par une extr\u00e9mit\u00e9 droite.<\/p>\n<p>Type de montage 1 : le store bateau peut \u00eatre suspendu directement au cadre de la fen\u00eatre (cadre en plastique uniquement) \u00e0 l'aide d'une bande Velcro.<\/p>\n<p>Type de montage 2 : suspension au moyen de galets de rideau (non fournis) dans le rail de rideau.<\/p>\n<p>La fronce est r\u00e9alis\u00e9e au moyen de cordons de traction lat\u00e9raux et peut \u00eatre fix\u00e9e \u00e0 n'importe quelle hauteur. Pour ce faire, un arr\u00eatoir de cordon est mont\u00e9 dans le mur avec une vis et une cheville.<\/p>\n<p>Mat\u00e9riau : Dessus : 100% polyester<br \/>\nConseils d'entretien : Lavage d\u00e9licat<\/p>\n<p>couleur : blanc<br \/>\nmotif : lignes<br \/>\nGr\u00f6\u00dfe: Breite 80cm x L\u00e4nge 140cm<br \/>\nRemarque : les dimensions indiqu\u00e9es sont celles du tissu.<\/p>","protected":false},"excerpt":{"rendered":"<table class=\"dv_characteristicsTable\">\n<tbody>\n<tr>\n<td class=\"left\">Aufh\u00e4ngung<\/td>\n<td>Klettband<\/td>\n<\/tr>\n<tr>\n<td class=\"left\">Raffm\u00f6glichkeiten<\/td>\n<td>Zugschnur wahlweise<\/td>\n<\/tr>\n<tr>\n<td class=\"left\">Abschluss<\/td>\n<td>gerader Abschluss<\/td>\n<\/tr>\n<\/tbody>\n<\/table>\n<table class=\"dv_characteristicsTable\">\n<tbody>\n<tr>\n<td class=\"left\">Couleur<\/td>\n<td>wei\u00df<\/td>\n<\/tr>\n<tr>\n<td class=\"left\">Transparenz<\/td>\n<td>transparent<\/td>\n<\/tr>\n<tr>\n<td class=\"left\">Oberfl\u00e4chenstruktur<\/td>\n<td>strukturiert<\/td>\n<\/tr>\n<tr>\n<td class=\"left\">Design<\/td>\n<td>unifarben<br \/>\nMotiv<br \/>\ngemustert<\/td>\n<\/tr>\n<tr>\n<td class=\"left\">Motiv<\/td>\n<td>Linien<\/td>\n<\/tr>\n<\/tbody>\n<\/table>\n<table class=\"dv_characteristicsTable\">\n<tbody>\n<tr>\n<td class=\"left\">Composition du mat\u00e9riau<\/td>\n<td>Dessus : 100% polyester<\/td>\n<\/tr>\n<\/tbody>\n<\/table>\n<table class=\"dv_characteristicsTable\">\n<tbody>\n<tr>\n<td class=\"left\">Breite<\/td>\n<td>80 cm<\/td>\n<\/tr>\n<tr>\n<td class=\"left\">H\u00f6he<\/td>\n<td>140 cm<\/td>\n<\/tr>\n<\/tbody>\n<\/table>\n<table class=\"dv_characteristicsTable\">\n<tbody>\n<tr>\n<td class=\"left\">Materialart<\/td>\n<td>Jacquard<\/td>\n<\/tr>\n<\/tbody>\n<\/table>\n<table class=\"dv_characteristicsTable\">\n<tbody>\n<tr>\n<td class=\"left\">Gewicht<\/td>\n<td>70 g\/m\u00b2<\/td>\n<\/tr>\n<\/tbody>\n<\/table>\n<table class=\"dv_characteristicsTable\">\n<tbody>\n<tr>\n<td class=\"left\">Anzahl Teile<\/td>\n<td>1 St.<\/td>\n<\/tr>\n<tr>\n<td class=\"left\">Contenu de la livraison<\/td>\n<td>Montageanleitung<br \/>\nBefestigungszubeh\u00f6r<br \/>\nBeschwerungsstange<\/td>\n<\/tr>\n<\/tbody>\n<\/table>\n<table class=\"dv_characteristicsTable\">\n<tbody>\n<tr>\n<td class=\"left\">Conseils d'entretien<\/td>\n<td>30\u00b0C Schonw\u00e4sche<\/td>\n<\/tr>\n<\/tbody>\n<\/table>","protected":false},"featured_media":82452,"comment_status":"open","ping_status":"closed","template":"","meta":{"_seopress_robots_primary_cat":"","_seopress_titles_title":"","_seopress_titles_desc":"","_seopress_robots_index":""},"product_brand":[],"product_cat":[1400,1420],"product_tag":[],"class_list":{"0":"post-82350","1":"product","2":"type-product","3":"status-publish","4":"has-post-thumbnail","6":"product_cat-wohnzubehoer","7":"product_cat-wohndekoration","8":"product_shipping_class-standard-versand","10":"first","11":"instock","12":"sale","13":"taxable","14":"shipping-taxable","15":"purchasable","16":"product-type-simple"},"_links":{"self":[{"href":"https:\/\/www.soanam.de\/fr\/wp-json\/wp\/v2\/product\/82350","targetHints":{"allow":["GET"]}}],"collection":[{"href":"https:\/\/www.soanam.de\/fr\/wp-json\/wp\/v2\/product"}],"about":[{"href":"https:\/\/www.soanam.de\/fr\/wp-json\/wp\/v2\/types\/product"}],"replies":[{"embeddable":true,"href":"https:\/\/www.soanam.de\/fr\/wp-json\/wp\/v2\/comments?post=82350"}],"wp:featuredmedia":[{"embeddable":true,"href":"https:\/\/www.soanam.de\/fr\/wp-json\/wp\/v2\/media\/82452"}],"wp:attachment":[{"href":"https:\/\/www.soanam.de\/fr\/wp-json\/wp\/v2\/media?parent=82350"}],"wp:term":[{"taxonomy":"product_brand","embeddable":true,"href":"https:\/\/www.soanam.de\/fr\/wp-json\/wp\/v2\/product_brand?post=82350"},{"taxonomy":"product_cat","embeddable":true,"href":"https:\/\/www.soanam.de\/fr\/wp-json\/wp\/v2\/product_cat?post=82350"},{"taxonomy":"product_tag","embeddable":true,"href":"https:\/\/www.soanam.de\/fr\/wp-json\/wp\/v2\/product_tag?post=82350"}],"curies":[{"name":"wp","href":"https:\/\/api.w.org\/{rel}","templated":true}]}}