{"id":82230,"date":"2023-12-14T02:14:58","date_gmt":"2023-12-14T01:14:58","guid":{"rendered":"https:\/\/www.soanam.de\/?post_type=product&#038;p=82230"},"modified":"2023-12-14T02:22:26","modified_gmt":"2023-12-14T01:22:26","slug":"khujo-steppmantel-mit-kapuze-in-marine-groesse-2xl","status":"publish","type":"product","link":"https:\/\/www.soanam.de\/fr\/produkt\/khujo-steppmantel-mit-kapuze-in-marine-groesse-2xl\/","title":{"rendered":"Khujo Steppmantel mit Kapuze, in Marine, Gr\u00f6\u00dfe 2XL"},"content":{"rendered":"<p>Sportiver Stepp-Mantel mit Kapuze von Khujo<br \/>\nAvec rembourrage chaud<br \/>\nDoublure de couleur contrast\u00e9e<br \/>\ncoupe ajust\u00e9e forme l\u00e9g\u00e8rement antaill\u00e9e<br \/>\nFermeture \u00e0 glissi\u00e8re pratique \u00e0 double sens et poches avec fermeture \u00e0 glissi\u00e8re<br \/>\nAbnehmbarer Fellbesatz an der Kapuze<\/p>\n<p>Mit der langen Steppjacke von Khujo bist du im Winter richtig angezogen.<br \/>\nMit dem 2-Wege-Rei\u00dfverschluss ist sie praktisch, wenn du mehr Bewegungsspielraum brauchst. Der Schnitt der Steppjacke ist Po-bedeckend und figurbetont, sodass du deinen K\u00f6rper leicht betonst. In den Rei\u00dfverschlusstaschen lassen sich kleine Gegenst\u00e4nde sicher verstauen.<br \/>\nGr\u00e2ce au tissu tiss\u00e9, la veste est tr\u00e8s l\u00e9g\u00e8re sur la peau.<\/p>\n<p>Mat\u00e9riau : Dessus : 100% polyamide<br \/>\nDoublure : 100% polyester<\/p>\n<p>Conseils d'entretien : Lavage en machine<\/p>\n<p>couleur : marine<br \/>\n\u00c9chantillon : sans<br \/>\nTaille : 2XL<\/p>\n<p>Largeur des \u00e9paules : 47cm<br \/>\nTour de poitrine : 116cm<br \/>\nLongueur des manches : 66cm<br \/>\nlongueur totale : 91cm<\/p>\n<p>Il s'agit pour ce nouvel article d'un retour client sans \u00e9tiquette.<\/p>","protected":false},"excerpt":{"rendered":"<table class=\"dv_characteristicsTable\">\n<tbody>\n<tr>\n<td class=\"left\">Taille<\/td>\n<td>2XL<\/td>\n<\/tr>\n<tr>\n<td class=\"left\">Gr\u00f6\u00dfentyp<\/td>\n<td>Normalgr\u00f6\u00dfen<\/td>\n<\/tr>\n<tr>\n<td class=\"left\">Composition du mat\u00e9riau<\/td>\n<td>Obermaterial: 100% Polyamid. Futter: 100% Polyamid. Wattierung: 100% Polyester<\/td>\n<\/tr>\n<tr>\n<td class=\"left\">Materialart<\/td>\n<td>Web<\/td>\n<\/tr>\n<tr>\n<td class=\"left\">Conseils d'entretien<\/td>\n<td>Lavage en machine<\/td>\n<\/tr>\n<tr>\n<td class=\"left\">Optik<\/td>\n<td>unifarben, kontrastfarbene Details<\/td>\n<\/tr>\n<tr>\n<td class=\"left\">Stil<\/td>\n<td>casual<\/td>\n<\/tr>\n<tr>\n<td class=\"left\">Couleur<\/td>\n<td>marine<\/td>\n<\/tr>\n<tr>\n<td class=\"left\">Kragen<\/td>\n<td>Capuche<\/td>\n<\/tr>\n<tr>\n<td class=\"left\">\u00c4rmel<\/td>\n<td>Manches longues<\/td>\n<\/tr>\n<tr>\n<td class=\"left\">Coupe<\/td>\n<td>figurbetont<\/td>\n<\/tr>\n<tr>\n<td class=\"left\">Schnittdetails<\/td>\n<td>Wiener N\u00e4hte<\/td>\n<\/tr>\n<tr>\n<td class=\"left\">Schnittform L\u00e4nge<\/td>\n<td>Po-bedeckend<\/td>\n<\/tr>\n<tr>\n<td class=\"left\">Capuche<\/td>\n<td>mit Kapuze<\/td>\n<\/tr>\n<tr>\n<td class=\"left\">Applikationen<\/td>\n<td>Markenlabel, Badge<\/td>\n<\/tr>\n<tr>\n<td class=\"left\">Sacs<\/td>\n<td>Poches \u00e0 fermeture \u00e9clair<\/td>\n<\/tr>\n<tr>\n<td class=\"left\">Verschluss<\/td>\n<td>2-Wege-Rei\u00dfverschluss<\/td>\n<\/tr>\n<\/tbody>\n<\/table>","protected":false},"featured_media":82345,"comment_status":"open","ping_status":"closed","template":"","meta":{"_seopress_robots_primary_cat":"","_seopress_titles_title":"","_seopress_titles_desc":"","_seopress_robots_index":""},"product_brand":[],"product_cat":[1348,1354,1375,1376],"product_tag":[],"class_list":{"0":"post-82230","1":"product","2":"type-product","3":"status-publish","4":"has-post-thumbnail","6":"product_cat-damen-mode","7":"product_cat-jacken-maentel","8":"product_cat-winterjacken","9":"product_cat-daunenjacken-steppjacken","10":"product_shipping_class-standard-versand","12":"first","13":"instock","14":"sale","15":"taxable","16":"shipping-taxable","17":"purchasable","18":"product-type-simple"},"_links":{"self":[{"href":"https:\/\/www.soanam.de\/fr\/wp-json\/wp\/v2\/product\/82230","targetHints":{"allow":["GET"]}}],"collection":[{"href":"https:\/\/www.soanam.de\/fr\/wp-json\/wp\/v2\/product"}],"about":[{"href":"https:\/\/www.soanam.de\/fr\/wp-json\/wp\/v2\/types\/product"}],"replies":[{"embeddable":true,"href":"https:\/\/www.soanam.de\/fr\/wp-json\/wp\/v2\/comments?post=82230"}],"wp:featuredmedia":[{"embeddable":true,"href":"https:\/\/www.soanam.de\/fr\/wp-json\/wp\/v2\/media\/82345"}],"wp:attachment":[{"href":"https:\/\/www.soanam.de\/fr\/wp-json\/wp\/v2\/media?parent=82230"}],"wp:term":[{"taxonomy":"product_brand","embeddable":true,"href":"https:\/\/www.soanam.de\/fr\/wp-json\/wp\/v2\/product_brand?post=82230"},{"taxonomy":"product_cat","embeddable":true,"href":"https:\/\/www.soanam.de\/fr\/wp-json\/wp\/v2\/product_cat?post=82230"},{"taxonomy":"product_tag","embeddable":true,"href":"https:\/\/www.soanam.de\/fr\/wp-json\/wp\/v2\/product_tag?post=82230"}],"curies":[{"name":"wp","href":"https:\/\/api.w.org\/{rel}","templated":true}]}}