{"id":82151,"date":"2023-12-14T02:13:10","date_gmt":"2023-12-14T01:13:10","guid":{"rendered":"https:\/\/www.soanam.de\/?post_type=product&#038;p=82151"},"modified":"2023-12-14T02:20:56","modified_gmt":"2023-12-14T01:20:56","slug":"veste-en-cuir-gipsy-biker-julja-en-noir-taille-s","status":"publish","type":"product","link":"https:\/\/www.soanam.de\/fr\/produkt\/gipsy-lederjacke-bikerjacke-julja-in-schwarz-groesse-s\/","title":{"rendered":"Veste en cuir Gipsy Veste de motard Julja, en noir, taille S"},"content":{"rendered":"<p>Veste en cuir Julja de Gipsy pour femme, style biker<br \/>\nlook 2 en 1 avec insert de capuche en sweat doux<br \/>\nCoupe cintr\u00e9e avec col rabattu variable<br \/>\nPoches lat\u00e9rales zipp\u00e9es et surpiq\u00fbres caract\u00e9ristiques<br \/>\nfermeture \u00e9clair asym\u00e9trique<br \/>\nBoucles r\u00e9glables sur le c\u00f4t\u00e9 de l'ourlet<br \/>\nFinition doubl\u00e9e<\/p>\n<p>Veste en cuir Julja de Gipsy pour femmes, au look motard.<br \/>\nLa veste a une coupe slim, un look 2 en 1 avec un empi\u00e8cement de capuche en sweat doux, poss\u00e8de une coupe cintr\u00e9e, un col rabattu variable, des poches lat\u00e9rales zipp\u00e9es et des surpiq\u00fbres caract\u00e9ristiques.<br \/>\nElle se ferme par une fermeture \u00e0 glissi\u00e8re en diagonale, poss\u00e8de des lani\u00e8res r\u00e9glables sur les c\u00f4t\u00e9s de l'ourlet, est doubl\u00e9e et d'une qualit\u00e9 sup\u00e9rieure.<\/p>\n<p>Mat\u00e9riau : Dessus : 100% cuir de mouton. Doublure : 100% coton. Doublure des manches : 100% polyester. Capuche : polyester 55%, coton 45%<br \/>\nConseils d'entretien : Nettoyage du cuir<\/p>\n<p>couleur : noir<br \/>\n\u00c9chantillon : sans<br \/>\nTaille : S<\/p>\n<p>largeur des \u00e9paules : 40 cm<br \/>\nTour de poitrine : 102cm<br \/>\nLongueur des manches : 60cm<br \/>\nlongueur totale : 53cm<\/p>\n<p>&nbsp;<\/p>\n<p>Il s'agit pour ce nouvel article d'un retour client sans \u00e9tiquette.<\/p>","protected":false},"excerpt":{"rendered":"<table class=\"dv_characteristicsTable\">\n<tbody>\n<tr>\n<td class=\"left\">Taille<\/td>\n<td>S<\/td>\n<\/tr>\n<tr>\n<td class=\"left\">Gr\u00f6\u00dfentyp<\/td>\n<td>Normalgr\u00f6\u00dfen<\/td>\n<\/tr>\n<tr>\n<td class=\"left\">Composition du mat\u00e9riau<\/td>\n<td>Kapuze: 55% Polyester, 45% Baumwolle, Obermaterial: 100% Schafsleder, Futter: 100% Baumwolle, \u00c4rmelfutter: 100% Polyester<\/td>\n<\/tr>\n<tr>\n<td class=\"left\">Materialart<\/td>\n<td>Schafsleder<\/td>\n<\/tr>\n<tr>\n<td class=\"left\">Materialart Innenfutter<\/td>\n<td>Stoff<\/td>\n<\/tr>\n<tr>\n<td class=\"left\">Materialhinweis<\/td>\n<td>Enth\u00e4lt nichttextile Teile tierischen Ursprungs<\/td>\n<\/tr>\n<tr>\n<td class=\"left\">Conseils d'entretien<\/td>\n<td>Lederreinigung<\/td>\n<\/tr>\n<tr>\n<td class=\"left\">Optik<\/td>\n<td>unifarben<\/td>\n<\/tr>\n<tr>\n<td class=\"left\">Stil<\/td>\n<td>casual, feminin, klassisch<\/td>\n<\/tr>\n<tr>\n<td class=\"left\">Couleur<\/td>\n<td>schwarz<\/td>\n<\/tr>\n<tr>\n<td class=\"left\">Kragen<\/td>\n<td>Bikerkragen<\/td>\n<\/tr>\n<tr>\n<td class=\"left\">Kragendetails<\/td>\n<td>mit Rei\u00dfverschluss, mit Druckkn\u00f6pfen<\/td>\n<\/tr>\n<tr>\n<td class=\"left\">\u00c4rmel<\/td>\n<td>Manches longues<\/td>\n<\/tr>\n<tr>\n<td class=\"left\">\u00c4rmeldetails<\/td>\n<td>\u00c4rmel mit Zipper<\/td>\n<\/tr>\n<tr>\n<td class=\"left\">\u00c4rmelabschlussdetails<\/td>\n<td>\u00c4rmel mit Zipper<\/td>\n<\/tr>\n<tr>\n<td class=\"left\">Rumpfabschlussdetails<\/td>\n<td>Boucles r\u00e9glables sur le c\u00f4t\u00e9 de l'ourlet<\/td>\n<\/tr>\n<tr>\n<td class=\"left\">Coupe<\/td>\n<td>slim fit<\/td>\n<\/tr>\n<tr>\n<td class=\"left\">Herstellerpassform<\/td>\n<td>slim fit<\/td>\n<\/tr>\n<tr>\n<td class=\"left\">Capuche<\/td>\n<td>mit Kapuze<\/td>\n<\/tr>\n<tr>\n<td class=\"left\">Kapuzendetails<\/td>\n<td>abnehmbar<\/td>\n<\/tr>\n<tr>\n<td class=\"left\">Applikationen<\/td>\n<td>Logo-Badge<\/td>\n<\/tr>\n<tr>\n<td class=\"left\">Anzahl Taschen<\/td>\n<td>2 St.<\/td>\n<\/tr>\n<tr>\n<td class=\"left\">Sacs<\/td>\n<td>Poches \u00e0 fermeture \u00e9clair<\/td>\n<\/tr>\n<tr>\n<td class=\"left\">Verschluss<\/td>\n<td>Metallrei\u00dfverschluss<\/td>\n<\/tr>\n<tr>\n<td class=\"left\">Verschlussdetails<\/td>\n<td>asymmetrisch<\/td>\n<\/tr>\n<tr>\n<td class=\"left\">Besondere Merkmale<\/td>\n<td>2-in-1-Look mit abnehmbarem Kapuzeneinsatz aus weicher Sweatware<\/td>\n<\/tr>\n<tr>\n<td class=\"left\"><\/td>\n<td><\/td>\n<\/tr>\n<\/tbody>\n<\/table>","protected":false},"featured_media":82281,"comment_status":"open","ping_status":"closed","template":"","meta":{"_seopress_robots_primary_cat":"","_seopress_titles_title":"","_seopress_titles_desc":"","_seopress_robots_index":""},"product_brand":[],"product_cat":[1348,1354,1405],"product_tag":[],"class_list":{"0":"post-82151","1":"product","2":"type-product","3":"status-publish","4":"has-post-thumbnail","6":"product_cat-damen-mode","7":"product_cat-jacken-maentel","8":"product_cat-lederjacken-jacken-maentel","9":"product_shipping_class-standard-versand","11":"first","12":"instock","13":"sale","14":"taxable","15":"shipping-taxable","16":"purchasable","17":"product-type-simple"},"_links":{"self":[{"href":"https:\/\/www.soanam.de\/fr\/wp-json\/wp\/v2\/product\/82151","targetHints":{"allow":["GET"]}}],"collection":[{"href":"https:\/\/www.soanam.de\/fr\/wp-json\/wp\/v2\/product"}],"about":[{"href":"https:\/\/www.soanam.de\/fr\/wp-json\/wp\/v2\/types\/product"}],"replies":[{"embeddable":true,"href":"https:\/\/www.soanam.de\/fr\/wp-json\/wp\/v2\/comments?post=82151"}],"wp:featuredmedia":[{"embeddable":true,"href":"https:\/\/www.soanam.de\/fr\/wp-json\/wp\/v2\/media\/82281"}],"wp:attachment":[{"href":"https:\/\/www.soanam.de\/fr\/wp-json\/wp\/v2\/media?parent=82151"}],"wp:term":[{"taxonomy":"product_brand","embeddable":true,"href":"https:\/\/www.soanam.de\/fr\/wp-json\/wp\/v2\/product_brand?post=82151"},{"taxonomy":"product_cat","embeddable":true,"href":"https:\/\/www.soanam.de\/fr\/wp-json\/wp\/v2\/product_cat?post=82151"},{"taxonomy":"product_tag","embeddable":true,"href":"https:\/\/www.soanam.de\/fr\/wp-json\/wp\/v2\/product_tag?post=82151"}],"curies":[{"name":"wp","href":"https:\/\/api.w.org\/{rel}","templated":true}]}}