{"id":82081,"date":"2023-12-14T02:11:52","date_gmt":"2023-12-14T01:11:52","guid":{"rendered":"https:\/\/www.soanam.de\/?post_type=product&#038;p=82081"},"modified":"2023-12-14T02:14:11","modified_gmt":"2023-12-14T01:14:11","slug":"icepeak-softshelljacke-freeburg-in-marineblau-groesse-54","status":"publish","type":"product","link":"https:\/\/www.soanam.de\/fr\/produkt\/icepeak-softshelljacke-freeburg-in-marineblau-groesse-54\/","title":{"rendered":"ICEPEAK Veste Softshell FREEBURG, bleu marine, taille 54"},"content":{"rendered":"<p>Softshelljacke von Icepeak<br \/>\nImperm\u00e9able, coupe-vent, respirant<br \/>\nIsolation thermique optimale<br \/>\nKapuze abnehmabr<br \/>\nAvec des d\u00e9tails de couleur contrast\u00e9e<\/p>\n<p>Einer der Vorteile einer Softshelljacke ist das atmungsaktive und bequeme Material, dank dem Sie keine Abstriche bei wind- und wasserabweisenden Eigenschaften machen m\u00fcssen. Diese wattierte Skijacke sorgt f\u00fcr Atmungsaktivit\u00e4t, egal ob Sie lieber frei die Piste hinabgleiten oder schwitzen wollen, w\u00e4hrend Sie Ihre Fahrk\u00fcnste testen.Der Komfort wird durch das anatomische Design, das eine freie Bewegungsfreiheit gew\u00e4hrleistet, und einen weichen Innenkragen mit Kinnschutz erh\u00f6ht gegen unangenehmes Reiben des Rei\u00dfverschlusses auf der Haut. Dank der abnehmbaren Kapuze ist die Jacke an unterschiedliche Wetterbedingungen auf und abseits der Piste anpassbar.<\/p>\n<p>Dieses A.W.S. EXTREME-Produkt erf\u00fcllt die Anforderungen aktiver Outdoor-Leute auch unter extremen Bedingungen. Wassers\u00e4ule und Atmungsaktivit\u00e4t des Materials: 10 000 mm 8 000 mvp.<br \/>\nSoftshell ist ein funktionales Material f\u00fcr vielf\u00e4ltige Outdoor-Aktivit\u00e4ten.<br \/>\nDas Produkt bietet Wetterschutz, ist aber gleichzeitig angenehm elastisch.<br \/>\nDie Gewebeoberfl\u00e4che ist wasserabweisend impr\u00e4gniert.<br \/>\nDas 2-Wege-Stretchmaterial erh\u00f6ht die Bewegungsfreiheit.<\/p>\n<p>Material: 94 % Polyester, 6 % Elastan<br \/>\nConseils d'entretien : Lavage en machine<\/p>\n<p>couleur : bleu marine<br \/>\n\u00c9chantillon : sans<br \/>\nTaille : 54<\/p>\n<p>Largeur des \u00e9paules : 50cm<br \/>\nTour de poitrine : 120cm<br \/>\n\u00c4rmell\u00e4nge: 81 cm<br \/>\nlongueur totale : 77cm<\/p>","protected":false},"excerpt":{"rendered":"<table class=\"dv_characteristicsTable\">\n<tbody>\n<tr>\n<td class=\"left\">Taille<\/td>\n<td>54<\/td>\n<\/tr>\n<tr>\n<td class=\"left\">Composition du mat\u00e9riau<\/td>\n<td>94 % Polyester, 6 % Elastan<\/td>\n<\/tr>\n<tr>\n<td class=\"left\">Conseils d'entretien<\/td>\n<td>Lavage en machine<\/td>\n<\/tr>\n<tr>\n<td class=\"left\">Couleur<\/td>\n<td>Bleu marine<\/td>\n<\/tr>\n<tr>\n<td class=\"left\">Ausschnitt<\/td>\n<td>Capuche<\/td>\n<\/tr>\n<tr>\n<td class=\"left\">\u00c4rmel<\/td>\n<td>Manches longues<\/td>\n<\/tr>\n<tr>\n<td class=\"left\">Coupe<\/td>\n<td>regular fit<\/td>\n<\/tr>\n<tr>\n<td class=\"left\">Besondere Merkmale<\/td>\n<td>Imperm\u00e9able, coupe-vent, respirant<\/td>\n<\/tr>\n<\/tbody>\n<\/table>","protected":false},"featured_media":82197,"comment_status":"open","ping_status":"closed","template":"","meta":{"_seopress_robots_primary_cat":"","_seopress_titles_title":"","_seopress_titles_desc":"","_seopress_robots_index":""},"product_brand":[],"product_cat":[1345,1363,1648],"product_tag":[],"class_list":{"0":"post-82081","1":"product","2":"type-product","3":"status-publish","4":"has-post-thumbnail","6":"product_cat-herrenmode","7":"product_cat-jacken-maentel-herrenmode","8":"product_cat-softshelljacken-jacken-maentel-herrenmode","9":"product_shipping_class-standard-versand","11":"first","12":"instock","13":"taxable","14":"shipping-taxable","15":"purchasable","16":"product-type-simple"},"_links":{"self":[{"href":"https:\/\/www.soanam.de\/fr\/wp-json\/wp\/v2\/product\/82081","targetHints":{"allow":["GET"]}}],"collection":[{"href":"https:\/\/www.soanam.de\/fr\/wp-json\/wp\/v2\/product"}],"about":[{"href":"https:\/\/www.soanam.de\/fr\/wp-json\/wp\/v2\/types\/product"}],"replies":[{"embeddable":true,"href":"https:\/\/www.soanam.de\/fr\/wp-json\/wp\/v2\/comments?post=82081"}],"wp:featuredmedia":[{"embeddable":true,"href":"https:\/\/www.soanam.de\/fr\/wp-json\/wp\/v2\/media\/82197"}],"wp:attachment":[{"href":"https:\/\/www.soanam.de\/fr\/wp-json\/wp\/v2\/media?parent=82081"}],"wp:term":[{"taxonomy":"product_brand","embeddable":true,"href":"https:\/\/www.soanam.de\/fr\/wp-json\/wp\/v2\/product_brand?post=82081"},{"taxonomy":"product_cat","embeddable":true,"href":"https:\/\/www.soanam.de\/fr\/wp-json\/wp\/v2\/product_cat?post=82081"},{"taxonomy":"product_tag","embeddable":true,"href":"https:\/\/www.soanam.de\/fr\/wp-json\/wp\/v2\/product_tag?post=82081"}],"curies":[{"name":"wp","href":"https:\/\/api.w.org\/{rel}","templated":true}]}}