{"id":82019,"date":"2023-12-14T02:10:34","date_gmt":"2023-12-14T01:10:34","guid":{"rendered":"https:\/\/www.soanam.de\/?post_type=product&#038;p=82019"},"modified":"2023-12-14T02:12:42","modified_gmt":"2023-12-14T01:12:42","slug":"tamaris-manteau-court-a-col-droit-gris-moyen-chine-taille-36","status":"publish","type":"product","link":"https:\/\/www.soanam.de\/fr\/produkt\/tamaris-kurzmantel-mit-stehkragen-in-mittelgrau-meliert-groesse-36\/","title":{"rendered":"Tamaris Manteau court \u00e0 col montant, gris moyen chin\u00e9, taille 36"},"content":{"rendered":"<p>Cool coatigan de TAMARIS<br \/>\nPeut \u00eatre port\u00e9e \u00e0 l'int\u00e9rieur et \u00e0 l'ext\u00e9rieur<br \/>\nForme d\u00e9contract\u00e9e, \u00e9pousant la silhouette, avec poches plaqu\u00e9es<br \/>\nM\u00e9lange de mati\u00e8res douces et faciles d'entretien avec de la viscose<br \/>\nDoublure tiss\u00e9e avec passepoil<\/p>\n<p>Le manteau de Tamaris mise sur un design intemporel gr\u00e2ce \u00e0 l'interaction entre le col montant, la fermeture \u00e0 une rang\u00e9e et les coutures viennoises.<br \/>\nLe mat\u00e9riau semblable \u00e0 la laine est travaill\u00e9 avec une doublure en satin de couleur assortie.<\/p>\n<p>Mat\u00e9riau : Ext\u00e9rieur : 65% polyester, 35% viscose. Doublure : 100% polyester<br \/>\nConseils d'entretien : Lavage en machine<\/p>\n<p>Couleur : gris moyen chin\u00e9<br \/>\n\u00c9chantillon : sans<br \/>\nTaille:36<\/p>\n<p>Largeur des \u00e9paules : 39cm<br \/>\nTour de poitrine : 102cm<br \/>\nLongueur des manches : 62cm<br \/>\nlongueur totale : 85cm<\/p>","protected":false},"excerpt":{"rendered":"<table class=\"dv_characteristicsTable\">\n<tbody>\n<tr>\n<td class=\"left\">Taille<\/td>\n<td>36<\/td>\n<\/tr>\n<tr>\n<td class=\"left\">Gr\u00f6\u00dfentyp<\/td>\n<td>Normalgr\u00f6\u00dfen<\/td>\n<\/tr>\n<tr>\n<td class=\"left\">Composition du mat\u00e9riau<\/td>\n<td>Obermaterial: 65% Polyester, 35% Viskose. Futter: 100% Polyester<\/td>\n<\/tr>\n<tr>\n<td class=\"left\">Conseils d'entretien<\/td>\n<td>Lavage en machine<\/td>\n<\/tr>\n<tr>\n<td class=\"left\">Stil<\/td>\n<td>casual<\/td>\n<\/tr>\n<tr>\n<td class=\"left\">Couleur<\/td>\n<td>mittelgrau-meliert<\/td>\n<\/tr>\n<tr>\n<td class=\"left\">Kragen<\/td>\n<td>Col montant<\/td>\n<\/tr>\n<tr>\n<td class=\"left\">\u00c4rmel<\/td>\n<td>Manches longues<\/td>\n<\/tr>\n<tr>\n<td class=\"left\">Coupe<\/td>\n<td>figurumspielend<\/td>\n<\/tr>\n<tr>\n<td class=\"left\">Schnittform L\u00e4nge<\/td>\n<td>ca. Mitte Oberschenkel<\/td>\n<\/tr>\n<tr>\n<td class=\"left\">Applikationen<\/td>\n<td>Markenlabel<\/td>\n<\/tr>\n<tr>\n<td class=\"left\">Sacs<\/td>\n<td>aufgesetzte Taschen<\/td>\n<\/tr>\n<tr>\n<td class=\"left\">Verschluss<\/td>\n<td>2-Knopf-Form<\/td>\n<\/tr>\n<tr>\n<td class=\"left\">Besondere Merkmale<\/td>\n<td>mit Stehkragen<\/td>\n<\/tr>\n<\/tbody>\n<\/table>","protected":false},"featured_media":82123,"comment_status":"open","ping_status":"closed","template":"","meta":{"_seopress_robots_primary_cat":"","_seopress_titles_title":"","_seopress_titles_desc":"","_seopress_robots_index":""},"product_brand":[],"product_cat":[1348,1354,1355,1356],"product_tag":[],"class_list":{"0":"post-82019","1":"product","2":"type-product","3":"status-publish","4":"has-post-thumbnail","6":"product_cat-damen-mode","7":"product_cat-jacken-maentel","8":"product_cat-maentel","9":"product_cat-wintermaentel","10":"product_shipping_class-standard-versand","12":"first","13":"instock","14":"taxable","15":"shipping-taxable","16":"purchasable","17":"product-type-simple"},"_links":{"self":[{"href":"https:\/\/www.soanam.de\/fr\/wp-json\/wp\/v2\/product\/82019","targetHints":{"allow":["GET"]}}],"collection":[{"href":"https:\/\/www.soanam.de\/fr\/wp-json\/wp\/v2\/product"}],"about":[{"href":"https:\/\/www.soanam.de\/fr\/wp-json\/wp\/v2\/types\/product"}],"replies":[{"embeddable":true,"href":"https:\/\/www.soanam.de\/fr\/wp-json\/wp\/v2\/comments?post=82019"}],"wp:featuredmedia":[{"embeddable":true,"href":"https:\/\/www.soanam.de\/fr\/wp-json\/wp\/v2\/media\/82123"}],"wp:attachment":[{"href":"https:\/\/www.soanam.de\/fr\/wp-json\/wp\/v2\/media?parent=82019"}],"wp:term":[{"taxonomy":"product_brand","embeddable":true,"href":"https:\/\/www.soanam.de\/fr\/wp-json\/wp\/v2\/product_brand?post=82019"},{"taxonomy":"product_cat","embeddable":true,"href":"https:\/\/www.soanam.de\/fr\/wp-json\/wp\/v2\/product_cat?post=82019"},{"taxonomy":"product_tag","embeddable":true,"href":"https:\/\/www.soanam.de\/fr\/wp-json\/wp\/v2\/product_tag?post=82019"}],"curies":[{"name":"wp","href":"https:\/\/api.w.org\/{rel}","templated":true}]}}