{"id":82017,"date":"2023-12-14T02:10:33","date_gmt":"2023-12-14T01:10:33","guid":{"rendered":"https:\/\/www.soanam.de\/?post_type=product&#038;p=82017"},"modified":"2023-12-14T02:12:33","modified_gmt":"2023-12-14T01:12:33","slug":"ocean-sportswear-veste-softshell-noir-taille-50","status":"publish","type":"product","link":"https:\/\/www.soanam.de\/fr\/produkt\/ocean-sportswear-softshelljacke-in-schwarz-groesse-50\/","title":{"rendered":"Veste softshell Ocean Sportswear, noir, taille 50"},"content":{"rendered":"<p>Veste softshell fonctionnelle de Ocean Sportswear<br \/>\nInt\u00e9rieur en polaire douillette et chaude<br \/>\nProduit avec Bionic Finish Eco de Rudolf Chemie - (PFC-Free)<br \/>\nFonction : colonne d'eau de 3.000mm : coupe-vent &amp; imperm\u00e9able, respirant<br \/>\nourlet des manches, capuche et ourlet r\u00e9glables en largeur<\/p>\n<p>La veste softshell d'Ocean est fonctionnelle et adapt\u00e9e \u00e0 la ville.<br \/>\nQui ne voudrait pas \u00eatre choy\u00e9 par une doublure polaire bien chaude les jours de fra\u00eecheur ?<br \/>\nLa veste \u00e0 capuche avec ourlets r\u00e9glables, fermeture \u00e9clair \u00e0 double sens avec protection du menton et poches verrouillables a en tout cas une bonne dose de plaisir \u00e0 offrir et convainc en plus par son mat\u00e9riau \u00e9lastique.<\/p>\n<p>Mat\u00e9riau : Ext\u00e9rieur : 96% polyester, 4% \u00e9lasthanne. Int\u00e9rieur : 100% polyester<br \/>\nConseils d'entretien : Lavage en machine<\/p>\n<p>couleur : noir<br \/>\n\u00c9chantillon : sans<br \/>\nTaille : 50<\/p>\n<p>Largeur des \u00e9paules : 47cm<br \/>\nTour de poitrine : 130cm<br \/>\nLongueur des manches : 65cm<br \/>\nlongueur totale : 82cm<\/p>","protected":false},"excerpt":{"rendered":"<table class=\"dv_characteristicsTable\">\n<tbody>\n<tr>\n<td class=\"left\">Taille<\/td>\n<td>50<\/td>\n<\/tr>\n<tr>\n<td class=\"left\">Gr\u00f6\u00dfentyp<\/td>\n<td>Normalgr\u00f6\u00dfen<\/td>\n<\/tr>\n<tr>\n<td class=\"left\">Composition du mat\u00e9riau<\/td>\n<td>Obermaterial: 96% Polyester, 4% Elasthan. Innenseite: 100% Polyester<\/td>\n<\/tr>\n<tr>\n<td class=\"left\">Materialart<\/td>\n<td>Softshell<\/td>\n<\/tr>\n<tr>\n<td class=\"left\">Materialeigenschaften<\/td>\n<td>atmungsaktiv, w\u00e4rmend, wasserabweisend, windabweisend<\/td>\n<\/tr>\n<tr>\n<td class=\"left\">Conseils d'entretien<\/td>\n<td>Lavage en machine<\/td>\n<\/tr>\n<tr>\n<td class=\"left\">Stil<\/td>\n<td>sportlich<\/td>\n<\/tr>\n<tr>\n<td class=\"left\">Couleur<\/td>\n<td>schwarz (Softshelljacke aus nachhaltigem Material)<\/td>\n<\/tr>\n<tr>\n<td class=\"left\">Kragen<\/td>\n<td>hochschlie\u00dfender Kragen<\/td>\n<\/tr>\n<tr>\n<td class=\"left\">Kragendetails<\/td>\n<td>mit Fleece gef\u00fcttert<\/td>\n<\/tr>\n<tr>\n<td class=\"left\">\u00c4rmel<\/td>\n<td>Manches longues<\/td>\n<\/tr>\n<tr>\n<td class=\"left\">\u00c4rmelabschlussdetails<\/td>\n<td>verstellbar, mit Klettverschluss<\/td>\n<\/tr>\n<tr>\n<td class=\"left\">Schnittform L\u00e4nge<\/td>\n<td>Po-bedeckend<\/td>\n<\/tr>\n<tr>\n<td class=\"left\">Capuche<\/td>\n<td>mit Kapuze<\/td>\n<\/tr>\n<tr>\n<td class=\"left\">Kapuzendetails<\/td>\n<td>mit Kordelz\u00fcgen<\/td>\n<\/tr>\n<tr>\n<td class=\"left\">Kapuzenf\u00fctterung<\/td>\n<td>gef\u00fcttert<\/td>\n<\/tr>\n<tr>\n<td class=\"left\">Applikationen<\/td>\n<td>Badge<\/td>\n<\/tr>\n<tr>\n<td class=\"left\">Sacs<\/td>\n<td>Poches \u00e0 fermeture \u00e9clair<\/td>\n<\/tr>\n<tr>\n<td class=\"left\">Verschluss<\/td>\n<td>Fermeture \u00e0 glissi\u00e8re<\/td>\n<\/tr>\n<\/tbody>\n<\/table>","protected":false},"featured_media":82115,"comment_status":"open","ping_status":"closed","template":"","meta":{"_seopress_robots_primary_cat":"","_seopress_titles_title":"","_seopress_titles_desc":"","_seopress_robots_index":""},"product_brand":[],"product_cat":[1348,1354,1645],"product_tag":[],"class_list":{"0":"post-82017","1":"product","2":"type-product","3":"status-publish","4":"has-post-thumbnail","6":"product_cat-damen-mode","7":"product_cat-jacken-maentel","8":"product_cat-softshelljacken","9":"product_shipping_class-standard-versand","11":"first","12":"instock","13":"taxable","14":"shipping-taxable","15":"purchasable","16":"product-type-simple"},"_links":{"self":[{"href":"https:\/\/www.soanam.de\/fr\/wp-json\/wp\/v2\/product\/82017","targetHints":{"allow":["GET"]}}],"collection":[{"href":"https:\/\/www.soanam.de\/fr\/wp-json\/wp\/v2\/product"}],"about":[{"href":"https:\/\/www.soanam.de\/fr\/wp-json\/wp\/v2\/types\/product"}],"replies":[{"embeddable":true,"href":"https:\/\/www.soanam.de\/fr\/wp-json\/wp\/v2\/comments?post=82017"}],"wp:featuredmedia":[{"embeddable":true,"href":"https:\/\/www.soanam.de\/fr\/wp-json\/wp\/v2\/media\/82115"}],"wp:attachment":[{"href":"https:\/\/www.soanam.de\/fr\/wp-json\/wp\/v2\/media?parent=82017"}],"wp:term":[{"taxonomy":"product_brand","embeddable":true,"href":"https:\/\/www.soanam.de\/fr\/wp-json\/wp\/v2\/product_brand?post=82017"},{"taxonomy":"product_cat","embeddable":true,"href":"https:\/\/www.soanam.de\/fr\/wp-json\/wp\/v2\/product_cat?post=82017"},{"taxonomy":"product_tag","embeddable":true,"href":"https:\/\/www.soanam.de\/fr\/wp-json\/wp\/v2\/product_tag?post=82017"}],"curies":[{"name":"wp","href":"https:\/\/api.w.org\/{rel}","templated":true}]}}