{"id":81955,"date":"2023-12-14T02:09:19","date_gmt":"2023-12-14T01:09:19","guid":{"rendered":"https:\/\/www.soanam.de\/?post_type=product&#038;p=81955"},"modified":"2023-12-14T02:11:34","modified_gmt":"2023-12-14T01:11:34","slug":"kangaroos-rundhalspullover-im-colourblocking-in-gruen-blau-groesse-40-42","status":"publish","type":"product","link":"https:\/\/www.soanam.de\/fr\/produkt\/kangaroos-rundhalspullover-im-colourblocking-in-gruen-blau-groesse-40-42\/","title":{"rendered":"KangaROOS Rundhalspullover im Colourblocking, in Gr\u00fcn-Blau, Gr\u00f6\u00dfe 40\/42"},"content":{"rendered":"<p>Feinstrickpullover von KangaROOS<br \/>\nBasic Form, figurbetont geschnitten<br \/>\nIn sch\u00f6nem Colourblocking<br \/>\nAvec le logo de la marque<br \/>\nAus angenehmer Baumwollmischung<\/p>\n<p>Der Streifenpullover von Kangaroos ist mit dem abwechslungsreichen Multicolormuster einfach was f\u00fcr's Auge und dabei sitzt er auch noch super.<br \/>\nAn den \u00c4rmeln integriert der Feinstrickpulli Daumenl\u00f6cher in die breiten B\u00fcndchen.<br \/>\nWer Streifen mag, wird den Streifenpullover von Kangaroos lieben.<\/p>\n<p>Mat\u00e9riau : 50% coton , 50% polyacrylique<br \/>\nConseils d'entretien : Lavage en machine<\/p>\n<p>Farbe: gr\u00fcn-blau<br \/>\nmotif : rayures<br \/>\nTaille : 40\/42<\/p>\n<p>Largeur des \u00e9paules : 39cm<br \/>\nTour de poitrine : 101cm<br \/>\nLongueur des manches : 66cm<br \/>\nlongueur totale : 66cm<\/p>","protected":false},"excerpt":{"rendered":"<table class=\"dv_characteristicsTable\">\n<tbody>\n<tr>\n<td class=\"left\">Taille<\/td>\n<td>40\/42 (M)<\/td>\n<\/tr>\n<tr>\n<td class=\"left\">Gr\u00f6\u00dfentyp<\/td>\n<td>Normalgr\u00f6\u00dfen<\/td>\n<\/tr>\n<tr>\n<td class=\"left\">Composition du mat\u00e9riau<\/td>\n<td>Obermaterial: 50% Baumwolle\u00a0, 50% Polyacryl<\/td>\n<\/tr>\n<tr>\n<td class=\"left\">Materialart<\/td>\n<td>Feinstrick<\/td>\n<\/tr>\n<tr>\n<td class=\"left\">Conseils d'entretien<\/td>\n<td>Lavage en machine<\/td>\n<\/tr>\n<tr>\n<td class=\"left\">Optik<\/td>\n<td>gestreift<\/td>\n<\/tr>\n<tr>\n<td class=\"left\">Stil<\/td>\n<td>casual<\/td>\n<\/tr>\n<tr>\n<td class=\"left\">Couleur<\/td>\n<td>gr\u00fcn-blau<\/td>\n<\/tr>\n<tr>\n<td class=\"left\">Ausschnitt<\/td>\n<td>Rundhals<\/td>\n<\/tr>\n<tr>\n<td class=\"left\">\u00c4rmel<\/td>\n<td>Manches longues<\/td>\n<\/tr>\n<tr>\n<td class=\"left\">\u00c4rmelabschluss<\/td>\n<td>Rippstrickb\u00fcndchen<\/td>\n<\/tr>\n<tr>\n<td class=\"left\">\u00c4rmelabschlussdetails<\/td>\n<td>mit Daumenl\u00f6chern<\/td>\n<\/tr>\n<tr>\n<td class=\"left\">Rumpfabschluss<\/td>\n<td>Poignets c\u00f4tel\u00e9s<\/td>\n<\/tr>\n<tr>\n<td class=\"left\">Coupe<\/td>\n<td>bequem<\/td>\n<\/tr>\n<tr>\n<td class=\"left\">Schnittform L\u00e4nge<\/td>\n<td>h\u00fcftlang<\/td>\n<\/tr>\n<tr>\n<td class=\"left\">Applikationen<\/td>\n<td>Stickerei<\/td>\n<\/tr>\n<tr>\n<td class=\"left\">Besondere Merkmale<\/td>\n<td>in farbenfroher Streifen-Optik<\/td>\n<\/tr>\n<\/tbody>\n<\/table>","protected":false},"featured_media":82066,"comment_status":"open","ping_status":"closed","template":"","meta":{"_seopress_robots_primary_cat":"","_seopress_titles_title":"","_seopress_titles_desc":"","_seopress_robots_index":""},"product_brand":[],"product_cat":[1348,1456,1465],"product_tag":[],"class_list":{"0":"post-81955","1":"product","2":"type-product","3":"status-publish","4":"has-post-thumbnail","6":"product_cat-damen-mode","7":"product_cat-pullover-sweater","8":"product_cat-strickpullover","9":"product_shipping_class-standard-versand","11":"first","12":"instock","13":"taxable","14":"shipping-taxable","15":"purchasable","16":"product-type-simple"},"_links":{"self":[{"href":"https:\/\/www.soanam.de\/fr\/wp-json\/wp\/v2\/product\/81955","targetHints":{"allow":["GET"]}}],"collection":[{"href":"https:\/\/www.soanam.de\/fr\/wp-json\/wp\/v2\/product"}],"about":[{"href":"https:\/\/www.soanam.de\/fr\/wp-json\/wp\/v2\/types\/product"}],"replies":[{"embeddable":true,"href":"https:\/\/www.soanam.de\/fr\/wp-json\/wp\/v2\/comments?post=81955"}],"wp:featuredmedia":[{"embeddable":true,"href":"https:\/\/www.soanam.de\/fr\/wp-json\/wp\/v2\/media\/82066"}],"wp:attachment":[{"href":"https:\/\/www.soanam.de\/fr\/wp-json\/wp\/v2\/media?parent=81955"}],"wp:term":[{"taxonomy":"product_brand","embeddable":true,"href":"https:\/\/www.soanam.de\/fr\/wp-json\/wp\/v2\/product_brand?post=81955"},{"taxonomy":"product_cat","embeddable":true,"href":"https:\/\/www.soanam.de\/fr\/wp-json\/wp\/v2\/product_cat?post=81955"},{"taxonomy":"product_tag","embeddable":true,"href":"https:\/\/www.soanam.de\/fr\/wp-json\/wp\/v2\/product_tag?post=81955"}],"curies":[{"name":"wp","href":"https:\/\/api.w.org\/{rel}","templated":true}]}}