{"id":81930,"date":"2023-12-14T02:08:52","date_gmt":"2023-12-14T01:08:52","guid":{"rendered":"https:\/\/www.soanam.de\/?post_type=product&#038;p=81930"},"modified":"2023-12-14T02:10:59","modified_gmt":"2023-12-14T01:10:59","slug":"lascana-pull-en-tricot-avec-empiecement-en-dentelle-en-noir-taille-40-42","status":"publish","type":"product","link":"https:\/\/www.soanam.de\/fr\/produkt\/lascana-strickpullover-mit-spitzeneinsatz-in-schwarz-groesse-40-42\/","title":{"rendered":"LASCANA Pull-over en maille avec empi\u00e8cement en dentelle, noir, taille 40\/42"},"content":{"rendered":"<p>Pull en tricot de Lascana<br \/>\nAvec un large empi\u00e8cement en dentelle<br \/>\nManches longues raglan<br \/>\nPoignets en maille c\u00f4tel\u00e9e douce<br \/>\ncoupe flatteuse pour la silhouette<br \/>\nTricot agr\u00e9ablement doux avec une part de viscose<\/p>\n<p>Le pull-over en tricot de Lascana est en tricot agr\u00e9ablement doux avec une part de viscose.<br \/>\nUn large empi\u00e8cement en dentelle attend d'\u00eatre utilis\u00e9 au niveau du d\u00e9collet\u00e9 et des \u00e9paules.<br \/>\nCe pull a \u00e9galement de longues manches raglan, des poignets en maille c\u00f4tel\u00e9e douce et une coupe qui flatte la silhouette.<\/p>\n<p>Mati\u00e8re : 50% viscose, 25% polyamide, 25% polyester. Dentelle : 100% polyamide<br \/>\nConseils d'entretien : Lavage en machine<\/p>\n<p>couleur : noir<br \/>\nmotif : empi\u00e8cement en dentelle<br \/>\nTaille : 40\/42<\/p>\n<p>Largeur des \u00e9paules : 45cm<br \/>\nTour de poitrine : 102cm<br \/>\nLongueur des manches : 68cm<br \/>\nlongueur totale : 64cm<\/p>","protected":false},"excerpt":{"rendered":"<table class=\"dv_characteristicsTable\">\n<tbody>\n<tr>\n<td class=\"left\">Taille<\/td>\n<td>40\/42<\/td>\n<\/tr>\n<tr>\n<td class=\"left\">Gr\u00f6\u00dfentyp<\/td>\n<td>Normalgr\u00f6\u00dfen<\/td>\n<\/tr>\n<tr>\n<td class=\"left\">Composition du mat\u00e9riau<\/td>\n<td>50% Viskose, 25% Polyamid, 25% Polyester. Spitze: 100% Polyamid<\/td>\n<\/tr>\n<tr>\n<td class=\"left\">Materialart<\/td>\n<td>Feinstrick<\/td>\n<\/tr>\n<tr>\n<td class=\"left\">Conseils d'entretien<\/td>\n<td>Lavage en machine<\/td>\n<\/tr>\n<tr>\n<td class=\"left\">Optik<\/td>\n<td>unifarben<\/td>\n<\/tr>\n<tr>\n<td class=\"left\">Stil<\/td>\n<td>modisch<\/td>\n<\/tr>\n<tr>\n<td class=\"left\">Couleur<\/td>\n<td>schwarz<\/td>\n<\/tr>\n<tr>\n<td class=\"left\">Ausschnitt<\/td>\n<td>hoch geschlossener Ausschnitt<\/td>\n<\/tr>\n<tr>\n<td class=\"left\">\u00c4rmel<\/td>\n<td>Manches longues<\/td>\n<\/tr>\n<tr>\n<td class=\"left\">\u00c4rmelabschluss<\/td>\n<td>Rippstrickb\u00fcndchen<\/td>\n<\/tr>\n<tr>\n<td class=\"left\">Rumpfabschluss<\/td>\n<td>Rippstrick<\/td>\n<\/tr>\n<tr>\n<td class=\"left\">Coupe<\/td>\n<td>figurumspielend<\/td>\n<\/tr>\n<tr>\n<td class=\"left\">Schnittform L\u00e4nge<\/td>\n<td>h\u00fcftlang<\/td>\n<\/tr>\n<tr>\n<td class=\"left\">Applikationen<\/td>\n<td>Spitze<\/td>\n<\/tr>\n<tr>\n<td class=\"left\">Besondere Merkmale<\/td>\n<td>mit Spitzeneinsatz<\/td>\n<\/tr>\n<\/tbody>\n<\/table>","protected":false},"featured_media":82037,"comment_status":"open","ping_status":"closed","template":"","meta":{"_seopress_robots_primary_cat":"","_seopress_titles_title":"","_seopress_titles_desc":"","_seopress_robots_index":""},"product_brand":[],"product_cat":[1348,1456,1465],"product_tag":[],"class_list":{"0":"post-81930","1":"product","2":"type-product","3":"status-publish","4":"has-post-thumbnail","6":"product_cat-damen-mode","7":"product_cat-pullover-sweater","8":"product_cat-strickpullover","9":"product_shipping_class-standard-versand","11":"first","12":"instock","13":"sale","14":"taxable","15":"shipping-taxable","16":"purchasable","17":"product-type-simple"},"_links":{"self":[{"href":"https:\/\/www.soanam.de\/fr\/wp-json\/wp\/v2\/product\/81930","targetHints":{"allow":["GET"]}}],"collection":[{"href":"https:\/\/www.soanam.de\/fr\/wp-json\/wp\/v2\/product"}],"about":[{"href":"https:\/\/www.soanam.de\/fr\/wp-json\/wp\/v2\/types\/product"}],"replies":[{"embeddable":true,"href":"https:\/\/www.soanam.de\/fr\/wp-json\/wp\/v2\/comments?post=81930"}],"wp:featuredmedia":[{"embeddable":true,"href":"https:\/\/www.soanam.de\/fr\/wp-json\/wp\/v2\/media\/82037"}],"wp:attachment":[{"href":"https:\/\/www.soanam.de\/fr\/wp-json\/wp\/v2\/media?parent=81930"}],"wp:term":[{"taxonomy":"product_brand","embeddable":true,"href":"https:\/\/www.soanam.de\/fr\/wp-json\/wp\/v2\/product_brand?post=81930"},{"taxonomy":"product_cat","embeddable":true,"href":"https:\/\/www.soanam.de\/fr\/wp-json\/wp\/v2\/product_cat?post=81930"},{"taxonomy":"product_tag","embeddable":true,"href":"https:\/\/www.soanam.de\/fr\/wp-json\/wp\/v2\/product_tag?post=81930"}],"curies":[{"name":"wp","href":"https:\/\/api.w.org\/{rel}","templated":true}]}}