{"id":81929,"date":"2023-12-14T02:08:52","date_gmt":"2023-12-14T01:08:52","guid":{"rendered":"https:\/\/www.soanam.de\/?post_type=product&#038;p=81929"},"modified":"2023-12-14T02:10:54","modified_gmt":"2023-12-14T01:10:54","slug":"lascana-strickpullover-mit-leomuster-in-grau-leo-groesse-32-34","status":"publish","type":"product","link":"https:\/\/www.soanam.de\/fr\/produkt\/lascana-strickpullover-mit-leomuster-in-grau-leo-groesse-32-34\/","title":{"rendered":"LASCANA Strickpullover mit Leomuster, in Grau-Leo, Gr\u00f6\u00dfe 32\/34"},"content":{"rendered":"<p>Pull en tricot de Lascana<br \/>\nRundhalspullover im Animal-Print<br \/>\nBequeme Rippstrickb\u00fcndchen<br \/>\nManches longues<br \/>\nCooles Leomuster<br \/>\nQualit\u00e9 de tricot douce<\/p>\n<p>Wie eine Schmusekatze legt sich das weiche Strickmaterial des Lascana Pullovers auf deine Haut.<br \/>\nBequeme Rippstrickb\u00fcndchen und lange \u00c4rmel kuscheln sich sanft an und sorgen f\u00fcr einen guten Sitz.<br \/>\nEin breiter Rundhalsausschnitt und das coole Leomuster machen diesen Strickpullover zum Raubtier in deinem Kleiderschrank.<\/p>\n<p>Material: 74% Polyacryl, 24% Polyamid, 2% Elasthan<br \/>\nConseils d'entretien : Lavage en machine<\/p>\n<p>Farbe: grau-leo<br \/>\nMuster: Animal-Print<br \/>\nTaille : 32\/34<\/p>\n<p>Largeur des \u00e9paules : 48cm<br \/>\nTour de poitrine : 92cm<br \/>\nLongueur des manches : 47cm<br \/>\nlongueur totale : 65cm<\/p>","protected":false},"excerpt":{"rendered":"<table class=\"dv_characteristicsTable\">\n<tbody>\n<tr>\n<td class=\"left\">Taille<\/td>\n<td>32\/34<\/td>\n<\/tr>\n<tr>\n<td class=\"left\">Gr\u00f6\u00dfentyp<\/td>\n<td>Normalgr\u00f6\u00dfen<\/td>\n<\/tr>\n<tr>\n<td class=\"left\">Composition du mat\u00e9riau<\/td>\n<td>Obermaterial: 74% Polyacryl, 24% Polyamid, 2% Elasthan<\/td>\n<\/tr>\n<tr>\n<td class=\"left\">Materialart<\/td>\n<td>Strick<\/td>\n<\/tr>\n<tr>\n<td class=\"left\">Conseils d'entretien<\/td>\n<td>Lavage en machine<\/td>\n<\/tr>\n<tr>\n<td class=\"left\">Optik<\/td>\n<td>bedruckt, animal-print<\/td>\n<\/tr>\n<tr>\n<td class=\"left\">Stil<\/td>\n<td>modisch<\/td>\n<\/tr>\n<tr>\n<td class=\"left\">Couleur<\/td>\n<td>grau-meliert-leo<\/td>\n<\/tr>\n<tr>\n<td class=\"left\">Ausschnitt<\/td>\n<td>Rundhals<\/td>\n<\/tr>\n<tr>\n<td class=\"left\">\u00c4rmel<\/td>\n<td>Manches longues<\/td>\n<\/tr>\n<tr>\n<td class=\"left\">\u00c4rmelabschluss<\/td>\n<td>Rippstrickb\u00fcndchen<\/td>\n<\/tr>\n<tr>\n<td class=\"left\">Rumpfabschluss<\/td>\n<td>Rippstrick<\/td>\n<\/tr>\n<tr>\n<td class=\"left\">Coupe<\/td>\n<td>figurumspielend<\/td>\n<\/tr>\n<tr>\n<td class=\"left\">Schnittform L\u00e4nge<\/td>\n<td>h\u00fcftlang<\/td>\n<\/tr>\n<tr>\n<td class=\"left\">Besondere Merkmale<\/td>\n<td>mit Leomuster<\/td>\n<\/tr>\n<\/tbody>\n<\/table>","protected":false},"featured_media":82033,"comment_status":"open","ping_status":"closed","template":"","meta":{"_seopress_robots_primary_cat":"","_seopress_titles_title":"","_seopress_titles_desc":"","_seopress_robots_index":""},"product_brand":[],"product_cat":[1348,1456,1465],"product_tag":[],"class_list":{"0":"post-81929","1":"product","2":"type-product","3":"status-publish","4":"has-post-thumbnail","6":"product_cat-damen-mode","7":"product_cat-pullover-sweater","8":"product_cat-strickpullover","9":"product_shipping_class-standard-versand","11":"first","12":"instock","13":"taxable","14":"shipping-taxable","15":"purchasable","16":"product-type-simple"},"_links":{"self":[{"href":"https:\/\/www.soanam.de\/fr\/wp-json\/wp\/v2\/product\/81929","targetHints":{"allow":["GET"]}}],"collection":[{"href":"https:\/\/www.soanam.de\/fr\/wp-json\/wp\/v2\/product"}],"about":[{"href":"https:\/\/www.soanam.de\/fr\/wp-json\/wp\/v2\/types\/product"}],"replies":[{"embeddable":true,"href":"https:\/\/www.soanam.de\/fr\/wp-json\/wp\/v2\/comments?post=81929"}],"wp:featuredmedia":[{"embeddable":true,"href":"https:\/\/www.soanam.de\/fr\/wp-json\/wp\/v2\/media\/82033"}],"wp:attachment":[{"href":"https:\/\/www.soanam.de\/fr\/wp-json\/wp\/v2\/media?parent=81929"}],"wp:term":[{"taxonomy":"product_brand","embeddable":true,"href":"https:\/\/www.soanam.de\/fr\/wp-json\/wp\/v2\/product_brand?post=81929"},{"taxonomy":"product_cat","embeddable":true,"href":"https:\/\/www.soanam.de\/fr\/wp-json\/wp\/v2\/product_cat?post=81929"},{"taxonomy":"product_tag","embeddable":true,"href":"https:\/\/www.soanam.de\/fr\/wp-json\/wp\/v2\/product_tag?post=81929"}],"curies":[{"name":"wp","href":"https:\/\/api.w.org\/{rel}","templated":true}]}}