{"id":81904,"date":"2023-12-14T02:08:24","date_gmt":"2023-12-14T01:08:24","guid":{"rendered":"https:\/\/www.soanam.de\/?post_type=product&#038;p=81904"},"modified":"2023-12-14T02:10:10","modified_gmt":"2023-12-14T01:10:10","slug":"arizona-strickpullover-in-hell-dunkel-optik-in-blue-used-groesse-44-46","status":"publish","type":"product","link":"https:\/\/www.soanam.de\/fr\/produkt\/arizona-strickpullover-in-hell-dunkel-optik-in-blue-used-groesse-44-46\/","title":{"rendered":"Pull-over en maille Arizona, aspect clair-fonc\u00e9, bleu-us\u00e9, taille 44\/46"},"content":{"rendered":"<p>Strickpullover von Arizona<br \/>\nIn Jeans-washed Optik<br \/>\nRippen-Grobstrick - vorn mit Zopfmuster<br \/>\nCoupe ajust\u00e9e<br \/>\nMit Metalllogo<br \/>\nSofte Baumwollqualit\u00e4t<\/p>\n<p>Der Grobstrick Pullover von Arizona pr\u00e4sentiert sich mit einem gro\u00dfen vertikalen Zopfdesign vorn.<br \/>\nDer gerippte V-Ausschnitt sowie die Rippenb\u00fcndchen an den \u00c4rmeln und am Rumpfsaum vervollst\u00e4ndigen den Strick-Look.<\/p>\n<p>Die verwaschene Jeansoptik f\u00fcgt dem Baumwollpullover den beliebten Vintage-Charme hinzu.<\/p>\n<p>Mati\u00e8re : 100% coton<br \/>\nConseils d'entretien : Lavage en machine<\/p>\n<p>Farbe: blue-used<br \/>\nmotif : torsades<br \/>\nTaille : 44\/46<\/p>\n<p>Largeur des \u00e9paules : 47cm<br \/>\nTour de poitrine : 128cm<br \/>\nLongueur des manches : 64cm<br \/>\nlongueur totale : 66cm<\/p>\n<p>&nbsp;<\/p>\n<p>Il s'agit pour ce nouvel article d'un retour client sans \u00e9tiquette.<\/p>","protected":false},"excerpt":{"rendered":"<table class=\"dv_characteristicsTable\">\n<tbody>\n<tr>\n<td class=\"left\">Taille<\/td>\n<td>44\/46<\/td>\n<\/tr>\n<tr>\n<td class=\"left\">Gr\u00f6\u00dfentyp<\/td>\n<td>Normalgr\u00f6\u00dfen<\/td>\n<\/tr>\n<tr>\n<td class=\"left\">Composition du mat\u00e9riau<\/td>\n<td>Obermaterial: 100% Baumwolle<\/td>\n<\/tr>\n<tr>\n<td class=\"left\">Materialart<\/td>\n<td>Strick<\/td>\n<\/tr>\n<tr>\n<td class=\"left\">Conseils d'entretien<\/td>\n<td>Lavage en machine<\/td>\n<\/tr>\n<tr>\n<td class=\"left\">Couleur<\/td>\n<td>blue-used<\/td>\n<\/tr>\n<tr>\n<td class=\"left\">Coupe<\/td>\n<td>figurbetont<\/td>\n<\/tr>\n<tr>\n<td class=\"left\">Schnittform L\u00e4nge<\/td>\n<td>h\u00fcftbedeckend<\/td>\n<\/tr>\n<\/tbody>\n<\/table>","protected":false},"featured_media":81998,"comment_status":"open","ping_status":"closed","template":"","meta":{"_seopress_robots_primary_cat":"","_seopress_titles_title":"","_seopress_titles_desc":"","_seopress_robots_index":""},"product_brand":[],"product_cat":[1348,1456,1465],"product_tag":[],"class_list":{"0":"post-81904","1":"product","2":"type-product","3":"status-publish","4":"has-post-thumbnail","6":"product_cat-damen-mode","7":"product_cat-pullover-sweater","8":"product_cat-strickpullover","9":"product_shipping_class-standard-versand","11":"first","12":"instock","13":"sale","14":"taxable","15":"shipping-taxable","16":"purchasable","17":"product-type-simple"},"_links":{"self":[{"href":"https:\/\/www.soanam.de\/fr\/wp-json\/wp\/v2\/product\/81904","targetHints":{"allow":["GET"]}}],"collection":[{"href":"https:\/\/www.soanam.de\/fr\/wp-json\/wp\/v2\/product"}],"about":[{"href":"https:\/\/www.soanam.de\/fr\/wp-json\/wp\/v2\/types\/product"}],"replies":[{"embeddable":true,"href":"https:\/\/www.soanam.de\/fr\/wp-json\/wp\/v2\/comments?post=81904"}],"wp:featuredmedia":[{"embeddable":true,"href":"https:\/\/www.soanam.de\/fr\/wp-json\/wp\/v2\/media\/81998"}],"wp:attachment":[{"href":"https:\/\/www.soanam.de\/fr\/wp-json\/wp\/v2\/media?parent=81904"}],"wp:term":[{"taxonomy":"product_brand","embeddable":true,"href":"https:\/\/www.soanam.de\/fr\/wp-json\/wp\/v2\/product_brand?post=81904"},{"taxonomy":"product_cat","embeddable":true,"href":"https:\/\/www.soanam.de\/fr\/wp-json\/wp\/v2\/product_cat?post=81904"},{"taxonomy":"product_tag","embeddable":true,"href":"https:\/\/www.soanam.de\/fr\/wp-json\/wp\/v2\/product_tag?post=81904"}],"curies":[{"name":"wp","href":"https:\/\/api.w.org\/{rel}","templated":true}]}}