{"id":81887,"date":"2023-12-14T02:08:00","date_gmt":"2023-12-14T01:08:00","guid":{"rendered":"https:\/\/www.soanam.de\/?post_type=product&#038;p=81887"},"modified":"2023-12-14T02:09:47","modified_gmt":"2023-12-14T01:09:47","slug":"vero-moda-rundhalspullover-vmdoffy-in-woodrose-melange-groesse-l","status":"publish","type":"product","link":"https:\/\/www.soanam.de\/fr\/produkt\/vero-moda-rundhalspullover-vmdoffy-in-woodrose-melange-groesse-l\/","title":{"rendered":"Vero Moda Rundhalspullover VMDOFFY, in Woodrose Melange, Gr\u00f6\u00dfe L"},"content":{"rendered":"<p>Pull basique de VERO MODA<br \/>\nCoupe qui \u00e9pouse la silhouette<br \/>\nQualit\u00e9 douillette avec effet de m\u00e9lange<br \/>\nEn maille facile d'entretien avec du stretch<\/p>\n<p>Tricot\u00e9 de mani\u00e8re classique avec une encolure ronde et des poignets c\u00f4tel\u00e9s, le pull de Vero Moda est intemporel et polyvalent.<br \/>\nSon m\u00e9lange de mati\u00e8res l\u00e9g\u00e8rement \u00e9lastiques pr\u00e9sente un aspect chin\u00e9 attrayant qui renforce aussi visuellement son caract\u00e8re douillet.<\/p>\n<p>Composition : 52% polyester , 42% polyester, 3% \u00e9lasthanne, 3% nylon<br \/>\nConseils d'entretien : Lavage d\u00e9licat<\/p>\n<p>Farbe: woodrose melange<br \/>\n\u00c9chantillon : sans<br \/>\nTaille : L<\/p>\n<p>Largeur des \u00e9paules : 52cm<br \/>\nTour de poitrine : 102cm<br \/>\nLongueur des manches : 63cm<br \/>\nlongueur totale : 62cm<\/p>","protected":false},"excerpt":{"rendered":"<table class=\"dv_characteristicsTable\">\n<tbody>\n<tr>\n<td class=\"left\">Taille<\/td>\n<td>L<\/td>\n<\/tr>\n<tr>\n<td class=\"left\">Gr\u00f6\u00dfentyp<\/td>\n<td>Normalgr\u00f6\u00dfen<\/td>\n<\/tr>\n<tr>\n<td class=\"left\">Composition du mat\u00e9riau<\/td>\n<td>Obermaterial: 52% Polyester\u00a0, 42% Polyester, 3% Elasthan, 3% Nylon<\/td>\n<\/tr>\n<tr>\n<td class=\"left\">Materialart<\/td>\n<td>Strick<\/td>\n<\/tr>\n<tr>\n<td class=\"left\">Materialeigenschaften<\/td>\n<td>Stretch<\/td>\n<\/tr>\n<tr>\n<td class=\"left\">Conseils d'entretien<\/td>\n<td>Lavage en machine<\/td>\n<\/tr>\n<tr>\n<td class=\"left\">Optik<\/td>\n<td>meliert<\/td>\n<\/tr>\n<tr>\n<td class=\"left\">Stil<\/td>\n<td>Basic<\/td>\n<\/tr>\n<tr>\n<td class=\"left\">Couleur<\/td>\n<td>woodrose melange<\/td>\n<\/tr>\n<tr>\n<td class=\"left\">Ausschnitt<\/td>\n<td>Rundhals<\/td>\n<\/tr>\n<tr>\n<td class=\"left\">Ausschnittdetails<\/td>\n<td>Poignets c\u00f4tel\u00e9s<\/td>\n<\/tr>\n<tr>\n<td class=\"left\">\u00c4rmel<\/td>\n<td>Manches longues<\/td>\n<\/tr>\n<tr>\n<td class=\"left\">\u00c4rmeldetails<\/td>\n<td>Raglan\u00e4rmel<\/td>\n<\/tr>\n<tr>\n<td class=\"left\">\u00c4rmelabschluss<\/td>\n<td>Rippstrickb\u00fcndchen<\/td>\n<\/tr>\n<tr>\n<td class=\"left\">Rumpfabschluss<\/td>\n<td>Poignets c\u00f4tel\u00e9s<\/td>\n<\/tr>\n<tr>\n<td class=\"left\">Coupe<\/td>\n<td>figurumspielend<\/td>\n<\/tr>\n<tr>\n<td class=\"left\">Schnittform L\u00e4nge<\/td>\n<td>h\u00fcftlang<\/td>\n<\/tr>\n<tr>\n<td class=\"left\">Besondere Merkmale<\/td>\n<td>in melierter Optik<\/td>\n<\/tr>\n<\/tbody>\n<\/table>","protected":false},"featured_media":81975,"comment_status":"open","ping_status":"closed","template":"","meta":{"_seopress_robots_primary_cat":"","_seopress_titles_title":"","_seopress_titles_desc":"","_seopress_robots_index":""},"product_brand":[],"product_cat":[1348,1456,1465],"product_tag":[],"class_list":{"0":"post-81887","1":"product","2":"type-product","3":"status-publish","4":"has-post-thumbnail","6":"product_cat-damen-mode","7":"product_cat-pullover-sweater","8":"product_cat-strickpullover","9":"product_shipping_class-standard-versand","11":"first","12":"instock","13":"sale","14":"taxable","15":"shipping-taxable","16":"purchasable","17":"product-type-simple"},"_links":{"self":[{"href":"https:\/\/www.soanam.de\/fr\/wp-json\/wp\/v2\/product\/81887","targetHints":{"allow":["GET"]}}],"collection":[{"href":"https:\/\/www.soanam.de\/fr\/wp-json\/wp\/v2\/product"}],"about":[{"href":"https:\/\/www.soanam.de\/fr\/wp-json\/wp\/v2\/types\/product"}],"replies":[{"embeddable":true,"href":"https:\/\/www.soanam.de\/fr\/wp-json\/wp\/v2\/comments?post=81887"}],"wp:featuredmedia":[{"embeddable":true,"href":"https:\/\/www.soanam.de\/fr\/wp-json\/wp\/v2\/media\/81975"}],"wp:attachment":[{"href":"https:\/\/www.soanam.de\/fr\/wp-json\/wp\/v2\/media?parent=81887"}],"wp:term":[{"taxonomy":"product_brand","embeddable":true,"href":"https:\/\/www.soanam.de\/fr\/wp-json\/wp\/v2\/product_brand?post=81887"},{"taxonomy":"product_cat","embeddable":true,"href":"https:\/\/www.soanam.de\/fr\/wp-json\/wp\/v2\/product_cat?post=81887"},{"taxonomy":"product_tag","embeddable":true,"href":"https:\/\/www.soanam.de\/fr\/wp-json\/wp\/v2\/product_tag?post=81887"}],"curies":[{"name":"wp","href":"https:\/\/api.w.org\/{rel}","templated":true}]}}