{"id":81885,"date":"2023-12-14T02:07:59","date_gmt":"2023-12-14T01:07:59","guid":{"rendered":"https:\/\/www.soanam.de\/?post_type=product&#038;p=81885"},"modified":"2023-12-14T02:09:38","modified_gmt":"2023-12-14T01:09:38","slug":"bench-sweat-a-capuche-en-maille-fine-rose-taille-40-42","status":"publish","type":"product","link":"https:\/\/www.soanam.de\/fr\/produkt\/bench-kapuzenpullover-aus-feinstrick-in-rosa-groesse-40-42\/","title":{"rendered":"Bench . Sweat \u00e0 capuche en maille fine, rose, taille 40\/42"},"content":{"rendered":"<p>Pull en maille fine et douce de Bench<br \/>\nAvec grande capuche<br \/>\nGrand motif \u00e9toil\u00e9 sur le devant et le dos<br \/>\npoignets aux manches<br \/>\nM\u00e9lange de coton agr\u00e9able<\/p>\n<p>Le pull d\u00e9contract\u00e9 en maille fine de Bench est \u00e0 la fois d\u00e9contract\u00e9 et f\u00e9minin.<br \/>\nLa grande \u00e9toile qui traverse le devant et le dos attire l'attention et la capuche all\u00e8ge consid\u00e9rablement le look.<br \/>\nLes poignets et les manches sont confortables.<\/p>\n<p>Mati\u00e8re : 60% coton, 30% polyamide, 10% laine<br \/>\nConseils d'entretien : Lavage d\u00e9licat<\/p>\n<p>couleur : rose<br \/>\nmotif : \u00e9toile<br \/>\nTaille : 40\/42<\/p>\n<p>Largeur des \u00e9paules : 57cm<br \/>\nTour de poitrine : 112cm<br \/>\nLongueur des manches : 51cm<br \/>\nlongueur totale : 69cm<\/p>","protected":false},"excerpt":{"rendered":"<table class=\"dv_characteristicsTable\">\n<tbody>\n<tr>\n<td class=\"left\">Taille<\/td>\n<td>40\/42 (M)<\/td>\n<\/tr>\n<tr>\n<td class=\"left\">Gr\u00f6\u00dfentyp<\/td>\n<td>Normalgr\u00f6\u00dfen<\/td>\n<\/tr>\n<tr>\n<td class=\"left\">Composition du mat\u00e9riau<\/td>\n<td>60% Baumwolle, 30% Polyamid, 10% Wolle<\/td>\n<\/tr>\n<tr>\n<td class=\"left\">Materialart<\/td>\n<td>Feinstrick<\/td>\n<\/tr>\n<tr>\n<td class=\"left\">Materialeigenschaften<\/td>\n<td>elastisch<\/td>\n<\/tr>\n<tr>\n<td class=\"left\">Conseils d'entretien<\/td>\n<td>Schonw\u00e4sche<\/td>\n<\/tr>\n<tr>\n<td class=\"left\">Optik<\/td>\n<td>casual<\/td>\n<\/tr>\n<tr>\n<td class=\"left\">Stil<\/td>\n<td>modisch<\/td>\n<\/tr>\n<tr>\n<td class=\"left\">Couleur<\/td>\n<td>rosa<\/td>\n<\/tr>\n<tr>\n<td class=\"left\">Ausschnitt<\/td>\n<td>Capuche<\/td>\n<\/tr>\n<tr>\n<td class=\"left\">Ausschnittdetails<\/td>\n<td>Tunnelzug<\/td>\n<\/tr>\n<tr>\n<td class=\"left\">\u00c4rmel<\/td>\n<td>Manches longues<\/td>\n<\/tr>\n<tr>\n<td class=\"left\">\u00c4rmelabschluss<\/td>\n<td>Poignets c\u00f4tel\u00e9s<\/td>\n<\/tr>\n<tr>\n<td class=\"left\">Rumpfabschluss<\/td>\n<td>Poignets c\u00f4tel\u00e9s<\/td>\n<\/tr>\n<tr>\n<td class=\"left\">Coupe<\/td>\n<td>locker<\/td>\n<\/tr>\n<tr>\n<td class=\"left\">Applikationen<\/td>\n<td>ohne<\/td>\n<\/tr>\n<tr>\n<td class=\"left\">Besondere Merkmale<\/td>\n<td>mit Sternenmuster<\/td>\n<\/tr>\n<\/tbody>\n<\/table>","protected":false},"featured_media":81968,"comment_status":"open","ping_status":"closed","template":"","meta":{"_seopress_robots_primary_cat":"","_seopress_titles_title":"","_seopress_titles_desc":"","_seopress_robots_index":""},"product_brand":[],"product_cat":[1348,1456,1465],"product_tag":[],"class_list":{"0":"post-81885","1":"product","2":"type-product","3":"status-publish","4":"has-post-thumbnail","6":"product_cat-damen-mode","7":"product_cat-pullover-sweater","8":"product_cat-strickpullover","9":"product_shipping_class-standard-versand","11":"first","12":"instock","13":"taxable","14":"shipping-taxable","15":"purchasable","16":"product-type-simple"},"_links":{"self":[{"href":"https:\/\/www.soanam.de\/fr\/wp-json\/wp\/v2\/product\/81885","targetHints":{"allow":["GET"]}}],"collection":[{"href":"https:\/\/www.soanam.de\/fr\/wp-json\/wp\/v2\/product"}],"about":[{"href":"https:\/\/www.soanam.de\/fr\/wp-json\/wp\/v2\/types\/product"}],"replies":[{"embeddable":true,"href":"https:\/\/www.soanam.de\/fr\/wp-json\/wp\/v2\/comments?post=81885"}],"wp:featuredmedia":[{"embeddable":true,"href":"https:\/\/www.soanam.de\/fr\/wp-json\/wp\/v2\/media\/81968"}],"wp:attachment":[{"href":"https:\/\/www.soanam.de\/fr\/wp-json\/wp\/v2\/media?parent=81885"}],"wp:term":[{"taxonomy":"product_brand","embeddable":true,"href":"https:\/\/www.soanam.de\/fr\/wp-json\/wp\/v2\/product_brand?post=81885"},{"taxonomy":"product_cat","embeddable":true,"href":"https:\/\/www.soanam.de\/fr\/wp-json\/wp\/v2\/product_cat?post=81885"},{"taxonomy":"product_tag","embeddable":true,"href":"https:\/\/www.soanam.de\/fr\/wp-json\/wp\/v2\/product_tag?post=81885"}],"curies":[{"name":"wp","href":"https:\/\/api.w.org\/{rel}","templated":true}]}}