{"id":81866,"date":"2023-12-14T02:07:35","date_gmt":"2023-12-14T01:07:35","guid":{"rendered":"https:\/\/www.soanam.de\/?post_type=product&#038;p=81866"},"modified":"2023-12-14T02:09:22","modified_gmt":"2023-12-14T01:09:22","slug":"ajc-pullover-mit-kontraststreifen-in-marine-indigo-pink-groesse-36-38","status":"publish","type":"product","link":"https:\/\/www.soanam.de\/fr\/produkt\/ajc-pullover-mit-kontraststreifen-in-marine-indigo-pink-groesse-36-38\/","title":{"rendered":"AJC Pullover \u00e0 rayures contrast\u00e9es, rose indigo marine, taille 36\/38"},"content":{"rendered":"<p>Pull \u00e0 col rond de AJC<br \/>\nCoupe tr\u00e8s ajust\u00e9e, l\u00e9g\u00e8rement cintr\u00e9e<br \/>\nBords c\u00f4te aux ourlets, \u00e9tiquette discr\u00e8te<br \/>\nTricot fin et agr\u00e9able \u00e0 porter en coton m\u00e9lang\u00e9<\/p>\n<p>Ce pull-over en maille fine d'AJC est \u00e0 la fois d\u00e9contract\u00e9 et f\u00e9minin.<br \/>\nCe qui attire le plus l'attention, c'est la bande de couleur contrast\u00e9e tout en haut.<br \/>\nMais en fait, c'est son ensemble cool qui fait l'effet de ce pull : l'interaction entre la grande encolure ronde, l'aspect ray\u00e9 et la coupe pr\u00e8s du corps.<\/p>\n<p>Mati\u00e8re : 50% coton, 50% polyacrylique<br \/>\nConseils d'entretien : Lavage en machine<\/p>\n<p>Farbe: marine-indigo-pink<br \/>\nmotif : rayures<br \/>\nTaille : 36\/38<\/p>\n<p>largeur des \u00e9paules : 35cm<br \/>\nTour de poitrine : 84cm<br \/>\nLongueur des manches : 63cm<br \/>\nlongueur totale : 65cm<\/p>","protected":false},"excerpt":{"rendered":"<table class=\"dv_characteristicsTable\">\n<tbody>\n<tr>\n<td class=\"left\">Taille<\/td>\n<td>36\/38 (S)<\/td>\n<\/tr>\n<tr>\n<td class=\"left\">Gr\u00f6\u00dfentyp<\/td>\n<td>Normalgr\u00f6\u00dfen<\/td>\n<\/tr>\n<tr>\n<td class=\"left\">Composition du mat\u00e9riau<\/td>\n<td>Obermaterial: 50% Baumwolle, 50% Polyacryl<\/td>\n<\/tr>\n<tr>\n<td class=\"left\">Materialart<\/td>\n<td>Feinstrick<\/td>\n<\/tr>\n<tr>\n<td class=\"left\">Materialeigenschaften<\/td>\n<td>elastisch<\/td>\n<\/tr>\n<tr>\n<td class=\"left\">Conseils d'entretien<\/td>\n<td>Lavage en machine<\/td>\n<\/tr>\n<tr>\n<td class=\"left\">Optik<\/td>\n<td>gestreift, mehrfarbig<\/td>\n<\/tr>\n<tr>\n<td class=\"left\">Stil<\/td>\n<td>modisch<\/td>\n<\/tr>\n<tr>\n<td class=\"left\">Couleur<\/td>\n<td>marine-indigo-pink<\/td>\n<\/tr>\n<tr>\n<td class=\"left\">Ausschnitt<\/td>\n<td>Rundhals<\/td>\n<\/tr>\n<tr>\n<td class=\"left\">Ausschnittdetails<\/td>\n<td>Poignets c\u00f4tel\u00e9s<\/td>\n<\/tr>\n<tr>\n<td class=\"left\">\u00c4rmel<\/td>\n<td>Manches longues<\/td>\n<\/tr>\n<tr>\n<td class=\"left\">\u00c4rmelabschluss<\/td>\n<td>Poignets c\u00f4tel\u00e9s<\/td>\n<\/tr>\n<tr>\n<td class=\"left\">Rumpfabschluss<\/td>\n<td>Poignets c\u00f4tel\u00e9s<\/td>\n<\/tr>\n<tr>\n<td class=\"left\">Coupe<\/td>\n<td>sehr figurbetont<\/td>\n<\/tr>\n<tr>\n<td class=\"left\">Applikationen<\/td>\n<td>Markenlabel<\/td>\n<\/tr>\n<tr>\n<td class=\"left\">Besondere Merkmale<\/td>\n<td>mit modischen Kontraststreifen<\/td>\n<\/tr>\n<\/tbody>\n<\/table>","protected":false},"featured_media":81956,"comment_status":"open","ping_status":"closed","template":"","meta":{"_seopress_robots_primary_cat":"","_seopress_titles_title":"","_seopress_titles_desc":"","_seopress_robots_index":""},"product_brand":[],"product_cat":[1348,1456,1465],"product_tag":[],"class_list":{"0":"post-81866","1":"product","2":"type-product","3":"status-publish","4":"has-post-thumbnail","6":"product_cat-damen-mode","7":"product_cat-pullover-sweater","8":"product_cat-strickpullover","9":"product_shipping_class-standard-versand","11":"first","12":"instock","13":"sale","14":"taxable","15":"shipping-taxable","16":"purchasable","17":"product-type-simple"},"_links":{"self":[{"href":"https:\/\/www.soanam.de\/fr\/wp-json\/wp\/v2\/product\/81866","targetHints":{"allow":["GET"]}}],"collection":[{"href":"https:\/\/www.soanam.de\/fr\/wp-json\/wp\/v2\/product"}],"about":[{"href":"https:\/\/www.soanam.de\/fr\/wp-json\/wp\/v2\/types\/product"}],"replies":[{"embeddable":true,"href":"https:\/\/www.soanam.de\/fr\/wp-json\/wp\/v2\/comments?post=81866"}],"wp:featuredmedia":[{"embeddable":true,"href":"https:\/\/www.soanam.de\/fr\/wp-json\/wp\/v2\/media\/81956"}],"wp:attachment":[{"href":"https:\/\/www.soanam.de\/fr\/wp-json\/wp\/v2\/media?parent=81866"}],"wp:term":[{"taxonomy":"product_brand","embeddable":true,"href":"https:\/\/www.soanam.de\/fr\/wp-json\/wp\/v2\/product_brand?post=81866"},{"taxonomy":"product_cat","embeddable":true,"href":"https:\/\/www.soanam.de\/fr\/wp-json\/wp\/v2\/product_cat?post=81866"},{"taxonomy":"product_tag","embeddable":true,"href":"https:\/\/www.soanam.de\/fr\/wp-json\/wp\/v2\/product_tag?post=81866"}],"curies":[{"name":"wp","href":"https:\/\/api.w.org\/{rel}","templated":true}]}}