{"id":81847,"date":"2023-12-14T02:07:11","date_gmt":"2023-12-14T01:07:11","guid":{"rendered":"https:\/\/www.soanam.de\/?post_type=product&#038;p=81847"},"modified":"2023-12-14T02:09:11","modified_gmt":"2023-12-14T01:09:11","slug":"laura-scott-pull-long-avec-fentes-laterales-en-bleu-clair-taille-34","status":"publish","type":"product","link":"https:\/\/www.soanam.de\/fr\/produkt\/laura-scott-longpullover-mit-seitenschlitzen-in-light-blue-groesse-34\/","title":{"rendered":"Laura Scott Pull long avec fentes lat\u00e9rales, bleu clair, taille 34"},"content":{"rendered":"<p>Beau pull en maille fine avec manches 3\/4<br \/>\nForme droite d\u00e9contract\u00e9e<br \/>\nCoupe droite avec deux fentes lat\u00e9rales<br \/>\nBasic en forme longue<br \/>\nM\u00e9lange de viscose doux et agr\u00e9able<\/p>\n<p>La coupe droite avec une large encolure ronde et des manches 3\/4 basses tombe de mani\u00e8re particuli\u00e8rement d\u00e9contract\u00e9e gr\u00e2ce \u00e0 la qualit\u00e9 douce de la maille fine. Les fentes lat\u00e9rales conf\u00e8rent au pull en maille de Laura Scott une confortable libert\u00e9 de mouvement.<\/p>\n<p>Mati\u00e8re : 70% viscose, 30% polyamide<br \/>\nConseils d'entretien : Lavage en machine<\/p>\n<p>Couleur : lightblue<br \/>\n\u00c9chantillon : sans<br \/>\nTaille : 34<\/p>\n<p>Largeur des \u00e9paules : 51cm<br \/>\nTour de poitrine : 101cm<br \/>\nLongueur des manches : 34cm<br \/>\nlongueur totale : 73cm<\/p>","protected":false},"excerpt":{"rendered":"<table class=\"dv_characteristicsTable\">\n<tbody>\n<tr>\n<td class=\"left\">Taille<\/td>\n<td>34<\/td>\n<\/tr>\n<tr>\n<td class=\"left\">Gr\u00f6\u00dfentyp<\/td>\n<td>Normalgr\u00f6\u00dfen<\/td>\n<\/tr>\n<tr>\n<td class=\"left\">Composition du mat\u00e9riau<\/td>\n<td>Obermaterial: 70% Viskose, 30% Polyamid<\/td>\n<\/tr>\n<tr>\n<td class=\"left\">Materialart<\/td>\n<td>Feinstrick<\/td>\n<\/tr>\n<tr>\n<td class=\"left\">Materialeigenschaften<\/td>\n<td>elastisch<\/td>\n<\/tr>\n<tr>\n<td class=\"left\">Conseils d'entretien<\/td>\n<td>Lavage en machine<\/td>\n<\/tr>\n<tr>\n<td class=\"left\">Optik<\/td>\n<td>unifarben<\/td>\n<\/tr>\n<tr>\n<td class=\"left\">Stil<\/td>\n<td>casual<\/td>\n<\/tr>\n<tr>\n<td class=\"left\">Couleur<\/td>\n<td>hellgrau-melange<\/td>\n<\/tr>\n<tr>\n<td class=\"left\">Ausschnitt<\/td>\n<td>Rundhals<\/td>\n<\/tr>\n<tr>\n<td class=\"left\">\u00c4rmel<\/td>\n<td>3\/4-\u00c4rmel<\/td>\n<\/tr>\n<tr>\n<td class=\"left\">Rumpfabschlussdetails<\/td>\n<td>mit Schlitz<\/td>\n<\/tr>\n<tr>\n<td class=\"left\">Coupe<\/td>\n<td>l\u00e4ssig geschnitten<\/td>\n<\/tr>\n<tr>\n<td class=\"left\">Schnittform L\u00e4nge<\/td>\n<td>lang<\/td>\n<\/tr>\n<tr>\n<td class=\"left\">Besondere Merkmale<\/td>\n<td>mit Seitenschlitzen<\/td>\n<\/tr>\n<\/tbody>\n<\/table>","protected":false},"featured_media":81945,"comment_status":"open","ping_status":"closed","template":"","meta":{"_seopress_robots_primary_cat":"","_seopress_titles_title":"","_seopress_titles_desc":"","_seopress_robots_index":""},"product_brand":[],"product_cat":[1348,1456,1465],"product_tag":[],"class_list":{"0":"post-81847","1":"product","2":"type-product","3":"status-publish","4":"has-post-thumbnail","6":"product_cat-damen-mode","7":"product_cat-pullover-sweater","8":"product_cat-strickpullover","9":"product_shipping_class-standard-versand","11":"first","12":"instock","13":"taxable","14":"shipping-taxable","15":"purchasable","16":"product-type-simple"},"_links":{"self":[{"href":"https:\/\/www.soanam.de\/fr\/wp-json\/wp\/v2\/product\/81847","targetHints":{"allow":["GET"]}}],"collection":[{"href":"https:\/\/www.soanam.de\/fr\/wp-json\/wp\/v2\/product"}],"about":[{"href":"https:\/\/www.soanam.de\/fr\/wp-json\/wp\/v2\/types\/product"}],"replies":[{"embeddable":true,"href":"https:\/\/www.soanam.de\/fr\/wp-json\/wp\/v2\/comments?post=81847"}],"wp:featuredmedia":[{"embeddable":true,"href":"https:\/\/www.soanam.de\/fr\/wp-json\/wp\/v2\/media\/81945"}],"wp:attachment":[{"href":"https:\/\/www.soanam.de\/fr\/wp-json\/wp\/v2\/media?parent=81847"}],"wp:term":[{"taxonomy":"product_brand","embeddable":true,"href":"https:\/\/www.soanam.de\/fr\/wp-json\/wp\/v2\/product_brand?post=81847"},{"taxonomy":"product_cat","embeddable":true,"href":"https:\/\/www.soanam.de\/fr\/wp-json\/wp\/v2\/product_cat?post=81847"},{"taxonomy":"product_tag","embeddable":true,"href":"https:\/\/www.soanam.de\/fr\/wp-json\/wp\/v2\/product_tag?post=81847"}],"curies":[{"name":"wp","href":"https:\/\/api.w.org\/{rel}","templated":true}]}}