{"id":81826,"date":"2023-12-14T02:06:47","date_gmt":"2023-12-14T01:06:47","guid":{"rendered":"https:\/\/www.soanam.de\/?post_type=product&#038;p=81826"},"modified":"2023-12-14T02:08:47","modified_gmt":"2023-12-14T01:08:47","slug":"uniqlo-femme-veste-teddyfleece-blanc-casse-taille-xs","status":"publish","type":"product","link":"https:\/\/www.soanam.de\/fr\/produkt\/uniqlo-damen-teddyfleece-jacke-in-off-white-groesse-xs\/","title":{"rendered":"Veste femme Uniqlo en polaire Teddy, en blanc cass\u00e9, taille XS"},"content":{"rendered":"<p>Veste en polaire Teddy de Uniqlo<\/p>\n<p>Super doux et soft<\/p>\n<p>L\u00e9ger, doux et r\u00e9chauffant<\/p>\n<p>Avec col montant, fermeture \u00e9clair et poches lat\u00e9rales<\/p>\n<p>En polaire Teddy super douce, le facteur de bien-\u00eatre 100%ig est garanti.<\/p>\n<div><span style=\"font-family: Arial;\">La mati\u00e8re raffin\u00e9e en polaire teddy offre un confort optimal pour les looks modernes.<\/span><\/div>\n<div><span style=\"font-family: Arial;\">La polaire Teddy est l\u00e9g\u00e8re, douce et chaude.<\/span><\/div>\n<div><span style=\"font-family: Arial;\">La veste peut \u00eatre port\u00e9e seule ou en superposition.<\/span><\/div>\n<div><span style=\"font-family: Arial;\">Le col ne g\u00eane pas ton visage.<\/span><\/div>\n<div><span style=\"font-family: Arial;\">Le design \u00e0 longueur de hanches offre chaleur et confort.<\/span><\/div>\n<p>Mat\u00e9riau : polyester 100%<br \/>\nConseils d'entretien : Lavage en machine sur cycle d\u00e9licat<\/p>\n<p>Couleur : blanc cass\u00e9<br \/>\n\u00c9chantillon : sans<br \/>\nTaille : XS mais taille grande<\/p>\n<p>Largeur des \u00e9paules : 44cm<br \/>\nTour de poitrine : 106cm<br \/>\nLongueur des manches : 58cm<br \/>\nlongueur totale : 67cm<\/p>","protected":false},"excerpt":{"rendered":"<table class=\"dv_characteristicsTable\">\n<tbody>\n<tr>\n<td class=\"left\">Taille<\/td>\n<td>XS<\/td>\n<\/tr>\n<tr>\n<td class=\"left\">Gr\u00f6\u00dfentyp<\/td>\n<td>Normalgr\u00f6\u00dfen<\/td>\n<\/tr>\n<tr>\n<td class=\"left\">Composition du mat\u00e9riau<\/td>\n<td>Dessus : 100% polyester<\/td>\n<\/tr>\n<tr>\n<td class=\"left\">Materialart<\/td>\n<td>Teddyfleece<\/td>\n<\/tr>\n<tr>\n<td class=\"left\">Materialeigenschaften<\/td>\n<td>leicht, w\u00e4rmend<\/td>\n<\/tr>\n<tr>\n<td class=\"left\">Conseils d'entretien<\/td>\n<td>Schonw\u00e4sche<\/td>\n<\/tr>\n<tr>\n<td class=\"left\">Optik<\/td>\n<td>unifarben<\/td>\n<\/tr>\n<tr>\n<td class=\"left\">Stil<\/td>\n<td>feminin<\/td>\n<\/tr>\n<tr>\n<td class=\"left\">Couleur<\/td>\n<td>blanc cass\u00e9<\/td>\n<\/tr>\n<tr>\n<td class=\"left\">Kragen<\/td>\n<td>Col montant<\/td>\n<\/tr>\n<tr>\n<td class=\"left\">Schnittform L\u00e4nge<\/td>\n<td>h\u00fcftlang<\/td>\n<\/tr>\n<tr>\n<td class=\"left\">Verschluss<\/td>\n<td>Fermeture \u00e0 glissi\u00e8re<\/td>\n<\/tr>\n<tr>\n<td class=\"left\">Besondere Merkmale<\/td>\n<td>f\u00e4llt gr\u00f6\u00dfer aus<\/td>\n<\/tr>\n<tr>\n<td class=\"left\"><\/td>\n<td><\/td>\n<\/tr>\n<tr>\n<td class=\"left\"><\/td>\n<td><\/td>\n<\/tr>\n<tr>\n<td class=\"left\"><\/td>\n<td><\/td>\n<\/tr>\n<tr>\n<td class=\"left\"><\/td>\n<td><\/td>\n<\/tr>\n<\/tbody>\n<\/table>","protected":false},"featured_media":81921,"comment_status":"open","ping_status":"closed","template":"","meta":{"_seopress_robots_primary_cat":"","_seopress_titles_title":"","_seopress_titles_desc":"","_seopress_robots_index":""},"product_brand":[],"product_cat":[1348,1456,1465],"product_tag":[],"class_list":{"0":"post-81826","1":"product","2":"type-product","3":"status-publish","4":"has-post-thumbnail","6":"product_cat-damen-mode","7":"product_cat-pullover-sweater","8":"product_cat-strickpullover","9":"product_shipping_class-standard-versand","11":"first","12":"instock","13":"sale","14":"taxable","15":"shipping-taxable","16":"purchasable","17":"product-type-simple"},"_links":{"self":[{"href":"https:\/\/www.soanam.de\/fr\/wp-json\/wp\/v2\/product\/81826","targetHints":{"allow":["GET"]}}],"collection":[{"href":"https:\/\/www.soanam.de\/fr\/wp-json\/wp\/v2\/product"}],"about":[{"href":"https:\/\/www.soanam.de\/fr\/wp-json\/wp\/v2\/types\/product"}],"replies":[{"embeddable":true,"href":"https:\/\/www.soanam.de\/fr\/wp-json\/wp\/v2\/comments?post=81826"}],"wp:featuredmedia":[{"embeddable":true,"href":"https:\/\/www.soanam.de\/fr\/wp-json\/wp\/v2\/media\/81921"}],"wp:attachment":[{"href":"https:\/\/www.soanam.de\/fr\/wp-json\/wp\/v2\/media?parent=81826"}],"wp:term":[{"taxonomy":"product_brand","embeddable":true,"href":"https:\/\/www.soanam.de\/fr\/wp-json\/wp\/v2\/product_brand?post=81826"},{"taxonomy":"product_cat","embeddable":true,"href":"https:\/\/www.soanam.de\/fr\/wp-json\/wp\/v2\/product_cat?post=81826"},{"taxonomy":"product_tag","embeddable":true,"href":"https:\/\/www.soanam.de\/fr\/wp-json\/wp\/v2\/product_tag?post=81826"}],"curies":[{"name":"wp","href":"https:\/\/api.w.org\/{rel}","templated":true}]}}