{"id":81825,"date":"2023-12-14T02:06:47","date_gmt":"2023-12-14T01:06:47","guid":{"rendered":"https:\/\/www.soanam.de\/?post_type=product&#038;p=81825"},"modified":"2023-12-14T02:08:43","modified_gmt":"2023-12-14T01:08:43","slug":"bruno-banani-rollkragenpullover-mit-metalllogo-in-weinrot-groesse-40-42","status":"publish","type":"product","link":"https:\/\/www.soanam.de\/fr\/produkt\/bruno-banani-rollkragenpullover-mit-metalllogo-in-weinrot-groesse-40-42\/","title":{"rendered":"Bruno Banani Pull \u00e0 col roul\u00e9 avec logo m\u00e9tallique, bordeaux, taille 40\/42"},"content":{"rendered":"<p>Klassischer Rollkragenpullover von Bruno Banani<br \/>\nAnschmiegsam, dank weicher Viskose-Mischqualit\u00e4t<br \/>\nPerfekter Sitz und hoher Tragekomfort<br \/>\nRollkragen mit Rippstruktur<br \/>\nF\u00fcr einen Stil-sicheren Office-Look<\/p>\n<p>Aus supersoftem Feinstrick gearbeitet bietet der klassische Rollkragenpullover von Bruno Banani einmaligen Komfort und einen eng anliegenden Schnitt.<br \/>\nH\u00fcbsches Detail: das kleine Metalllabel am Rollkragen.<br \/>\nDie feine Textierung aus edlem Viskosemix f\u00fchlt sich dabei superangenehm auf der Haut an.<\/p>\n<p>Mati\u00e8re : 70% viscose, 30% polyamide<br \/>\nConseils d'entretien : Lavage en machine<\/p>\n<p>couleur : rouge vin<br \/>\n\u00c9chantillon : sans<br \/>\nTaille : 40\/42<\/p>\n<p>Largeur des \u00e9paules : 42cm<br \/>\nTour de poitrine : 98cm<br \/>\nLongueur des manches : 63cm<br \/>\nlongueur totale : 67cm<\/p>\n<p>Il s'agit pour ce nouvel article d'un retour client sans \u00e9tiquette.<\/p>","protected":false},"excerpt":{"rendered":"<table class=\"dv_characteristicsTable\">\n<tbody>\n<tr>\n<td class=\"left\">Taille<\/td>\n<td>40\/42<\/td>\n<\/tr>\n<tr>\n<td class=\"left\">Gr\u00f6\u00dfentyp<\/td>\n<td>Normalgr\u00f6\u00dfen<\/td>\n<\/tr>\n<tr>\n<td class=\"left\">Composition du mat\u00e9riau<\/td>\n<td>Obermaterial: 70% Viskose, 30% Polyamid<\/td>\n<\/tr>\n<tr>\n<td class=\"left\">Materialart<\/td>\n<td>Feinstrick<\/td>\n<\/tr>\n<tr>\n<td class=\"left\">Materialeigenschaften<\/td>\n<td>elastisch<\/td>\n<\/tr>\n<tr>\n<td class=\"left\">Conseils d'entretien<\/td>\n<td>Lavage en machine<\/td>\n<\/tr>\n<tr>\n<td class=\"left\">Optik<\/td>\n<td>unifarben<\/td>\n<\/tr>\n<tr>\n<td class=\"left\">Stil<\/td>\n<td>feminin<\/td>\n<\/tr>\n<tr>\n<td class=\"left\">Couleur<\/td>\n<td>weinrot<\/td>\n<\/tr>\n<tr>\n<td class=\"left\">Kragen<\/td>\n<td>Col roul\u00e9<\/td>\n<\/tr>\n<tr>\n<td class=\"left\">\u00c4rmel<\/td>\n<td>Manches longues<\/td>\n<\/tr>\n<tr>\n<td class=\"left\">\u00c4rmelabschluss<\/td>\n<td>Poignets c\u00f4tel\u00e9s<\/td>\n<\/tr>\n<tr>\n<td class=\"left\">Rumpfabschluss<\/td>\n<td>Rippstrick<\/td>\n<\/tr>\n<tr>\n<td class=\"left\">Coupe<\/td>\n<td>figurbetont<\/td>\n<\/tr>\n<tr>\n<td class=\"left\">Schnittform L\u00e4nge<\/td>\n<td>h\u00fcftlang<\/td>\n<\/tr>\n<tr>\n<td class=\"left\">Verschluss<\/td>\n<td>ohne Verschluss<\/td>\n<\/tr>\n<tr>\n<td class=\"left\">Besondere Merkmale<\/td>\n<td>mit Metalllogo<\/td>\n<\/tr>\n<\/tbody>\n<\/table>","protected":false},"featured_media":81917,"comment_status":"open","ping_status":"closed","template":"","meta":{"_seopress_robots_primary_cat":"","_seopress_titles_title":"","_seopress_titles_desc":"","_seopress_robots_index":""},"product_brand":[],"product_cat":[1348,1456,1465],"product_tag":[],"class_list":{"0":"post-81825","1":"product","2":"type-product","3":"status-publish","4":"has-post-thumbnail","6":"product_cat-damen-mode","7":"product_cat-pullover-sweater","8":"product_cat-strickpullover","9":"product_shipping_class-standard-versand","11":"first","12":"instock","13":"sale","14":"taxable","15":"shipping-taxable","16":"purchasable","17":"product-type-simple"},"_links":{"self":[{"href":"https:\/\/www.soanam.de\/fr\/wp-json\/wp\/v2\/product\/81825","targetHints":{"allow":["GET"]}}],"collection":[{"href":"https:\/\/www.soanam.de\/fr\/wp-json\/wp\/v2\/product"}],"about":[{"href":"https:\/\/www.soanam.de\/fr\/wp-json\/wp\/v2\/types\/product"}],"replies":[{"embeddable":true,"href":"https:\/\/www.soanam.de\/fr\/wp-json\/wp\/v2\/comments?post=81825"}],"wp:featuredmedia":[{"embeddable":true,"href":"https:\/\/www.soanam.de\/fr\/wp-json\/wp\/v2\/media\/81917"}],"wp:attachment":[{"href":"https:\/\/www.soanam.de\/fr\/wp-json\/wp\/v2\/media?parent=81825"}],"wp:term":[{"taxonomy":"product_brand","embeddable":true,"href":"https:\/\/www.soanam.de\/fr\/wp-json\/wp\/v2\/product_brand?post=81825"},{"taxonomy":"product_cat","embeddable":true,"href":"https:\/\/www.soanam.de\/fr\/wp-json\/wp\/v2\/product_cat?post=81825"},{"taxonomy":"product_tag","embeddable":true,"href":"https:\/\/www.soanam.de\/fr\/wp-json\/wp\/v2\/product_tag?post=81825"}],"curies":[{"name":"wp","href":"https:\/\/api.w.org\/{rel}","templated":true}]}}