{"id":81759,"date":"2023-12-14T02:05:28","date_gmt":"2023-12-14T01:05:28","guid":{"rendered":"https:\/\/www.soanam.de\/?post_type=product&#038;p=81759"},"modified":"2023-12-14T02:07:57","modified_gmt":"2023-12-14T01:07:57","slug":"my-home-bettwaesche-cison-2-tlg-in-taupe-135cm-x-200cm-80cm-x-80cm","status":"publish","type":"product","link":"https:\/\/www.soanam.de\/fr\/produkt\/my-home-bettwaesche-cison-2-tlg-in-taupe-135cm-x-200cm-80cm-x-80cm\/","title":{"rendered":"my home Bettw\u00e4sche Cison, 2-tlg., in Taupe, 135cm x 200cm \/ 80cm x 80cm"},"content":{"rendered":"<p>Bettw\u00e4sche mit verspieltem Alloverdruck von my home<br \/>\nZarte Ornamente in moderner Farbgebung<br \/>\nMit verdeckter Knopfleiste<br \/>\nAus reiner Baumwolle hergestellt<\/p>\n<p>Die hochwertig verarbeitete Bettw\u00e4sche Cison von my home mit verdeckter Knopfleiste tr\u00e4gt zum Wohlf\u00fchlklima im Schlafzimmer bei.<br \/>\nOptisch begeistert der Kissen- und Bettbezug durch den verspielten Alloverprint der an orientalisches Muster erinnert.<br \/>\nF\u00fcr die Fertigung wurde eine reine Baumwolle verwendet, die angenehm hautfreundlich ist.<br \/>\nIm Weiteren l\u00e4sst sich die Garnitur bei bis zu 60 \u00b0C in der Maschine waschen.<\/p>\n<p>Mati\u00e8re : 100% coton<br \/>\nConseils d'entretien : Lavage en machine<\/p>\n<p>Farbe: taupe<br \/>\nMuster: orientalisch<br \/>\nTaille de la couverture : 1 pc x 135 cm x 200 cm<br \/>\nTaille de l'oreiller : 1 pc. x 80 cm x 80 cm<\/p>","protected":false},"excerpt":{"rendered":"<table class=\"dv_characteristicsTable\">\n<tbody>\n<tr>\n<td class=\"left\">Anzahl Teile<\/td>\n<td>2 tlg.<\/td>\n<\/tr>\n<tr>\n<td class=\"left\">Anzahl Bettbez\u00fcge<\/td>\n<td>1 St.<\/td>\n<\/tr>\n<tr>\n<td class=\"left\">Anzahl Kissenbez\u00fcge<\/td>\n<td>1 St.<\/td>\n<\/tr>\n<\/tbody>\n<\/table>\n<table class=\"dv_characteristicsTable\">\n<tbody>\n<tr>\n<td class=\"left\">Breite Bettbezug<\/td>\n<td>135 cm<\/td>\n<\/tr>\n<tr>\n<td class=\"left\">L\u00e4nge Bettbezug<\/td>\n<td>200 cm<\/td>\n<\/tr>\n<tr>\n<td class=\"left\">Breite Kissenbezug<\/td>\n<td>80 cm<\/td>\n<\/tr>\n<tr>\n<td class=\"left\">L\u00e4nge Kissenbezug<\/td>\n<td>80 cm<\/td>\n<\/tr>\n<\/tbody>\n<\/table>\n<table class=\"dv_characteristicsTable\">\n<tbody>\n<tr>\n<td class=\"left\">Couleur<\/td>\n<td>taupe<\/td>\n<\/tr>\n<tr>\n<td class=\"left\">Optik Kissenbezug<\/td>\n<td>Ornamente<\/td>\n<\/tr>\n<tr>\n<td class=\"left\">Optik Bettbezug<\/td>\n<td>Ornamente<\/td>\n<\/tr>\n<\/tbody>\n<\/table>\n<table class=\"dv_characteristicsTable\">\n<tbody>\n<tr>\n<td class=\"left\">Verschluss Kissenbezug<\/td>\n<td>Kn\u00f6pfe<\/td>\n<\/tr>\n<tr>\n<td class=\"left\">Verschluss Bettbezug<\/td>\n<td>Kn\u00f6pfe<\/td>\n<\/tr>\n<\/tbody>\n<\/table>\n<table class=\"dv_characteristicsTable\">\n<tbody>\n<tr>\n<td class=\"left\">Materialart<\/td>\n<td>Linon<\/td>\n<\/tr>\n<tr>\n<td class=\"left\">Composition du mat\u00e9riau<\/td>\n<td>Obermaterial: 100% Baumwolle<\/td>\n<\/tr>\n<tr>\n<td class=\"left\">Fl\u00e4chengewicht<\/td>\n<td>91 g\/m\u00b2<\/td>\n<\/tr>\n<\/tbody>\n<\/table>\n<table class=\"dv_characteristicsTable\">\n<tbody>\n<tr>\n<td class=\"left\">Conseils d'entretien<\/td>\n<td>60\u00b0C Maschinenw\u00e4sche<br \/>\ntrocknergeeignet<\/td>\n<\/tr>\n<\/tbody>\n<\/table>","protected":false},"featured_media":81883,"comment_status":"open","ping_status":"closed","template":"","meta":{"_seopress_robots_primary_cat":"","_seopress_titles_title":"","_seopress_titles_desc":"","_seopress_robots_index":""},"product_brand":[],"product_cat":[1400,1420],"product_tag":[],"class_list":{"0":"post-81759","1":"product","2":"type-product","3":"status-publish","4":"has-post-thumbnail","6":"product_cat-wohnzubehoer","7":"product_cat-wohndekoration","9":"first","10":"instock","11":"sale","12":"taxable","13":"shipping-taxable","14":"purchasable","15":"product-type-simple"},"_links":{"self":[{"href":"https:\/\/www.soanam.de\/fr\/wp-json\/wp\/v2\/product\/81759","targetHints":{"allow":["GET"]}}],"collection":[{"href":"https:\/\/www.soanam.de\/fr\/wp-json\/wp\/v2\/product"}],"about":[{"href":"https:\/\/www.soanam.de\/fr\/wp-json\/wp\/v2\/types\/product"}],"replies":[{"embeddable":true,"href":"https:\/\/www.soanam.de\/fr\/wp-json\/wp\/v2\/comments?post=81759"}],"wp:featuredmedia":[{"embeddable":true,"href":"https:\/\/www.soanam.de\/fr\/wp-json\/wp\/v2\/media\/81883"}],"wp:attachment":[{"href":"https:\/\/www.soanam.de\/fr\/wp-json\/wp\/v2\/media?parent=81759"}],"wp:term":[{"taxonomy":"product_brand","embeddable":true,"href":"https:\/\/www.soanam.de\/fr\/wp-json\/wp\/v2\/product_brand?post=81759"},{"taxonomy":"product_cat","embeddable":true,"href":"https:\/\/www.soanam.de\/fr\/wp-json\/wp\/v2\/product_cat?post=81759"},{"taxonomy":"product_tag","embeddable":true,"href":"https:\/\/www.soanam.de\/fr\/wp-json\/wp\/v2\/product_tag?post=81759"}],"curies":[{"name":"wp","href":"https:\/\/api.w.org\/{rel}","templated":true}]}}