{"id":81649,"date":"2023-12-14T02:03:12","date_gmt":"2023-12-14T01:03:12","guid":{"rendered":"https:\/\/www.soanam.de\/?post_type=product&#038;p=81649"},"modified":"2023-12-14T02:05:23","modified_gmt":"2023-12-14T01:05:23","slug":"nanga-enfants-pantoufles-koala-babys-en-beige-taille-32","status":"publish","type":"product","link":"https:\/\/www.soanam.de\/fr\/produkt\/nanga-kinder-hausschuhe-koala-babys-in-beere-groesse-32\/","title":{"rendered":"NANGA Chaussons Koala Babys, beige, taille 32"},"content":{"rendered":"<p>Chaussons pour enfants de Nanga<br \/>\nDoux, laineux et confortable<br \/>\nAvec application Koala et semelle en caoutchouc naturel<\/p>\n<p>Les adorables pantoufles NANGA en mat\u00e9riaux naturels garantissent une chaleur agr\u00e9able et un confort parfait.<br \/>\nLes chaussures pour enfants sont fabriqu\u00e9es \u00e0 l'int\u00e9rieur comme \u00e0 l'ext\u00e9rieur en laine vierge douce et moelleuse.<br \/>\nLa semelle antid\u00e9rapante de ces adorables chaussons est en caoutchouc naturel et les inserts \u00e9lastiques facilitent l'enfilage et le retrait.<\/p>\n<p>Mati\u00e8re : 100% laine vierge<br \/>\nConseils d'entretien : Lavage en machine<\/p>\n<p>couleur : baie<br \/>\nMotif : application koala<br \/>\nTaille : 32<\/p>\n<p>Il s'agit pour ce nouvel article d'un retour client sans \u00e9tiquette.<\/p>","protected":false},"excerpt":{"rendered":"<table class=\"dv_characteristicsTable\">\n<tbody>\n<tr>\n<td class=\"left\">Taille<\/td>\n<td>32 EU<\/td>\n<\/tr>\n<tr>\n<td class=\"left\">Couleur<\/td>\n<td>bunt<\/td>\n<\/tr>\n<tr>\n<td class=\"left\">Dessus<\/td>\n<td>Laine<\/td>\n<\/tr>\n<tr>\n<td class=\"left\">Innenmaterial<\/td>\n<td>Laine<\/td>\n<\/tr>\n<tr>\n<td class=\"left\">Composition du mat\u00e9riau<\/td>\n<td>Laine<\/td>\n<\/tr>\n<tr>\n<td class=\"left\">Stil<\/td>\n<td>Casual<\/td>\n<\/tr>\n<tr>\n<td class=\"left\">Besondere Merkmale<\/td>\n<td>Baie<\/td>\n<\/tr>\n<tr>\n<td class=\"left\">Verschluss<\/td>\n<td>ohne Verschluss<\/td>\n<\/tr>\n<tr>\n<td class=\"left\">Schuhspitze<\/td>\n<td>rund<\/td>\n<\/tr>\n<\/tbody>\n<\/table>","protected":false},"featured_media":81748,"comment_status":"open","ping_status":"closed","template":"","meta":{"_seopress_robots_primary_cat":"","_seopress_titles_title":"","_seopress_titles_desc":"","_seopress_robots_index":""},"product_brand":[],"product_cat":[1351,1506,1596],"product_tag":[],"class_list":{"0":"post-81649","1":"product","2":"type-product","3":"status-publish","4":"has-post-thumbnail","6":"product_cat-kindermode","7":"product_cat-schuhe-kindermode","8":"product_cat-hausschuhe","9":"product_shipping_class-standard-versand","11":"first","12":"instock","13":"sale","14":"taxable","15":"shipping-taxable","16":"purchasable","17":"product-type-simple"},"_links":{"self":[{"href":"https:\/\/www.soanam.de\/fr\/wp-json\/wp\/v2\/product\/81649","targetHints":{"allow":["GET"]}}],"collection":[{"href":"https:\/\/www.soanam.de\/fr\/wp-json\/wp\/v2\/product"}],"about":[{"href":"https:\/\/www.soanam.de\/fr\/wp-json\/wp\/v2\/types\/product"}],"replies":[{"embeddable":true,"href":"https:\/\/www.soanam.de\/fr\/wp-json\/wp\/v2\/comments?post=81649"}],"wp:featuredmedia":[{"embeddable":true,"href":"https:\/\/www.soanam.de\/fr\/wp-json\/wp\/v2\/media\/81748"}],"wp:attachment":[{"href":"https:\/\/www.soanam.de\/fr\/wp-json\/wp\/v2\/media?parent=81649"}],"wp:term":[{"taxonomy":"product_brand","embeddable":true,"href":"https:\/\/www.soanam.de\/fr\/wp-json\/wp\/v2\/product_brand?post=81649"},{"taxonomy":"product_cat","embeddable":true,"href":"https:\/\/www.soanam.de\/fr\/wp-json\/wp\/v2\/product_cat?post=81649"},{"taxonomy":"product_tag","embeddable":true,"href":"https:\/\/www.soanam.de\/fr\/wp-json\/wp\/v2\/product_tag?post=81649"}],"curies":[{"name":"wp","href":"https:\/\/api.w.org\/{rel}","templated":true}]}}