{"id":81567,"date":"2023-12-14T02:01:27","date_gmt":"2023-12-14T01:01:27","guid":{"rendered":"https:\/\/www.soanam.de\/?post_type=product&#038;p=81567"},"modified":"2023-12-14T02:03:47","modified_gmt":"2023-12-14T01:03:47","slug":"mazaya-pfeifentabak-shisha-tabak-200g-summer-slice-wassermelone","status":"publish","type":"product","link":"https:\/\/www.soanam.de\/fr\/produkt\/mazaya-pfeifentabak-shisha-tabak-200g-summer-slice-wassermelone\/","title":{"rendered":"Mazaya tabac pour pipe, Shisha tabac 200g - Summer Slice \/ Past\u00e8que"},"content":{"rendered":"<p>Le fabricant jordanien Mazaya associe un tabac de qualit\u00e9 sup\u00e9rieure provenant de France \u00e0 des ar\u00f4mes de recette classique.<br \/>\nProt\u00e9g\u00e9 par le scellement de l'ar\u00f4me et la bo\u00eete refermable, le tabac \u00e0 chicha offre un go\u00fbt frais et \u00e9quilibr\u00e9 et une fum\u00e9e agr\u00e9able.<\/p>\n<p>Summer Slice: Wassermelone<\/p>\n<p>Quantit\u00e9 : 200g<\/p>\n<p><span style=\"color: #ff0000;\"><strong><em>Attention !<\/em><\/strong><\/span><br \/>\nPas d'envoi de tabac \u00e0 l'\u00e9tranger !<\/p>","protected":false},"excerpt":{"rendered":"<p>Der jordanische Hersteller Mazaya vereint hochwertigen Tabak aus Frankreich mit Aromen klassischer Rezeptur. Durch die Aromaversiegelung und die wieder verschlie\u00dfbare Dose bestens gesch\u00fctzt bietet der Shisha Tabak ausgewogen frischen Geschmack und eine ansprechende Rauchentwicklung. Summer Slice: Wassermelone Menge: 200g Achtung: Kein Versand von Tabak ins Ausland!<\/p>","protected":false},"featured_media":81674,"comment_status":"open","ping_status":"closed","template":"","meta":{"_seopress_robots_primary_cat":"","_seopress_titles_title":"","_seopress_titles_desc":"","_seopress_robots_index":""},"product_brand":[],"product_cat":[1730],"product_tag":[346],"class_list":{"0":"post-81567","1":"product","2":"type-product","3":"status-publish","4":"has-post-thumbnail","6":"product_cat-sonstiges-2","7":"product_tag-346","8":"product_shipping_class-standard-versand","10":"first","11":"instock","12":"taxable","13":"shipping-taxable","14":"purchasable","15":"product-type-simple"},"_links":{"self":[{"href":"https:\/\/www.soanam.de\/fr\/wp-json\/wp\/v2\/product\/81567","targetHints":{"allow":["GET"]}}],"collection":[{"href":"https:\/\/www.soanam.de\/fr\/wp-json\/wp\/v2\/product"}],"about":[{"href":"https:\/\/www.soanam.de\/fr\/wp-json\/wp\/v2\/types\/product"}],"replies":[{"embeddable":true,"href":"https:\/\/www.soanam.de\/fr\/wp-json\/wp\/v2\/comments?post=81567"}],"wp:featuredmedia":[{"embeddable":true,"href":"https:\/\/www.soanam.de\/fr\/wp-json\/wp\/v2\/media\/81674"}],"wp:attachment":[{"href":"https:\/\/www.soanam.de\/fr\/wp-json\/wp\/v2\/media?parent=81567"}],"wp:term":[{"taxonomy":"product_brand","embeddable":true,"href":"https:\/\/www.soanam.de\/fr\/wp-json\/wp\/v2\/product_brand?post=81567"},{"taxonomy":"product_cat","embeddable":true,"href":"https:\/\/www.soanam.de\/fr\/wp-json\/wp\/v2\/product_cat?post=81567"},{"taxonomy":"product_tag","embeddable":true,"href":"https:\/\/www.soanam.de\/fr\/wp-json\/wp\/v2\/product_tag?post=81567"}],"curies":[{"name":"wp","href":"https:\/\/api.w.org\/{rel}","templated":true}]}}