{"id":81565,"date":"2023-12-14T02:01:26","date_gmt":"2023-12-14T01:01:26","guid":{"rendered":"https:\/\/www.soanam.de\/?post_type=product&#038;p=81565"},"modified":"2023-12-14T02:03:42","modified_gmt":"2023-12-14T01:03:42","slug":"mazaya-tabac-a-pipe-shisha-tabac-200g-bunch-raisin","status":"publish","type":"product","link":"https:\/\/www.soanam.de\/fr\/produkt\/mazaya-pfeifentabak-shisha-tabak-200g-bunch-traube\/","title":{"rendered":"Mazaya tabac pour pipe, Shisha tabac 200g - Bunch \/ Raisin"},"content":{"rendered":"<p>Le fabricant jordanien Mazaya associe un tabac de qualit\u00e9 sup\u00e9rieure provenant de France \u00e0 des ar\u00f4mes de recette classique.<br \/>\nProt\u00e9g\u00e9 par le scellement de l'ar\u00f4me et la bo\u00eete refermable, le tabac \u00e0 chicha offre un go\u00fbt frais et \u00e9quilibr\u00e9 et une fum\u00e9e agr\u00e9able.<\/p>\n<p>Bunch : Raisin<\/p>\n<p>Quantit\u00e9 : 200g<\/p>\n<p><span style=\"color: #ff0000;\"><strong><em>Attention !<\/em><\/strong><\/span><br \/>\nPas d'envoi de tabac \u00e0 l'\u00e9tranger !<\/p>","protected":false},"excerpt":{"rendered":"<p>Le fabricant jordanien Mazaya associe un tabac de qualit\u00e9 sup\u00e9rieure provenant de France \u00e0 des ar\u00f4mes de recette classique. Prot\u00e9g\u00e9 par le scellement de l'ar\u00f4me et la bo\u00eete refermable, le tabac \u00e0 chicha offre un go\u00fbt frais et \u00e9quilibr\u00e9 et un d\u00e9veloppement de fum\u00e9e agr\u00e9able. Bunch : Raisin Quantit\u00e9 : 200g Attention : pas d'envoi de tabac \u00e0 l'\u00e9tranger !<\/p>","protected":false},"featured_media":81674,"comment_status":"open","ping_status":"closed","template":"","meta":{"_seopress_robots_primary_cat":"","_seopress_titles_title":"","_seopress_titles_desc":"","_seopress_robots_index":""},"product_brand":[],"product_cat":[1730],"product_tag":[346],"class_list":{"0":"post-81565","1":"product","2":"type-product","3":"status-publish","4":"has-post-thumbnail","6":"product_cat-sonstiges-2","7":"product_tag-346","8":"product_shipping_class-standard-versand","10":"first","11":"instock","12":"taxable","13":"shipping-taxable","14":"purchasable","15":"product-type-simple"},"_links":{"self":[{"href":"https:\/\/www.soanam.de\/fr\/wp-json\/wp\/v2\/product\/81565","targetHints":{"allow":["GET"]}}],"collection":[{"href":"https:\/\/www.soanam.de\/fr\/wp-json\/wp\/v2\/product"}],"about":[{"href":"https:\/\/www.soanam.de\/fr\/wp-json\/wp\/v2\/types\/product"}],"replies":[{"embeddable":true,"href":"https:\/\/www.soanam.de\/fr\/wp-json\/wp\/v2\/comments?post=81565"}],"wp:featuredmedia":[{"embeddable":true,"href":"https:\/\/www.soanam.de\/fr\/wp-json\/wp\/v2\/media\/81674"}],"wp:attachment":[{"href":"https:\/\/www.soanam.de\/fr\/wp-json\/wp\/v2\/media?parent=81565"}],"wp:term":[{"taxonomy":"product_brand","embeddable":true,"href":"https:\/\/www.soanam.de\/fr\/wp-json\/wp\/v2\/product_brand?post=81565"},{"taxonomy":"product_cat","embeddable":true,"href":"https:\/\/www.soanam.de\/fr\/wp-json\/wp\/v2\/product_cat?post=81565"},{"taxonomy":"product_tag","embeddable":true,"href":"https:\/\/www.soanam.de\/fr\/wp-json\/wp\/v2\/product_tag?post=81565"}],"curies":[{"name":"wp","href":"https:\/\/api.w.org\/{rel}","templated":true}]}}