{"id":81418,"date":"2023-12-14T01:58:30","date_gmt":"2023-12-14T00:58:30","guid":{"rendered":"https:\/\/www.soanam.de\/?post_type=product&#038;p=81418"},"modified":"2023-12-14T02:00:48","modified_gmt":"2023-12-14T01:00:48","slug":"s-oliver-chemise-de-nuit-imprime-leopard-rose-clair-noir-taille-44-46","status":"publish","type":"product","link":"https:\/\/www.soanam.de\/fr\/produkt\/s-oliver-nachthemd-mit-leo-print-in-hellrosa-schwarz-groesse-44-46\/","title":{"rendered":"Chemise de nuit s.Oliver, imprim\u00e9 l\u00e9opard, rose clair-noir, taille 44\/46"},"content":{"rendered":"<p>Chemise de nuit de s.Oliver<br \/>\nAvec un imprim\u00e9 l\u00e9opard<br \/>\nEncolure ronde classique<br \/>\nBords c\u00f4tes brod\u00e9s aux manches et \u00e0 la taille<br \/>\nEn pur coton<\/p>\n<p>Le sleepshirt de s.Oliver s\u00e9duit par son imprim\u00e9 l\u00e9opard allover remarquablement beau.<br \/>\nGr\u00e2ce \u00e0 sa qualit\u00e9 de coton doux, il est merveilleusement confortable et agr\u00e9able \u00e0 porter.<br \/>\nDes bords-c\u00f4tes contrast\u00e9s se trouvent \u00e0 la taille et aux ourlets des manches de cette chemise de nuit \u00e0 manches longues.<\/p>\n<p>Mati\u00e8re : 100% coton<br \/>\nConseils d'entretien : Lavage en machine<\/p>\n<p>Couleur : rose clair-noir<br \/>\nmotif : imprim\u00e9 l\u00e9opard<br \/>\nTaille : 44\/46<\/p>\n<p>Largeur des \u00e9paules : 42cm<br \/>\nTour de poitrine : 115cm<br \/>\nLongueur des manches : 61cm<br \/>\nlongueur totale : 94cm<\/p>\n<p>&nbsp;<\/p>","protected":false},"excerpt":{"rendered":"<table class=\"dv_characteristicsTable\">\n<tbody>\n<tr>\n<td class=\"left\">Taille<\/td>\n<td>44\/46<\/td>\n<\/tr>\n<tr>\n<td class=\"left\">Gr\u00f6\u00dfentyp<\/td>\n<td>Normalgr\u00f6\u00dfen<\/td>\n<\/tr>\n<tr>\n<td class=\"left\">Composition du mat\u00e9riau<\/td>\n<td>Obermaterial: 100% Baumwolle<\/td>\n<\/tr>\n<tr>\n<td class=\"left\">Materialart<\/td>\n<td>Jersey<\/td>\n<\/tr>\n<tr>\n<td class=\"left\">Conseils d'entretien<\/td>\n<td>Lavage en machine<\/td>\n<\/tr>\n<tr>\n<td class=\"left\">Optik<\/td>\n<td>animal-print, gemustert<\/td>\n<\/tr>\n<tr>\n<td class=\"left\">Stil<\/td>\n<td>Basic<\/td>\n<\/tr>\n<tr>\n<td class=\"left\">Ausschnitt<\/td>\n<td>Rundhals<\/td>\n<\/tr>\n<tr>\n<td class=\"left\">Ausschnittdetails<\/td>\n<td>Poignets c\u00f4tel\u00e9s<\/td>\n<\/tr>\n<tr>\n<td class=\"left\">\u00c4rmel<\/td>\n<td>Manches longues<\/td>\n<\/tr>\n<tr>\n<td class=\"left\">\u00c4rmelabschluss<\/td>\n<td>Poignets c\u00f4tel\u00e9s<\/td>\n<\/tr>\n<tr>\n<td class=\"left\">Kleidersaum<\/td>\n<td>Poignets c\u00f4tel\u00e9s<\/td>\n<\/tr>\n<tr>\n<td class=\"left\">Schnittform L\u00e4nge<\/td>\n<td>kurz<\/td>\n<\/tr>\n<tr>\n<td class=\"left\">Couleur<\/td>\n<td>hellrosa-schwarz<\/td>\n<\/tr>\n<tr>\n<td class=\"left\">Applikationen<\/td>\n<td>Allover-Druck<\/td>\n<\/tr>\n<tr>\n<td class=\"left\">Besondere Merkmale<\/td>\n<td>mit Leo Allover-Print<\/td>\n<\/tr>\n<\/tbody>\n<\/table>\n<div class=\"spec-holder\">\n<div class=\"row\">\n<div class=\"col-xs-5 spec-name\"><\/div>\n<\/div>\n<\/div>","protected":false},"featured_media":81532,"comment_status":"open","ping_status":"closed","template":"","meta":{"_seopress_robots_primary_cat":"","_seopress_titles_title":"","_seopress_titles_desc":"","_seopress_robots_index":""},"product_brand":[],"product_cat":[1348,1520,1616],"product_tag":[],"class_list":{"0":"post-81418","1":"product","2":"type-product","3":"status-publish","4":"has-post-thumbnail","6":"product_cat-damen-mode","7":"product_cat-nachtwaesche","8":"product_cat-nachthemden","9":"product_shipping_class-standard-versand","11":"first","12":"instock","13":"taxable","14":"shipping-taxable","15":"purchasable","16":"product-type-simple"},"_links":{"self":[{"href":"https:\/\/www.soanam.de\/fr\/wp-json\/wp\/v2\/product\/81418","targetHints":{"allow":["GET"]}}],"collection":[{"href":"https:\/\/www.soanam.de\/fr\/wp-json\/wp\/v2\/product"}],"about":[{"href":"https:\/\/www.soanam.de\/fr\/wp-json\/wp\/v2\/types\/product"}],"replies":[{"embeddable":true,"href":"https:\/\/www.soanam.de\/fr\/wp-json\/wp\/v2\/comments?post=81418"}],"wp:featuredmedia":[{"embeddable":true,"href":"https:\/\/www.soanam.de\/fr\/wp-json\/wp\/v2\/media\/81532"}],"wp:attachment":[{"href":"https:\/\/www.soanam.de\/fr\/wp-json\/wp\/v2\/media?parent=81418"}],"wp:term":[{"taxonomy":"product_brand","embeddable":true,"href":"https:\/\/www.soanam.de\/fr\/wp-json\/wp\/v2\/product_brand?post=81418"},{"taxonomy":"product_cat","embeddable":true,"href":"https:\/\/www.soanam.de\/fr\/wp-json\/wp\/v2\/product_cat?post=81418"},{"taxonomy":"product_tag","embeddable":true,"href":"https:\/\/www.soanam.de\/fr\/wp-json\/wp\/v2\/product_tag?post=81418"}],"curies":[{"name":"wp","href":"https:\/\/api.w.org\/{rel}","templated":true}]}}