{"id":81396,"date":"2023-12-14T01:58:05","date_gmt":"2023-12-14T00:58:05","guid":{"rendered":"https:\/\/www.soanam.de\/?post_type=product&#038;p=81396"},"modified":"2023-12-14T02:00:12","modified_gmt":"2023-12-14T01:00:12","slug":"sac-coton-bio-commerce-equitable-ca-sent-lamour-hxbxt-39x35x12-cm","status":"publish","type":"product","link":"https:\/\/www.soanam.de\/fr\/produkt\/tragetasche-fairtrade-bio-baumwolle-es-riecht-nach-liebe-hxbxt-39x35x12-cm\/","title":{"rendered":"Cabas - commerce \u00e9quitable - coton bio '\u00c7a sent l'amour' h x l x p 39 x 35 x 12 cm"},"content":{"rendered":"<h3>Description du produit<\/h3>\n<p>En collaboration avec l'entreprise sociale reconnue Freeset, PonyH\u00fctchen a con\u00e7u et fait fabriquer pour vous ces sacs de transport m\u00e9ga-cool. Chaque sac est cousu \u00e0 100% en coton bio certifi\u00e9 Eccocert et imprim\u00e9 avec de la peinture \u00e0 base d'eau. Les sacs sont fabriqu\u00e9s dans le cadre d'un projet de commerce \u00e9quitable qui forme d'anciennes travailleuses du sexe \u00e0 la couture \u00e0 Calcutta (Inde) et leur assure ainsi, ainsi qu'\u00e0 leurs enfants, un avenir s\u00fbr avec des salaires \u00e9quitables, une assurance maladie et une pr\u00e9voyance vieillesse.<\/p>\n<p><strong>Qualit\u00e9<\/strong>:<br \/>\nChaque sac est fabriqu\u00e9 en coton bio solide et r\u00e9sistant, imprim\u00e9 en s\u00e9rigraphie avec des encres \u00e0 base d'eau.<\/p>\n<p><strong>Taille<\/strong>:<br \/>\nL'espace est le plus important pour un sac de transport - suffisamment grand pour y ranger tous les ustensiles et documents n\u00e9cessaires. Que ce soit pour faire les courses, aller au lac ou m\u00eame au bureau, ce super sac est un fid\u00e8le compagnon tout au long de la journ\u00e9e.<br \/>\nDimensions : 39cm (hauteur) x 35 cm (largeur) x 12 cm (profondeur)<\/p>\n<p><strong>Confort<\/strong>:<br \/>\nLes bretelles extra larges rendent le sac vraiment confortable \u00e0 porter, m\u00eame si l'on transporte un peu plus - rien ne coupe.<\/p>\n<p><strong>La mode \u00e9quitable :<\/strong><br \/>\nChaque sac est fabriqu\u00e9 en Inde. En travaillant pour Freeset, plus de 250 femmes re\u00e7oivent un salaire \u00e9quitable, une alternative \u00e0 une vie dans la pauvret\u00e9 et ainsi la chance d'un avenir meilleur.<\/p>","protected":false},"excerpt":{"rendered":"<h3>Caract\u00e9ristiques de l'article<\/h3>\n<p>Artikelzustand: Neu mit Etikett - Neuer, unbenutzter und nicht getragener Artikel in der Originalverpackung<\/p>\n<table dir=\"ltr\" border=\"1\" cellspacing=\"0\" cellpadding=\"0\">\n<colgroup>\n<col width=\"194\" \/>\n<col width=\"223\" \/><\/colgroup>\n<tbody>\n<tr>\n<td data-sheets-value=\"{&quot;1&quot;:2,&quot;2&quot;:&quot;Abteilung:&quot;}\">Abteilung:<\/td>\n<td data-sheets-value=\"{&quot;1&quot;:2,&quot;2&quot;:&quot;Damen&quot;}\">Damen<\/td>\n<\/tr>\n<tr>\n<td data-sheets-value=\"{&quot;1&quot;:2,&quot;2&quot;:&quot;Breite:&quot;}\">Breite:<\/td>\n<td data-sheets-value=\"{&quot;1&quot;:2,&quot;2&quot;:&quot;35 cm&quot;}\">35 cm<\/td>\n<\/tr>\n<tr>\n<td data-sheets-value=\"{&quot;1&quot;:2,&quot;2&quot;:&quot;Herstellungsland und -region:&quot;}\">Herstellungsland und -region:<\/td>\n<td data-sheets-value=\"{&quot;1&quot;:2,&quot;2&quot;:&quot;Indien&quot;}\">Indien<\/td>\n<\/tr>\n<tr>\n<td data-sheets-value=\"{&quot;1&quot;:2,&quot;2&quot;:&quot;H\u00f6he:&quot;}\">H\u00f6he:<\/td>\n<td data-sheets-value=\"{&quot;1&quot;:2,&quot;2&quot;:&quot;39 cm&quot;}\">39 cm<\/td>\n<\/tr>\n<tr>\n<td data-sheets-value=\"{&quot;1&quot;:2,&quot;2&quot;:&quot;Marke:&quot;}\">Marke:<\/td>\n<td data-sheets-value=\"{&quot;1&quot;:2,&quot;2&quot;:&quot;freeset&quot;}\">Freeset<\/td>\n<\/tr>\n<tr>\n<td data-sheets-value=\"{&quot;1&quot;:2,&quot;2&quot;:&quot;Modifizierter Artikel:&quot;}\">Modifizierter Artikel:<\/td>\n<td data-sheets-value=\"{&quot;1&quot;:2,&quot;2&quot;:&quot;Nein&quot;}\">Nein<\/td>\n<\/tr>\n<tr>\n<td data-sheets-value=\"{&quot;1&quot;:2,&quot;2&quot;:&quot;Muster:&quot;}\">\u00e9chantillon :<\/td>\n<td data-sheets-value=\"{&quot;1&quot;:2,&quot;2&quot;:&quot;Slogan&quot;}\">Slogan<\/td>\n<\/tr>\n<tr>\n<td data-sheets-value=\"{&quot;1&quot;:2,&quot;2&quot;:&quot;Produktart:&quot;}\">Produktart:<\/td>\n<td data-sheets-value=\"{&quot;1&quot;:2,&quot;2&quot;:&quot;Tragetasche&quot;}\">Tragetasche<\/td>\n<\/tr>\n<tr>\n<td data-sheets-value=\"{&quot;1&quot;:2,&quot;2&quot;:&quot;Tiefe:&quot;}\">Tiefe:<\/td>\n<td data-sheets-value=\"{&quot;1&quot;:2,&quot;2&quot;:&quot;12 cm&quot;}\">12 cm<\/td>\n<\/tr>\n<\/tbody>\n<\/table>","protected":false},"featured_media":81503,"comment_status":"open","ping_status":"closed","template":"","meta":{"_seopress_robots_primary_cat":"","_seopress_titles_title":"","_seopress_titles_desc":"","_seopress_robots_index":""},"product_brand":[],"product_cat":[1348,1357,1358,1579],"product_tag":[],"class_list":{"0":"post-81396","1":"product","2":"type-product","3":"status-publish","4":"has-post-thumbnail","6":"product_cat-damen-mode","7":"product_cat-accessoires","8":"product_cat-taschen","9":"product_cat-tragetaschen","10":"product_shipping_class-standard-versand","12":"first","13":"instock","14":"sale","15":"taxable","16":"shipping-taxable","17":"purchasable","18":"product-type-simple"},"_links":{"self":[{"href":"https:\/\/www.soanam.de\/fr\/wp-json\/wp\/v2\/product\/81396","targetHints":{"allow":["GET"]}}],"collection":[{"href":"https:\/\/www.soanam.de\/fr\/wp-json\/wp\/v2\/product"}],"about":[{"href":"https:\/\/www.soanam.de\/fr\/wp-json\/wp\/v2\/types\/product"}],"replies":[{"embeddable":true,"href":"https:\/\/www.soanam.de\/fr\/wp-json\/wp\/v2\/comments?post=81396"}],"wp:featuredmedia":[{"embeddable":true,"href":"https:\/\/www.soanam.de\/fr\/wp-json\/wp\/v2\/media\/81503"}],"wp:attachment":[{"href":"https:\/\/www.soanam.de\/fr\/wp-json\/wp\/v2\/media?parent=81396"}],"wp:term":[{"taxonomy":"product_brand","embeddable":true,"href":"https:\/\/www.soanam.de\/fr\/wp-json\/wp\/v2\/product_brand?post=81396"},{"taxonomy":"product_cat","embeddable":true,"href":"https:\/\/www.soanam.de\/fr\/wp-json\/wp\/v2\/product_cat?post=81396"},{"taxonomy":"product_tag","embeddable":true,"href":"https:\/\/www.soanam.de\/fr\/wp-json\/wp\/v2\/product_tag?post=81396"}],"curies":[{"name":"wp","href":"https:\/\/api.w.org\/{rel}","templated":true}]}}