{"id":81336,"date":"2023-12-14T01:56:50","date_gmt":"2023-12-14T00:56:50","guid":{"rendered":"https:\/\/www.soanam.de\/?post_type=product&#038;p=81336"},"modified":"2023-12-14T01:59:03","modified_gmt":"2023-12-14T00:59:03","slug":"peignoir-court-sina-avec-capuche-beige-taille-xs","status":"publish","type":"product","link":"https:\/\/www.soanam.de\/fr\/produkt\/kurzbademantel-sina-mit-kapuze-in-beere-groesse-xs\/","title":{"rendered":"Peignoir court Sina, avec capuche, baie, taille XS"},"content":{"rendered":"<p>Peignoir de bain doux et court de My Home<br \/>\n\u00c9quip\u00e9 d'une capuche et d'une ceinture<br \/>\nAvec poches plaqu\u00e9es<br \/>\nSoutient Cotton made in Africa<\/p>\n<p>Le peignoir classique Sina de la marque my home, de forme courte, est en tissu l\u00e9ger et doux, il est tr\u00e8s agr\u00e9able sur la peau et tient merveilleusement chaud.<br \/>\nLe peignoir soutient l'initiative Cotton made in Africa et est tr\u00e8s facile d'entretien.<\/p>\n<p>Mat\u00e9riau : 80% coton , 20% polyester<br \/>\nConseils d'entretien : Lavage en machine<\/p>\n<p>couleur : baie<br \/>\n\u00c9chantillon : sans<br \/>\nTaille : XS<br \/>\nlongueur : 90cm<\/p>\n<p>Il s'agit pour ce nouvel article d'un retour client sans \u00e9tiquette.<\/p>\n<p>&nbsp;<\/p>","protected":false},"excerpt":{"rendered":"<div class=\"spec-holder\">\n<div class=\"row\">\n<div class=\"col-xs-5 spec-name\">\n<table class=\"dv_characteristicsTable\">\n<tbody>\n<tr>\n<td class=\"left\">Taille<\/td>\n<td>XS<\/td>\n<\/tr>\n<tr>\n<td class=\"left\">Gr\u00f6\u00dfentyp<\/td>\n<td>Normalgr\u00f6\u00dfen<\/td>\n<\/tr>\n<\/tbody>\n<\/table>\n<table class=\"dv_characteristicsTable\">\n<caption>\u00a0<\/caption>\n<tbody>\n<tr>\n<td class=\"left\">Couleur<\/td>\n<td>beere<\/td>\n<\/tr>\n<tr>\n<td class=\"left\">Optik<\/td>\n<td>unifarben<\/td>\n<\/tr>\n<\/tbody>\n<\/table>\n<table class=\"dv_characteristicsTable\">\n<caption>\u00a0<\/caption>\n<tbody>\n<tr>\n<td class=\"left\">Composition du mat\u00e9riau<\/td>\n<td>80% Baumwolle , 20% Polyester<\/td>\n<\/tr>\n<tr>\n<td class=\"left\">Mat\u00e9riau<\/td>\n<td>Wirkfrottee<\/td>\n<\/tr>\n<tr>\n<td class=\"left\">Fl\u00e4chengewicht<\/td>\n<td>220 g\/m\u00b2<\/td>\n<\/tr>\n<\/tbody>\n<\/table>\n<table class=\"dv_characteristicsTable\">\n<caption>\u00a0<\/caption>\n<tbody>\n<tr>\n<td class=\"left\">Schnittform L\u00e4nge<\/td>\n<td>Kurzform<\/td>\n<\/tr>\n<\/tbody>\n<\/table>\n<table class=\"dv_characteristicsTable\">\n<caption>\u00a0<\/caption>\n<tbody>\n<tr>\n<td class=\"left\">Anzahl Teile<\/td>\n<td>1 St.<\/td>\n<\/tr>\n<tr>\n<td class=\"left\">Ausstattung<\/td>\n<td>Capuche<\/td>\n<\/tr>\n<tr>\n<td class=\"left\">Art Verschluss<\/td>\n<td>Ceinture<\/td>\n<\/tr>\n<tr>\n<td class=\"left\">Sacs<\/td>\n<td>aufgesetzte Taschen<\/td>\n<\/tr>\n<\/tbody>\n<\/table>\n<table class=\"dv_characteristicsTable\">\n<caption>\u00a0<\/caption>\n<tbody>\n<tr>\n<td class=\"left\">L\u00e4nge<\/td>\n<td>90 cm<\/td>\n<\/tr>\n<\/tbody>\n<\/table>\n<table class=\"dv_characteristicsTable\">\n<caption>\u00a0<\/caption>\n<tbody>\n<tr>\n<td class=\"left\">Conseils d'entretien<\/td>\n<td>60\u00b0C Maschinenw\u00e4sche<br \/>\nb\u00fcgelfrei<br \/>\ntrocknergeeignet<\/td>\n<\/tr>\n<\/tbody>\n<\/table>\n<\/div>\n<\/div>\n<\/div>","protected":false},"featured_media":81443,"comment_status":"open","ping_status":"closed","template":"","meta":{"_seopress_robots_primary_cat":"","_seopress_titles_title":"","_seopress_titles_desc":"","_seopress_robots_index":""},"product_brand":[],"product_cat":[1348,1520,1633],"product_tag":[],"class_list":{"0":"post-81336","1":"product","2":"type-product","3":"status-publish","4":"has-post-thumbnail","6":"product_cat-damen-mode","7":"product_cat-nachtwaesche","8":"product_cat-bademaentel","9":"product_shipping_class-standard-versand","11":"first","12":"instock","13":"sale","14":"taxable","15":"shipping-taxable","16":"purchasable","17":"product-type-simple"},"_links":{"self":[{"href":"https:\/\/www.soanam.de\/fr\/wp-json\/wp\/v2\/product\/81336","targetHints":{"allow":["GET"]}}],"collection":[{"href":"https:\/\/www.soanam.de\/fr\/wp-json\/wp\/v2\/product"}],"about":[{"href":"https:\/\/www.soanam.de\/fr\/wp-json\/wp\/v2\/types\/product"}],"replies":[{"embeddable":true,"href":"https:\/\/www.soanam.de\/fr\/wp-json\/wp\/v2\/comments?post=81336"}],"wp:featuredmedia":[{"embeddable":true,"href":"https:\/\/www.soanam.de\/fr\/wp-json\/wp\/v2\/media\/81443"}],"wp:attachment":[{"href":"https:\/\/www.soanam.de\/fr\/wp-json\/wp\/v2\/media?parent=81336"}],"wp:term":[{"taxonomy":"product_brand","embeddable":true,"href":"https:\/\/www.soanam.de\/fr\/wp-json\/wp\/v2\/product_brand?post=81336"},{"taxonomy":"product_cat","embeddable":true,"href":"https:\/\/www.soanam.de\/fr\/wp-json\/wp\/v2\/product_cat?post=81336"},{"taxonomy":"product_tag","embeddable":true,"href":"https:\/\/www.soanam.de\/fr\/wp-json\/wp\/v2\/product_tag?post=81336"}],"curies":[{"name":"wp","href":"https:\/\/api.w.org\/{rel}","templated":true}]}}