{"id":81317,"date":"2023-12-14T01:56:24","date_gmt":"2023-12-14T00:56:24","guid":{"rendered":"https:\/\/www.soanam.de\/?post_type=product&#038;p=81317"},"modified":"2023-12-14T01:58:41","modified_gmt":"2023-12-14T00:58:41","slug":"lipsy-london-abendkleid-in-bordeaux-groesse-40","status":"publish","type":"product","link":"https:\/\/www.soanam.de\/fr\/produkt\/lipsy-london-abendkleid-in-bordeaux-groesse-40\/","title":{"rendered":"Lipsy London Robe de soir\u00e9e, bordeaux, taille 40"},"content":{"rendered":"<p>Elegantes Abendkleid von Lipsy<br \/>\nOberteil aus Spitze und Pailetten<br \/>\nFlie\u00dfendes Rockteil mit Gehschlitz<br \/>\nRei\u00dfverschluss im R\u00fccken<\/p>\n<p>Das Kleid von Lipsy erobert mit dem extravaganten Oberteil das mit zarter Spitze und bezauberndem Paillettenbesatz verziert ist nicht nur dein Herz, sondern auch das deiner Betrachter.<br \/>\nDer Rockteil ist hingegen aus glatt flie\u00dfendem Material und mit einem modischen Gehschlitz versehen.<br \/>\nAuch auf der R\u00fcckseite hat das Modell mit seinem verf\u00fchrerischen Cut-Out so einiges zu bieten.<br \/>\nMit seiner taillierten und figurbetonten Passform zieht das Kleid von Lipsy alle Blicke auf sich.<\/p>\n<p>Material: 95% Polyester, 5% Elastan<br \/>\nConseils d'entretien : Lavage en machine<\/p>\n<p>couleur : bordeaux<br \/>\nMuster: Spitzenbl\u00fcten<br \/>\nGr\u00f6\u00dfe:40<\/p>\n<p>Tour de poitrine : 82cm<br \/>\n\u00c4rmell\u00e4nge: ohne \u00c4rmel<br \/>\nGesamtl\u00e4nge: 165cm<\/p>\n<p>&nbsp;<\/p>","protected":false},"excerpt":{"rendered":"<div class=\"spec-holder\">\n<div class=\"row\">\n<div class=\"col-xs-5 spec-name\">\n<table class=\"dv_characteristicsTable\">\n<tbody>\n<tr>\n<td class=\"left\">Taille<\/td>\n<td>40<\/td>\n<\/tr>\n<tr>\n<td class=\"left\">Gr\u00f6\u00dfentyp<\/td>\n<td>Normalgr\u00f6\u00dfen<\/td>\n<\/tr>\n<tr>\n<td class=\"left\">Composition du mat\u00e9riau<\/td>\n<td>95% Polyester, 5% Elastan<\/td>\n<\/tr>\n<tr>\n<td class=\"left\">Materialart<\/td>\n<td>Spitze<\/td>\n<\/tr>\n<tr>\n<td class=\"left\">Conseils d'entretien<\/td>\n<td>Lavage en machine<\/td>\n<\/tr>\n<tr>\n<td class=\"left\">Optik<\/td>\n<td>floral<\/td>\n<\/tr>\n<tr>\n<td class=\"left\">Stil<\/td>\n<td>leicht transparent<\/td>\n<\/tr>\n<tr>\n<td class=\"left\">Ausschnitt<\/td>\n<td>Rundhals- Ausschnitt<\/td>\n<\/tr>\n<tr>\n<td class=\"left\">\u00c4rmel<\/td>\n<td>ohne \u00c4rmel<\/td>\n<\/tr>\n<tr>\n<td class=\"left\">Besonderheit<\/td>\n<td>avec fente d'acc\u00e8s<\/td>\n<\/tr>\n<tr>\n<td class=\"left\">Coupe<\/td>\n<td>slim<\/td>\n<\/tr>\n<tr>\n<td class=\"left\">Schnittform L\u00e4nge<\/td>\n<td>sehr lang<\/td>\n<\/tr>\n<tr>\n<td class=\"left\">Couleur<\/td>\n<td>bordeaux<\/td>\n<\/tr>\n<tr>\n<td class=\"left\">Capuche<\/td>\n<td>ohne<\/td>\n<\/tr>\n<tr>\n<td class=\"left\">Applikationen<\/td>\n<td>Pailletten<\/td>\n<\/tr>\n<tr>\n<td class=\"left\"><\/td>\n<td><\/td>\n<\/tr>\n<tr>\n<td class=\"left\"><\/td>\n<td><\/td>\n<\/tr>\n<tr>\n<td class=\"left\"><\/td>\n<td><\/td>\n<\/tr>\n<\/tbody>\n<\/table>\n<\/div>\n<\/div>\n<\/div>","protected":false},"featured_media":81425,"comment_status":"open","ping_status":"closed","template":"","meta":{"_seopress_robots_primary_cat":"","_seopress_titles_title":"","_seopress_titles_desc":"","_seopress_robots_index":""},"product_brand":[],"product_cat":[1348,1379,1380],"product_tag":[],"class_list":{"0":"post-81317","1":"product","2":"type-product","3":"status-publish","4":"has-post-thumbnail","6":"product_cat-damen-mode","7":"product_cat-kleider","8":"product_cat-abendkleider","9":"product_shipping_class-standard-versand","11":"first","12":"instock","13":"taxable","14":"shipping-taxable","15":"purchasable","16":"product-type-simple"},"_links":{"self":[{"href":"https:\/\/www.soanam.de\/fr\/wp-json\/wp\/v2\/product\/81317","targetHints":{"allow":["GET"]}}],"collection":[{"href":"https:\/\/www.soanam.de\/fr\/wp-json\/wp\/v2\/product"}],"about":[{"href":"https:\/\/www.soanam.de\/fr\/wp-json\/wp\/v2\/types\/product"}],"replies":[{"embeddable":true,"href":"https:\/\/www.soanam.de\/fr\/wp-json\/wp\/v2\/comments?post=81317"}],"wp:featuredmedia":[{"embeddable":true,"href":"https:\/\/www.soanam.de\/fr\/wp-json\/wp\/v2\/media\/81425"}],"wp:attachment":[{"href":"https:\/\/www.soanam.de\/fr\/wp-json\/wp\/v2\/media?parent=81317"}],"wp:term":[{"taxonomy":"product_brand","embeddable":true,"href":"https:\/\/www.soanam.de\/fr\/wp-json\/wp\/v2\/product_brand?post=81317"},{"taxonomy":"product_cat","embeddable":true,"href":"https:\/\/www.soanam.de\/fr\/wp-json\/wp\/v2\/product_cat?post=81317"},{"taxonomy":"product_tag","embeddable":true,"href":"https:\/\/www.soanam.de\/fr\/wp-json\/wp\/v2\/product_tag?post=81317"}],"curies":[{"name":"wp","href":"https:\/\/api.w.org\/{rel}","templated":true}]}}