{"id":81280,"date":"2023-12-14T01:49:07","date_gmt":"2023-12-14T00:49:07","guid":{"rendered":"https:\/\/www.soanam.de\/?post_type=product&#038;p=81280"},"modified":"2023-12-14T01:58:02","modified_gmt":"2023-12-14T00:58:02","slug":"only-robe-onlmay-sofie-en-pack-de-2-en-noir-et-marron-clair-taille-m","status":"publish","type":"product","link":"https:\/\/www.soanam.de\/fr\/produkt\/only-kleid-onlmay-sofie-im-2er-pack-in-schwarz-und-hellbraun-groesse-m\/","title":{"rendered":"Robe Only ONLMAY SOFIE en pack de 2, en noir et marron clair, taille M"},"content":{"rendered":"<p>Robes d'\u00e9t\u00e9 en pack pratique de 2 de Only<br \/>\n1x noir et 1x en imprim\u00e9 animalier<br \/>\nEn coton<br \/>\nEncolure ronde<br \/>\nDrap\u00e9\/rassembl\u00e9<\/p>\n<p>Une robe sweat de Only dans un pack pratique de 2 pi\u00e8ces - 1x en noir uni et 1x dans un imprim\u00e9 animalier \u00e0 la mode.<br \/>\nLes robes sont en pur coton, ont des manches courtes et une encolure ronde.<br \/>\nLes mini-robes sont r\u00e9glables \u00e0 la taille au moyen d'un ruban \u00e0 nouer.<\/p>\n<p>Mati\u00e8re : 100% coton<br \/>\nConseils d'entretien : Lavage en machine<\/p>\n<p>couleur : noir, marron clair<br \/>\nmotif : imprim\u00e9 animalier<br \/>\nTaille : M<\/p>\n<p>Tour de poitrine : 100cm<br \/>\nLongueur des manches : 18cm<br \/>\nLongueur totale : 94c<\/p>\n<p>&nbsp;<\/p>","protected":false},"excerpt":{"rendered":"<div class=\"spec-holder\">\n<div class=\"row\">\n<div class=\"col-xs-5 spec-name\">\n<table class=\"dv_characteristicsTable\">\n<tbody>\n<tr>\n<td class=\"left\">Taille<\/td>\n<td>M<\/td>\n<\/tr>\n<tr>\n<td class=\"left\">Gr\u00f6\u00dfentyp<\/td>\n<td>Normalgr\u00f6\u00dfen<\/td>\n<\/tr>\n<tr>\n<td class=\"left\">Composition du mat\u00e9riau<\/td>\n<td>100% Coton<\/td>\n<\/tr>\n<tr>\n<td class=\"left\">Materialart<\/td>\n<td>Sweatware<\/td>\n<\/tr>\n<tr>\n<td class=\"left\">Conseils d'entretien<\/td>\n<td>Lavage en machine<\/td>\n<\/tr>\n<tr>\n<td class=\"left\">Optik<\/td>\n<td>Animalprint<\/td>\n<\/tr>\n<tr>\n<td class=\"left\">Stil<\/td>\n<td>Basic<\/td>\n<\/tr>\n<tr>\n<td class=\"left\">Ausschnitt<\/td>\n<td>Rundhals- Ausschnitt<\/td>\n<\/tr>\n<tr>\n<td class=\"left\">\u00c4rmel<\/td>\n<td>Manches courtes<\/td>\n<\/tr>\n<tr>\n<td class=\"left\">Besonderheit<\/td>\n<td>im 2er Pack<\/td>\n<\/tr>\n<tr>\n<td class=\"left\">Coupe<\/td>\n<td>bequem<\/td>\n<\/tr>\n<tr>\n<td class=\"left\">Schnittform L\u00e4nge<\/td>\n<td>Mini<\/td>\n<\/tr>\n<tr>\n<td class=\"left\">Couleur<\/td>\n<td>schwarz, hellbraun<\/td>\n<\/tr>\n<tr>\n<td class=\"left\">Capuche<\/td>\n<td>ohne<\/td>\n<\/tr>\n<tr>\n<td class=\"left\">Applikationen<\/td>\n<td>Animalprint<\/td>\n<\/tr>\n<tr>\n<td class=\"left\"><\/td>\n<td><\/td>\n<\/tr>\n<tr>\n<td class=\"left\"><\/td>\n<td><\/td>\n<\/tr>\n<tr>\n<td class=\"left\"><\/td>\n<td><\/td>\n<\/tr>\n<\/tbody>\n<\/table>\n<\/div>\n<\/div>\n<\/div>","protected":false},"featured_media":81391,"comment_status":"open","ping_status":"closed","template":"","meta":{"_seopress_robots_primary_cat":"","_seopress_titles_title":"","_seopress_titles_desc":"","_seopress_robots_index":""},"product_brand":[],"product_cat":[1348,1379,1620],"product_tag":[],"class_list":{"0":"post-81280","1":"product","2":"type-product","3":"status-publish","4":"has-post-thumbnail","6":"product_cat-damen-mode","7":"product_cat-kleider","8":"product_cat-jerseykleider","9":"product_shipping_class-standard-versand","11":"first","12":"instock","13":"sale","14":"taxable","15":"shipping-taxable","16":"purchasable","17":"product-type-simple"},"_links":{"self":[{"href":"https:\/\/www.soanam.de\/fr\/wp-json\/wp\/v2\/product\/81280","targetHints":{"allow":["GET"]}}],"collection":[{"href":"https:\/\/www.soanam.de\/fr\/wp-json\/wp\/v2\/product"}],"about":[{"href":"https:\/\/www.soanam.de\/fr\/wp-json\/wp\/v2\/types\/product"}],"replies":[{"embeddable":true,"href":"https:\/\/www.soanam.de\/fr\/wp-json\/wp\/v2\/comments?post=81280"}],"wp:featuredmedia":[{"embeddable":true,"href":"https:\/\/www.soanam.de\/fr\/wp-json\/wp\/v2\/media\/81391"}],"wp:attachment":[{"href":"https:\/\/www.soanam.de\/fr\/wp-json\/wp\/v2\/media?parent=81280"}],"wp:term":[{"taxonomy":"product_brand","embeddable":true,"href":"https:\/\/www.soanam.de\/fr\/wp-json\/wp\/v2\/product_brand?post=81280"},{"taxonomy":"product_cat","embeddable":true,"href":"https:\/\/www.soanam.de\/fr\/wp-json\/wp\/v2\/product_cat?post=81280"},{"taxonomy":"product_tag","embeddable":true,"href":"https:\/\/www.soanam.de\/fr\/wp-json\/wp\/v2\/product_tag?post=81280"}],"curies":[{"name":"wp","href":"https:\/\/api.w.org\/{rel}","templated":true}]}}