{"id":81238,"date":"2023-12-14T01:48:15","date_gmt":"2023-12-14T00:48:15","guid":{"rendered":"https:\/\/www.soanam.de\/?post_type=product&#038;p=81238"},"modified":"2023-12-14T01:57:11","modified_gmt":"2023-12-14T00:57:11","slug":"robe-de-patinage-arizona-avec-bande-de-paillettes-en-noir-taille-176-182","status":"publish","type":"product","link":"https:\/\/www.soanam.de\/fr\/produkt\/arizona-skaterkleid-mit-glitzerband-in-schwarz-groesse-176-182\/","title":{"rendered":"ARIZONA Robe patineuse avec bande scintillante, en noir, taille 176\/182"},"content":{"rendered":"<p>Robe de skateur pour fille ARIZONA<br \/>\nbande \u00e9lastique scintillante \u00e0 la mode \u00e0 la taille<br \/>\nmanches longues 3\/4<br \/>\nJupe ample<br \/>\nQualit\u00e9 jersey \u00e9lastique<\/p>\n<p>La robe skater d'Arizona, \u00e0 la fois tendance et confortable, s\u00e9duit par sa jolie silhouette et ses d\u00e9tails subtils, comme la bande scintillante contrastante \u00e0 la taille.<br \/>\nLe haut est dot\u00e9 d'une encolure ronde passepoil\u00e9e et de manches 3\/4.<br \/>\nAlors qu'elle est coup\u00e9e pr\u00e8s du corps, la partie jupe \u00e9vas\u00e9e s\u00e9duit par son pliss\u00e9 g\u00e9n\u00e9reux.<\/p>\n<p>Mati\u00e8re : 95% coton, 5% \u00e9lasthanne<br \/>\nConseils d'entretien : Lavage en machine<\/p>\n<p>couleur : noir<br \/>\nmotif : ruban scintillant<br \/>\nTaille : 176\/182<\/p>\n<p>Tour de poitrine : 88cm<br \/>\nLongueur des manches : 47cm<br \/>\nlongueur totale : 92cm<\/p>\n<p>&nbsp;<\/p>\n<p>Il s'agit pour ce nouvel article d'un retour client sans \u00e9tiquette.<\/p>","protected":false},"excerpt":{"rendered":"<table class=\"dv_characteristicsTable\">\n<tbody>\n<tr>\n<td class=\"left\">Taille<\/td>\n<td>176\/182<\/td>\n<\/tr>\n<tr>\n<td class=\"left\">Gr\u00f6\u00dfentyp<\/td>\n<td>Normalgr\u00f6\u00dfen<\/td>\n<\/tr>\n<tr>\n<td class=\"left\">Composition du mat\u00e9riau<\/td>\n<td>Obermaterial: 95% Baumwolle, 5% Elasthan<\/td>\n<\/tr>\n<tr>\n<td class=\"left\">Materialart<\/td>\n<td>Jersey<\/td>\n<\/tr>\n<tr>\n<td class=\"left\">Materialeigenschaften<\/td>\n<td>elastisch<\/td>\n<\/tr>\n<tr>\n<td class=\"left\">Conseils d'entretien<\/td>\n<td>Lavage en machine<\/td>\n<\/tr>\n<tr>\n<td class=\"left\">Optik<\/td>\n<td>unifarben mit Farbeinsatz<\/td>\n<\/tr>\n<tr>\n<td class=\"left\">Ausschnitt<\/td>\n<td>Rundhals<\/td>\n<\/tr>\n<tr>\n<td class=\"left\">\u00c4rmel<\/td>\n<td>3\/4-\u00c4rmel<\/td>\n<\/tr>\n<tr>\n<td class=\"left\">\u00c4rmelabschluss<\/td>\n<td>abgesteppte Kante<\/td>\n<\/tr>\n<tr>\n<td class=\"left\">Kleidersaum<\/td>\n<td>abgesteppte Kante<\/td>\n<\/tr>\n<tr>\n<td class=\"left\">Coupe<\/td>\n<td>ausgestellt<\/td>\n<\/tr>\n<tr>\n<td class=\"left\">Schnittform L\u00e4nge<\/td>\n<td>kniefrei<\/td>\n<\/tr>\n<tr>\n<td class=\"left\">Couleur<\/td>\n<td>schwarz<\/td>\n<\/tr>\n<tr>\n<td class=\"left\">Applikationen<\/td>\n<td>Glitzerband<\/td>\n<\/tr>\n<tr>\n<td class=\"left\">Besondere Merkmale<\/td>\n<td>mit Glitzerband<\/td>\n<\/tr>\n<\/tbody>\n<\/table>\n<div class=\"spec-holder\">\n<div class=\"row\">\n<div class=\"col-xs-5 spec-name\"><\/div>\n<\/div>\n<\/div>","protected":false},"featured_media":81350,"comment_status":"open","ping_status":"closed","template":"","meta":{"_seopress_robots_primary_cat":"","_seopress_titles_title":"","_seopress_titles_desc":"","_seopress_robots_index":""},"product_brand":[],"product_cat":[1351,1379,1380,1622,1624],"product_tag":[],"class_list":{"0":"post-81238","1":"product","2":"type-product","3":"status-publish","4":"has-post-thumbnail","6":"product_cat-kindermode","7":"product_cat-kleider","8":"product_cat-abendkleider","9":"product_cat-kleider-kindermode","10":"product_cat-shirtkleider","11":"product_shipping_class-standard-versand","13":"first","14":"instock","15":"sale","16":"taxable","17":"shipping-taxable","18":"purchasable","19":"product-type-simple"},"_links":{"self":[{"href":"https:\/\/www.soanam.de\/fr\/wp-json\/wp\/v2\/product\/81238","targetHints":{"allow":["GET"]}}],"collection":[{"href":"https:\/\/www.soanam.de\/fr\/wp-json\/wp\/v2\/product"}],"about":[{"href":"https:\/\/www.soanam.de\/fr\/wp-json\/wp\/v2\/types\/product"}],"replies":[{"embeddable":true,"href":"https:\/\/www.soanam.de\/fr\/wp-json\/wp\/v2\/comments?post=81238"}],"wp:featuredmedia":[{"embeddable":true,"href":"https:\/\/www.soanam.de\/fr\/wp-json\/wp\/v2\/media\/81350"}],"wp:attachment":[{"href":"https:\/\/www.soanam.de\/fr\/wp-json\/wp\/v2\/media?parent=81238"}],"wp:term":[{"taxonomy":"product_brand","embeddable":true,"href":"https:\/\/www.soanam.de\/fr\/wp-json\/wp\/v2\/product_brand?post=81238"},{"taxonomy":"product_cat","embeddable":true,"href":"https:\/\/www.soanam.de\/fr\/wp-json\/wp\/v2\/product_cat?post=81238"},{"taxonomy":"product_tag","embeddable":true,"href":"https:\/\/www.soanam.de\/fr\/wp-json\/wp\/v2\/product_tag?post=81238"}],"curies":[{"name":"wp","href":"https:\/\/api.w.org\/{rel}","templated":true}]}}