{"id":81212,"date":"2023-12-14T01:47:47","date_gmt":"2023-12-14T00:47:47","guid":{"rendered":"https:\/\/www.soanam.de\/?post_type=product&#038;p=81212"},"modified":"2023-12-14T01:56:46","modified_gmt":"2023-12-14T00:56:46","slug":"vila-maxi-robe-milina-bordeaux-taille-36","status":"publish","type":"product","link":"https:\/\/www.soanam.de\/fr\/produkt\/vila-maxikleid-milina-in-weinrot-groesse-36\/","title":{"rendered":"Robe maxi VILA Milina, bordeaux, taille 36"},"content":{"rendered":"<p>Maxikleid von Vila<br \/>\nNeckholder<br \/>\nEncolure ronde<br \/>\nFermeture \u00e0 glissi\u00e8re dans le dos<br \/>\nAmerikanische Schulter<br \/>\nAusgestellter Schnitt<\/p>\n<p>Das taillierte Maxidress Milina von VILA punktet vor Allem durch die Attribute Neckholder, Amerikanische Schulter, Cut-Outs und die eleganten Raffungen.<br \/>\nDas Kleid ist schmal und lang geschnitten.<br \/>\nDer flie\u00dfende weiche Stoff macht es zu einem unwiderstehlichen Ballkleid.<br \/>\nDas Kleid ist gef\u00fcttert.<\/p>\n<p>Mat\u00e9riau : polyester 100%<br \/>\nConseils d'entretien : Lavage en machine<\/p>\n<p>couleur : rouge vin<br \/>\n\u00c9chantillon : sans<br \/>\nTaille : 36<\/p>\n<p>Brustweite: 83cm<br \/>\n\u00c4rmell\u00e4nge: ohne \u00c4rmel<br \/>\nGesamtl\u00e4nge: 148cm<\/p>","protected":false},"excerpt":{"rendered":"<div class=\"spec-holder\">\n<div class=\"row\">\n<div class=\"col-xs-5 spec-name\">\n<table class=\"dv_characteristicsTable\">\n<tbody>\n<tr>\n<td class=\"left\">Taille<\/td>\n<td>36<\/td>\n<\/tr>\n<tr>\n<td class=\"left\">Gr\u00f6\u00dfentyp<\/td>\n<td>Normalgr\u00f6\u00dfen<\/td>\n<\/tr>\n<tr>\n<td class=\"left\">Composition du mat\u00e9riau<\/td>\n<td>Dessus : 100% polyester<\/td>\n<\/tr>\n<tr>\n<td class=\"left\">Materialart<\/td>\n<td>Chiffon<\/td>\n<\/tr>\n<tr>\n<td class=\"left\">Conseils d'entretien<\/td>\n<td>Lavage en machine<\/td>\n<\/tr>\n<tr>\n<td class=\"left\">Optik<\/td>\n<td>flie\u00dfend<\/td>\n<\/tr>\n<tr>\n<td class=\"left\">Stil<\/td>\n<td>elegant<\/td>\n<\/tr>\n<tr>\n<td class=\"left\">Ausschnitt<\/td>\n<td>Encolure ronde<\/td>\n<\/tr>\n<tr>\n<td class=\"left\">\u00c4rmel<\/td>\n<td>\u00e4rmellos<\/td>\n<\/tr>\n<tr>\n<td class=\"left\">Alimentation<\/td>\n<td>ja<\/td>\n<\/tr>\n<tr>\n<td class=\"left\">Coupe<\/td>\n<td>ausgestellt<\/td>\n<\/tr>\n<tr>\n<td class=\"left\">Schnittform L\u00e4nge<\/td>\n<td>lang<\/td>\n<\/tr>\n<tr>\n<td class=\"left\">Couleur<\/td>\n<td>weinrot<\/td>\n<\/tr>\n<tr>\n<td class=\"left\">Besonderheit 1<\/td>\n<td>Cut-Outs<\/td>\n<\/tr>\n<tr>\n<td class=\"left\">Besonderheit 2<\/td>\n<td>Amerikanische Schulter<\/td>\n<\/tr>\n<tr>\n<td class=\"left\">Besonderheit 3<\/td>\n<td>Neckholder<\/td>\n<\/tr>\n<tr>\n<td class=\"left\">Applikationen<\/td>\n<td>Spitze<\/td>\n<\/tr>\n<tr>\n<td class=\"left\">Besondere Merkmale<\/td>\n<td>Raffungen<\/td>\n<\/tr>\n<\/tbody>\n<\/table>\n<\/div>\n<\/div>\n<\/div>","protected":false},"featured_media":81330,"comment_status":"open","ping_status":"closed","template":"","meta":{"_seopress_robots_primary_cat":"","_seopress_titles_title":"","_seopress_titles_desc":"","_seopress_robots_index":""},"product_brand":[],"product_cat":[1348,1379,1380],"product_tag":[],"class_list":{"0":"post-81212","1":"product","2":"type-product","3":"status-publish","4":"has-post-thumbnail","6":"product_cat-damen-mode","7":"product_cat-kleider","8":"product_cat-abendkleider","9":"product_shipping_class-standard-versand","11":"first","12":"instock","13":"sale","14":"taxable","15":"shipping-taxable","16":"purchasable","17":"product-type-simple"},"_links":{"self":[{"href":"https:\/\/www.soanam.de\/fr\/wp-json\/wp\/v2\/product\/81212","targetHints":{"allow":["GET"]}}],"collection":[{"href":"https:\/\/www.soanam.de\/fr\/wp-json\/wp\/v2\/product"}],"about":[{"href":"https:\/\/www.soanam.de\/fr\/wp-json\/wp\/v2\/types\/product"}],"replies":[{"embeddable":true,"href":"https:\/\/www.soanam.de\/fr\/wp-json\/wp\/v2\/comments?post=81212"}],"wp:featuredmedia":[{"embeddable":true,"href":"https:\/\/www.soanam.de\/fr\/wp-json\/wp\/v2\/media\/81330"}],"wp:attachment":[{"href":"https:\/\/www.soanam.de\/fr\/wp-json\/wp\/v2\/media?parent=81212"}],"wp:term":[{"taxonomy":"product_brand","embeddable":true,"href":"https:\/\/www.soanam.de\/fr\/wp-json\/wp\/v2\/product_brand?post=81212"},{"taxonomy":"product_cat","embeddable":true,"href":"https:\/\/www.soanam.de\/fr\/wp-json\/wp\/v2\/product_cat?post=81212"},{"taxonomy":"product_tag","embeddable":true,"href":"https:\/\/www.soanam.de\/fr\/wp-json\/wp\/v2\/product_tag?post=81212"}],"curies":[{"name":"wp","href":"https:\/\/api.w.org\/{rel}","templated":true}]}}