{"id":81194,"date":"2023-12-14T01:47:24","date_gmt":"2023-12-14T00:47:24","guid":{"rendered":"https:\/\/www.soanam.de\/?post_type=product&#038;p=81194"},"modified":"2023-12-14T01:56:31","modified_gmt":"2023-12-14T00:56:31","slug":"bench-robe-sweat-a-capuche-rose-blanc-taille-36-38","status":"publish","type":"product","link":"https:\/\/www.soanam.de\/fr\/produkt\/bench-sweatkleid-mit-kapuze-in-rosa-weiss-groesse-36-38\/","title":{"rendered":"Bench . Robe sweat \u00e0 capuche, rose-blanc, taille 36\/38"},"content":{"rendered":"<p>Sweatdress avec logo imprim\u00e9 de Bench<br \/>\nCapuche avec cordon de serrage imprim\u00e9<br \/>\nManches raglan de couleur contrast\u00e9e<br \/>\nBords c\u00f4tes \u00e0 l'ourlet et aux manches<br \/>\nQualit\u00e9 de coton doux<\/p>\n<p>La robe Bench est fabriqu\u00e9e dans un agr\u00e9able m\u00e9lange de coton et de polyester et sait convaincre par son confort.<br \/>\nEn plus d'une capuche cool avec cordon de serrage, il s\u00e9duit aussi par ses bordures c\u00f4tel\u00e9es \u00e0 l'ourlet et aux manches.<br \/>\nL'impression du logo, sur le c\u00f4t\u00e9 et sur les cordons, est particuli\u00e8rement frappante.<\/p>\n<p>Mati\u00e8re : 60% coton, 40% polyester<br \/>\nConseils d'entretien : Lavage en machine<\/p>\n<p>Couleur : rose-blanc<br \/>\n\u00c9chantillon : sans<br \/>\nTaille : 36\/38<\/p>\n<p>Tour de poitrine : 98cm<br \/>\nLongueur des manches : 68cm<br \/>\nlongueur totale : 86cm<\/p>\n<p>&nbsp;<\/p>\n<p>Il s'agit pour ce nouvel article d'un retour client sans \u00e9tiquette.<\/p>","protected":false},"excerpt":{"rendered":"<div class=\"spec-holder\">\n<div class=\"row\">\n<div class=\"col-xs-5 spec-name\">\n<table class=\"dv_characteristicsTable\">\n<tbody>\n<tr>\n<td class=\"left\">Taille<\/td>\n<td>36\/38<\/td>\n<\/tr>\n<tr>\n<td class=\"left\">Gr\u00f6\u00dfentyp<\/td>\n<td>Normalgr\u00f6\u00dfen<\/td>\n<\/tr>\n<tr>\n<td class=\"left\">Composition du mat\u00e9riau<\/td>\n<td>Obermaterial: 60% Baumwolle, 40% Polyester<\/td>\n<\/tr>\n<tr>\n<td class=\"left\">Materialart<\/td>\n<td>Sweatware<\/td>\n<\/tr>\n<tr>\n<td class=\"left\">Conseils d'entretien<\/td>\n<td>Lavage en machine<\/td>\n<\/tr>\n<tr>\n<td class=\"left\">Optik<\/td>\n<td>multicolore<\/td>\n<\/tr>\n<tr>\n<td class=\"left\">Stil<\/td>\n<td>Basic<\/td>\n<\/tr>\n<tr>\n<td class=\"left\">Ausschnitt<\/td>\n<td>ohne Ausschnitt<\/td>\n<\/tr>\n<tr>\n<td class=\"left\">\u00c4rmel<\/td>\n<td>Manches longues<\/td>\n<\/tr>\n<tr>\n<td class=\"left\">\u00c4rmelabschluss<\/td>\n<td>B\u00fcndchen<\/td>\n<\/tr>\n<tr>\n<td class=\"left\">Coupe<\/td>\n<td>figurbetont<\/td>\n<\/tr>\n<tr>\n<td class=\"left\">Schnittform L\u00e4nge<\/td>\n<td>ca. Mitte Oberschenkel<\/td>\n<\/tr>\n<tr>\n<td class=\"left\">Couleur<\/td>\n<td>wei\u00df-rosa<\/td>\n<\/tr>\n<tr>\n<td class=\"left\">Capuche<\/td>\n<td>mit Kapuze<\/td>\n<\/tr>\n<tr>\n<td class=\"left\">Kapuzendetails<\/td>\n<td>mit Kordelzug<\/td>\n<\/tr>\n<tr>\n<td class=\"left\">Kapuzenf\u00fctterung<\/td>\n<td>farblich passend<\/td>\n<\/tr>\n<tr>\n<td class=\"left\">Applikationen<\/td>\n<td>Logodruck, B\u00e4nder<\/td>\n<\/tr>\n<tr>\n<td class=\"left\">Besondere Merkmale<\/td>\n<td>mit Kapuze und farblich abgesetzten \u00c4rmeln<\/td>\n<\/tr>\n<\/tbody>\n<\/table>\n<\/div>\n<\/div>\n<\/div>","protected":false},"featured_media":81320,"comment_status":"open","ping_status":"closed","template":"","meta":{"_seopress_robots_primary_cat":"","_seopress_titles_title":"","_seopress_titles_desc":"","_seopress_robots_index":""},"product_brand":[],"product_cat":[1348,1379,1594],"product_tag":[],"class_list":{"0":"post-81194","1":"product","2":"type-product","3":"status-publish","4":"has-post-thumbnail","6":"product_cat-damen-mode","7":"product_cat-kleider","8":"product_cat-pulloverkleider","9":"product_shipping_class-standard-versand","11":"first","12":"instock","13":"sale","14":"taxable","15":"shipping-taxable","16":"purchasable","17":"product-type-simple"},"_links":{"self":[{"href":"https:\/\/www.soanam.de\/fr\/wp-json\/wp\/v2\/product\/81194","targetHints":{"allow":["GET"]}}],"collection":[{"href":"https:\/\/www.soanam.de\/fr\/wp-json\/wp\/v2\/product"}],"about":[{"href":"https:\/\/www.soanam.de\/fr\/wp-json\/wp\/v2\/types\/product"}],"replies":[{"embeddable":true,"href":"https:\/\/www.soanam.de\/fr\/wp-json\/wp\/v2\/comments?post=81194"}],"wp:featuredmedia":[{"embeddable":true,"href":"https:\/\/www.soanam.de\/fr\/wp-json\/wp\/v2\/media\/81320"}],"wp:attachment":[{"href":"https:\/\/www.soanam.de\/fr\/wp-json\/wp\/v2\/media?parent=81194"}],"wp:term":[{"taxonomy":"product_brand","embeddable":true,"href":"https:\/\/www.soanam.de\/fr\/wp-json\/wp\/v2\/product_brand?post=81194"},{"taxonomy":"product_cat","embeddable":true,"href":"https:\/\/www.soanam.de\/fr\/wp-json\/wp\/v2\/product_cat?post=81194"},{"taxonomy":"product_tag","embeddable":true,"href":"https:\/\/www.soanam.de\/fr\/wp-json\/wp\/v2\/product_tag?post=81194"}],"curies":[{"name":"wp","href":"https:\/\/api.w.org\/{rel}","templated":true}]}}