{"id":81192,"date":"2023-12-14T01:47:23","date_gmt":"2023-12-14T00:47:23","guid":{"rendered":"https:\/\/www.soanam.de\/?post_type=product&#038;p=81192"},"modified":"2023-12-14T01:49:51","modified_gmt":"2023-12-14T00:49:51","slug":"fahrradkorb-1392-large-18-x-13-x-6-multifit-fahrradtraeger-vorderradmontage-silber","status":"publish","type":"product","link":"https:\/\/www.soanam.de\/fr\/produkt\/fahrradkorb-1392-large-18-x-13-x-6-multifit-fahrradtraeger-vorderradmontage-silber\/","title":{"rendered":"Fahrradkorb 1392 Large - 18 x 13 x 6 \/ Multifit Fahrradtr\u00e4ger Vorderradmontage - Silber"},"content":{"rendered":"<h3>Description<\/h3>\n<p>Pulverbeschichtete oder verzinkte Stahlkonstruktion<\/p>\n<p>Lenkerklemmen passen auf 7\/8 bis 1\" Lenker und bieten 1 3\/4\" Abstand<\/p>\n<p>Die Beine erstrecken sich von 14 bis 22\" vom Boden des Korbs:<\/p>\n<p>* fest<br \/>\n* Stahl<br \/>\n* 18 x 13 x 6\"<br \/>\n* Silber<\/p>","protected":false},"excerpt":{"rendered":"<h3>Caract\u00e9ristiques de l'article<\/h3>\n<p>\u00c9tat de l'article : Nouveau avec \u00e9tiquette : article neuf, non utilis\u00e9 et non port\u00e9 dans son emballage d'origine<\/p>\n<p>Artikel l\u00e4nge: 18.000<br \/>\nArtikel Breite: 13.000<br \/>\nArtikel H\u00f6he: 6.000<\/p>\n<p>Herstellernummer: 1392<\/p>\n<p>Marke: Wald Products<\/p>\n<p>EAN: 0046307139203<\/p>\n<p>UPC: 046307139203<\/p>\n<p>Produktart: Korb<\/p>","protected":false},"featured_media":81308,"comment_status":"open","ping_status":"closed","template":"","meta":{"_seopress_robots_primary_cat":"","_seopress_titles_title":"","_seopress_titles_desc":"","_seopress_robots_index":""},"product_brand":[],"product_cat":[1730],"product_tag":[],"class_list":{"0":"post-81192","1":"product","2":"type-product","3":"status-publish","4":"has-post-thumbnail","6":"product_cat-sonstiges-2","7":"product_shipping_class-standard-versand","9":"first","10":"instock","11":"sale","12":"taxable","13":"shipping-taxable","14":"purchasable","15":"product-type-simple"},"_links":{"self":[{"href":"https:\/\/www.soanam.de\/fr\/wp-json\/wp\/v2\/product\/81192","targetHints":{"allow":["GET"]}}],"collection":[{"href":"https:\/\/www.soanam.de\/fr\/wp-json\/wp\/v2\/product"}],"about":[{"href":"https:\/\/www.soanam.de\/fr\/wp-json\/wp\/v2\/types\/product"}],"replies":[{"embeddable":true,"href":"https:\/\/www.soanam.de\/fr\/wp-json\/wp\/v2\/comments?post=81192"}],"wp:featuredmedia":[{"embeddable":true,"href":"https:\/\/www.soanam.de\/fr\/wp-json\/wp\/v2\/media\/81308"}],"wp:attachment":[{"href":"https:\/\/www.soanam.de\/fr\/wp-json\/wp\/v2\/media?parent=81192"}],"wp:term":[{"taxonomy":"product_brand","embeddable":true,"href":"https:\/\/www.soanam.de\/fr\/wp-json\/wp\/v2\/product_brand?post=81192"},{"taxonomy":"product_cat","embeddable":true,"href":"https:\/\/www.soanam.de\/fr\/wp-json\/wp\/v2\/product_cat?post=81192"},{"taxonomy":"product_tag","embeddable":true,"href":"https:\/\/www.soanam.de\/fr\/wp-json\/wp\/v2\/product_tag?post=81192"}],"curies":[{"name":"wp","href":"https:\/\/api.w.org\/{rel}","templated":true}]}}