{"id":81171,"date":"2023-12-14T01:46:56","date_gmt":"2023-12-14T00:46:56","guid":{"rendered":"https:\/\/www.soanam.de\/?post_type=product&#038;p=81171"},"modified":"2023-12-14T01:49:27","modified_gmt":"2023-12-14T00:49:27","slug":"bouteille-led-avec-motif-parce-que-les-anges-ne-peuvent-pas-etre-partout-il-y-a-des-gens-comme-toi","status":"publish","type":"product","link":"https:\/\/www.soanam.de\/fr\/produkt\/led-flasche-mit-motiv-weil-engel-nicht-ueberall-sein-koennen-gibt-es-menschen-wie-dich\/","title":{"rendered":"Bouteille LED avec motif, Parce que les anges ne peuvent pas \u00eatre partout, il y a des gens comme toi !"},"content":{"rendered":"<h3>Description<\/h3>\n<p><strong>Lampe bouteille LED avec guirlande lumineuse int\u00e9gr\u00e9e et effet hologramme. Imprim\u00e9 avec un motif de WB wohn trends\u00ae.<\/strong><\/p>\n<p>Comme article de d\u00e9coration ou comme cadeau. Cette bouteille \u00e9clair\u00e9e est tout simplement magnifique, m\u00eame lorsqu'elle est \u00e9teinte. Les piles et l'interrupteur sont int\u00e9gr\u00e9s de mani\u00e8re invisible dans le fond de la bouteille. En cas de besoin, il suffit d'allumer l'\u00e9clairage. La bouteille lumineuse a une consommation tr\u00e8s \u00e9conomique, de sorte que les piles usuelles durent longtemps.<\/p>\n<p>La bouteille porte l'inscription suivante : Parce que les anges ne peuvent pas \u00eatre partout, il y a des gens comme toi ! Couleur d'impression : gris<\/p>\n<p>Nous imprimons chaque bouteille LED avec amour sur place. Nos motifs et textes originaux rendent chaque bouteille sp\u00e9ciale. Que ce soit pour vous en tant que d\u00e9coration ou en tant que cadeau. Par exemple, tr\u00e8s beau pour un mariage, l'hiver, l'Avent, un anniversaire, No\u00ebl ou de nombreuses autres occasions. Cadeau de No\u00ebl, cadeau de mariage ou d\u00e9coration de table.<\/p>\n<p>Pour le fonctionnement, 3 piles usuelles de type AAA sont n\u00e9cessaires. Les piles ne sont pas incluses dans la livraison. Les dimensions de la bouteille scintillante sont d'environ 29 cm de hauteur (mesur\u00e9e avec le bouchon) et d'environ 7,5 cm de diam\u00e8tre. Uniquement pour l'int\u00e9rieur.<\/p>\n<p><strong>WB wohn trends<\/strong>\u00ae est une marque d\u00e9pos\u00e9e aupr\u00e8s de l'Office allemand des brevets et des marques (DPMA).<\/p>\n<p>Remarque juridique : les bouteilles \u00e0 LED sont uniquement imprim\u00e9es par WB wohn trends. Les bouteilles LED non imprim\u00e9es proviennent d'un importateur allemand et poss\u00e8dent un marquage et un enregistrement WEEE valable.<\/p>","protected":false},"excerpt":{"rendered":"<h3>Caract\u00e9ristiques de l'article<\/h3>\n<p>\u00c9tat de l'article : Nouveau avec \u00e9tiquette : article neuf, non utilis\u00e9 et non port\u00e9 dans son emballage d'origine<\/p>\n<p>Hersteller : WB wohn trends<br \/>\nFarbe : Grau<br \/>\nBreite : 7,5 cm<br \/>\nH\u00f6he : 29 cm<br \/>\nEAN : 4250550963072<\/p>\n<p>&nbsp;<\/p>\n<p>&nbsp;<\/p>","protected":false},"featured_media":81288,"comment_status":"open","ping_status":"closed","template":"","meta":{"_seopress_robots_primary_cat":"","_seopress_titles_title":"","_seopress_titles_desc":"","_seopress_robots_index":""},"product_brand":[],"product_cat":[1400,1420],"product_tag":[],"class_list":{"0":"post-81171","1":"product","2":"type-product","3":"status-publish","4":"has-post-thumbnail","6":"product_cat-wohnzubehoer","7":"product_cat-wohndekoration","8":"product_shipping_class-standard-versand","10":"first","11":"instock","12":"sale","13":"taxable","14":"shipping-taxable","15":"purchasable","16":"product-type-simple"},"_links":{"self":[{"href":"https:\/\/www.soanam.de\/fr\/wp-json\/wp\/v2\/product\/81171","targetHints":{"allow":["GET"]}}],"collection":[{"href":"https:\/\/www.soanam.de\/fr\/wp-json\/wp\/v2\/product"}],"about":[{"href":"https:\/\/www.soanam.de\/fr\/wp-json\/wp\/v2\/types\/product"}],"replies":[{"embeddable":true,"href":"https:\/\/www.soanam.de\/fr\/wp-json\/wp\/v2\/comments?post=81171"}],"wp:featuredmedia":[{"embeddable":true,"href":"https:\/\/www.soanam.de\/fr\/wp-json\/wp\/v2\/media\/81288"}],"wp:attachment":[{"href":"https:\/\/www.soanam.de\/fr\/wp-json\/wp\/v2\/media?parent=81171"}],"wp:term":[{"taxonomy":"product_brand","embeddable":true,"href":"https:\/\/www.soanam.de\/fr\/wp-json\/wp\/v2\/product_brand?post=81171"},{"taxonomy":"product_cat","embeddable":true,"href":"https:\/\/www.soanam.de\/fr\/wp-json\/wp\/v2\/product_cat?post=81171"},{"taxonomy":"product_tag","embeddable":true,"href":"https:\/\/www.soanam.de\/fr\/wp-json\/wp\/v2\/product_tag?post=81171"}],"curies":[{"name":"wp","href":"https:\/\/api.w.org\/{rel}","templated":true}]}}